{"id":10,"date":"2024-05-08T14:01:39","date_gmt":"2024-05-08T12:01:39","guid":{"rendered":"https:\/\/demo.creativethemes.com\/elementor\/homi\/?page_id=10"},"modified":"2024-10-03T09:28:52","modified_gmt":"2024-10-03T07:28:52","slug":"%cf%80%ce%bf%ce%bb%ce%b9%cf%84%ce%b9%ce%ba%ce%ae-cookies","status":"publish","type":"page","link":"https:\/\/superstrom.gr\/fr\/%cf%80%ce%bf%ce%bb%ce%b9%cf%84%ce%b9%ce%ba%ce%ae-cookies\/","title":{"rendered":"Politique en mati\u00e8re de cookies"},"content":{"rendered":"<p>Les cookies sont de petits fichiers texte utilis\u00e9s par les sites web pour rendre l'exp\u00e9rience de l'utilisateur plus efficace. La loi stipule que nous pouvons stocker des cookies sur votre appareil s'ils sont strictement n\u00e9cessaires au fonctionnement de ce site web. Pour tous les autres types de cookies, nous avons besoin de votre autorisation. Vous pouvez modifier ou retirer votre consentement \u00e0 tout moment en consultant la d\u00e9claration relative aux cookies sur notre site web. Pour en savoir plus sur qui nous sommes, comment vous pouvez nous contacter et comment nous traitons les donn\u00e9es personnelles, consultez notre politique de confidentialit\u00e9. Veuillez indiquer l'identifiant et la date de votre consentement lorsque vous nous contactez \u00e0 ce sujet.<\/p>\n\n\n\n<p>Votre consentement est valable pour le domaine suivant :<a href=\"https:\/\/superstrom.gr\/fr\/\" data-type=\"link\" data-id=\"www.superstrom.gr\">www.superstrom.gr<\/a><\/p>\n\n\n\n<p><strong>Qu'est-ce qu'un biscuit ?;<\/strong><\/p>\n\n\n\n<p>Les cookies sont des informations sous forme de texte de tr\u00e8s petite taille, stock\u00e9es dans le navigateur que vous utilisez sur votre ordinateur, smartphone et tablette (Chrome, Mozilla Firefox, etc.), permettant \u00e0 notre site de fonctionner plus efficacement. Les cookies ne causent en aucun cas de dommages aux ordinateurs des utilisateurs ou aux fichiers qui y sont stock\u00e9s. Les informations stock\u00e9es dans les cookies sont utilis\u00e9es \u00e0 des fins d'identification et d'optimisation.<\/p>\n\n\n\n<h5 class=\"wp-block-heading\"><strong>Pourquoi utilisons-nous des cookies ?;<\/strong><\/h5>\n\n\n\n<p>Nous utilisons des services de tiers pour le bon fonctionnement de notre site web, pour offrir une meilleure exp\u00e9rience \u00e0 l'utilisateur, pour fournir des services et pour collecter des statistiques.<\/p>\n\n\n\n<p>Les fournisseurs tiers peuvent utiliser des cookies ou d'autres technologies de suivi (telles que les balises web, les pixels de suivi, etc.). Nous ne transmettons en aucun cas \u00e0 des tiers des donn\u00e9es personnelles permettant de vous identifier, telles que vos coordonn\u00e9es ou d'autres informations. Toutefois, les fournisseurs tiers peuvent vous identifier gr\u00e2ce \u00e0 des donn\u00e9es suppl\u00e9mentaires que vous leur avez fournies volontairement ou involontairement en utilisant leurs services exclusifs (par exemple Google - Email\/YouTube, Facebook, Twitter, etc.).<\/p>\n\n\n\n<p>La politique en mati\u00e8re de cookies et de technologies de suivi des fournisseurs de services tiers (tels que Facebook, Twitter, Google Analytics, Google Maps, YouTube, etc.) rel\u00e8ve de la seule responsabilit\u00e9 des fournisseurs de services respectifs et vous devez consulter les sites web officiels de ces derniers.<\/p>\n\n\n\n<p>LES SERVICES TIERS DE NOTRE SITE WEB QUI UTILISENT DES COOKIES.<\/p>\n\n\n\n<p>Les services de tiers utilis\u00e9s par notre site Web dans les cat\u00e9gories de cookies respectives sont les suivants :<\/p>\n\n\n\n<p>Google Analytics (statistiques et cookies de performance)<\/p>\n\n\n\n<p>Google Maps (cookies de pr\u00e9f\u00e9rence et fonctionnalit\u00e9s suppl\u00e9mentaires)<\/p>\n\n\n\n<p>Google Ads (cookies publicitaires)<\/p>\n\n\n\n<p>Facebook (cookies de pr\u00e9f\u00e9rence et de fonctionnalit\u00e9 suppl\u00e9mentaire)<\/p>\n\n\n\n<h5 class=\"wp-block-heading\"><strong>Cat\u00e9gories de cookies<\/strong><\/h5>\n\n\n\n<p>Sur www.superstrom.gr, nous utilisons les cat\u00e9gories de cookies suivantes :<\/p>\n\n\n\n<ul class=\"wp-block-list\">\n<li><strong>Cookies n\u00e9cessaires<\/strong>Ils vous permettent d'ex\u00e9cuter les fonctions de base du site web, telles que l'ajout de produits au \u2018panier\u2019, le paiement en ligne et le stockage de produits dans la \u2018liste de souhaits\u2019. Sans ces cookies absolument essentiels, le bon fonctionnement de la boutique en ligne est imm\u00e9diatement affect\u00e9, mais votre exp\u00e9rience de navigation personnelle est \u00e9galement d\u00e9grad\u00e9e car les fonctions de base du commerce \u00e9lectronique sont moins performantes.<\/li>\n\n\n\n<li><strong>Cookies de fonctionnalit\u00e9 :<\/strong>\u00a0Les cookies de fonctionnalit\u00e9 \u00abm\u00e9morisent\u00bb vos pr\u00e9f\u00e9rences lorsque vous naviguez sur notre site web afin que nous puissions vous recommander les bons produits et le contenu n\u00e9cessaire en fonction de vos besoins. Gr\u00e2ce \u00e0 ces cookies, vous b\u00e9n\u00e9ficiez d'une version personnalis\u00e9e du site web de l'Union europ\u00e9enne.\u00a0<strong>www.superstrom.gr<\/strong>\u00a0ce qui facilite grandement la recherche. Les informations sont anonymes.<\/li>\n\n\n\n<li><strong>Cookies de performance :<\/strong>\u00a0Les cookies de performance sont utilis\u00e9s pour comprendre et analyser les indicateurs cl\u00e9s de performance du site web afin d'am\u00e9liorer l'exp\u00e9rience des visiteurs.<\/li>\n\n\n\n<li><strong>Cookies statistiques :<\/strong>\u00a0Les cookies statistiques ou analytiques sont un sous-ensemble des cookies de fonctionnalit\u00e9 et nous permettent d'\u00e9valuer l'efficacit\u00e9 des diff\u00e9rentes fonctionnalit\u00e9s de notre site web afin d'am\u00e9liorer continuellement l'exp\u00e9rience que nous vous offrons.<\/li>\n\n\n\n<li><strong>Cookies de marketing :<\/strong>\u00a0Les cookies de marketing sont utilis\u00e9s pour \u00abservir\u00bb des publicit\u00e9s plus pertinentes pour vous et vos int\u00e9r\u00eats. Ils sont \u00e9galement utilis\u00e9s pour envoyer des publicit\u00e9s cibl\u00e9es afin de r\u00e9duire le nombre de messages publicitaires en vrac, non d\u00e9sir\u00e9s et d\u00e9nu\u00e9s de sens.<\/li>\n<\/ul>\n\n\n\n<h5 class=\"wp-block-heading\"><strong>Gestion, suppression et d\u00e9sactivation des cookies<\/strong><\/h5>\n\n\n\n<p>Pour g\u00e9rer, supprimer ou d\u00e9sactiver les cookies install\u00e9s par votre navigateur web \u00e0 la suite de votre utilisation de notre site web, vous devrez effectuer des r\u00e9glages dans votre navigateur. Cependant, cela peut emp\u00eacher le bon fonctionnement des services offerts par notre site web ou vous risquez de ne pas avoir une exp\u00e9rience utilisateur optimale. Vous pouvez trouver plus d'informations sur la mani\u00e8re de configurer votre navigateur en utilisant le menu d'aide fourni. Voici une liste de guides pour les navigateurs les plus courants :<\/p>\n\n\n\n<ul class=\"wp-block-list\">\n<li>Google Chrome<\/li>\n\n\n\n<li>Mozilla Firefox<\/li>\n\n\n\n<li>Microsoft Edge<\/li>\n\n\n\n<li>Microsoft Internet Explorer<\/li>\n\n\n\n<li>Op\u00e9raVivaldi<\/li>\n\n\n\n<li>Safari pour macOS<\/li>\n\n\n\n<li>Safari pour iOS<\/li>\n<\/ul>","protected":false},"excerpt":{"rendered":"<p>\u03a4\u03b1 cookies \u03b5\u03af\u03bd\u03b1\u03b9 \u03bc\u03b9\u03ba\u03c1\u03ac \u03b1\u03c1\u03c7\u03b5\u03af\u03b1 \u03ba\u03b5\u03b9\u03bc\u03ad\u03bd\u03bf\u03c5 \u03c0\u03bf\u03c5 \u03c7\u03c1\u03b7\u03c3\u03b9\u03bc\u03bf\u03c0\u03bf\u03b9\u03bf\u03cd\u03bd\u03c4\u03b1\u03b9 \u03b1\u03c0\u03cc \u03c4\u03bf\u03c5\u03c2 \u03b4\u03b9\u03ba\u03c4\u03c5\u03b1\u03ba\u03bf\u03cd\u03c2 \u03c4\u03cc\u03c0\u03bf\u03c5\u03c2 \u03b3\u03b9\u03b1 \u03bd\u03b1 \u03ba\u03ac\u03bd\u03bf\u03c5\u03bd \u03c4\u03b7\u03bd \u03b5\u03bc\u03c0\u03b5\u03b9\u03c1\u03af\u03b1 \u03c4\u03bf\u03c5 \u03c7\u03c1\u03ae\u03c3\u03c4\u03b7 \u03c0\u03b9\u03bf \u03b1\u03c0\u03bf\u03c4\u03b5\u03bb\u03b5\u03c3\u03bc\u03b1\u03c4\u03b9\u03ba\u03ae. \u039f \u03bd\u03cc\u03bc\u03bf\u03c2 \u03b1\u03bd\u03b1\u03c6\u03ad\u03c1\u03b5\u03b9 \u03cc\u03c4\u03b9 \u03bc\u03c0\u03bf\u03c1\u03bf\u03cd\u03bc\u03b5 \u03bd\u03b1 \u03b1\u03c0\u03bf\u03b8\u03b7\u03ba\u03b5\u03cd\u03c3\u03bf\u03c5\u03bc\u03b5 \u03c4\u03b1 cookies \u03c3\u03c4\u03b7\u03bd \u03c3\u03c5\u03c3\u03ba\u03b5\u03c5\u03ae \u03c3\u03b1\u03c2, \u03b5\u03c6\u03cc\u03c3\u03bf\u03bd \u03b5\u03af\u03bd\u03b1\u03b9 \u03b1\u03c0\u03bf\u03bb\u03cd\u03c4\u03c9\u03c2 \u03b1\u03bd\u03b1\u03b3\u03ba\u03b1\u03af\u03b1 \u03b3\u03b9\u03b1 \u03c4\u03b7\u03bd \u03bb\u03b5\u03b9\u03c4\u03bf\u03c5\u03c1\u03b3\u03af\u03b1 \u03b1\u03c5\u03c4\u03ae\u03c2 \u03c4\u03b7\u03c2 \u03b9\u03c3\u03c4\u03bf\u03c3\u03b5\u03bb\u03af\u03b4\u03b1\u03c2. \u0393\u03b9\u03b1 \u03cc\u03bb\u03bf\u03c5\u03c2 \u03c4\u03bf\u03c5\u03c2 \u03ac\u03bb\u03bb\u03bf\u03c5\u03c2 \u03c4\u03cd\u03c0\u03bf\u03c5\u03c2 cookies \u03c7\u03c1\u03b5\u03b9\u03b1\u03b6\u03cc\u03bc\u03b1\u03c3\u03c4\u03b5 \u03c4\u03b7\u03bd \u03ac\u03b4\u03b5\u03b9\u03ac \u03c3\u03b1\u03c2. \u039c\u03c0\u03bf\u03c1\u03b5\u03af\u03c4\u03b5 \u03bd\u03b1 [&hellip;]<\/p>\n","protected":false},"author":2,"featured_media":0,"parent":0,"menu_order":0,"comment_status":"closed","ping_status":"closed","template":"","meta":{"_acf_changed":false,"inline_featured_image":false,"footnotes":""},"class_list":["post-10","page","type-page","status-publish","hentry"],"blocksy_meta":[],"acf":[],"meta_box":[],"_links":{"self":[{"href":"https:\/\/superstrom.gr\/fr\/wp-json\/wp\/v2\/pages\/10","targetHints":{"allow":["GET"]}}],"collection":[{"href":"https:\/\/superstrom.gr\/fr\/wp-json\/wp\/v2\/pages"}],"about":[{"href":"https:\/\/superstrom.gr\/fr\/wp-json\/wp\/v2\/types\/page"}],"author":[{"embeddable":true,"href":"https:\/\/superstrom.gr\/fr\/wp-json\/wp\/v2\/users\/2"}],"replies":[{"embeddable":true,"href":"https:\/\/superstrom.gr\/fr\/wp-json\/wp\/v2\/comments?post=10"}],"version-history":[{"count":0,"href":"https:\/\/superstrom.gr\/fr\/wp-json\/wp\/v2\/pages\/10\/revisions"}],"wp:attachment":[{"href":"https:\/\/superstrom.gr\/fr\/wp-json\/wp\/v2\/media?parent=10"}],"curies":[{"name":"wp","href":"https:\/\/api.w.org\/{rel}","templated":true}]}}