{"id":4363,"date":"2024-10-03T09:04:30","date_gmt":"2024-10-03T07:04:30","guid":{"rendered":"https:\/\/superstrom.gr\/?page_id=4363"},"modified":"2025-01-10T09:36:39","modified_gmt":"2025-01-10T07:36:39","slug":"%cf%84%cf%81%cf%8c%cf%80%ce%bf%ce%b9-%cf%80%ce%bb%ce%b7%cf%81%cf%89%ce%bc%ce%ae%cf%82","status":"publish","type":"page","link":"https:\/\/superstrom.gr\/fr\/%cf%84%cf%81%cf%8c%cf%80%ce%bf%ce%b9-%cf%80%ce%bb%ce%b7%cf%81%cf%89%ce%bc%ce%ae%cf%82\/","title":{"rendered":"Modes de paiement"},"content":{"rendered":"<p>Chaque produit indique clairement son prix de vente, qui inclut la TVA applicable.<\/p>\n\n\n\n<p>Notre boutique en ligne <a href=\"https:\/\/superstrom.gr\/fr\/\" target=\"_blank\" rel=\"noreferrer noopener\">superstrom.gr<\/a> , La Commission europ\u00e9enne met \u00e0 votre disposition les modes de paiement suivants, que vous choisissez au moment de passer votre commande.<\/p>\n\n\n\n<p><\/p>\n\n\n\n<ul class=\"wp-block-list\">\n<li><strong><em>D\u00e9p\u00f4t sur un compte bancaire<br><\/em><\/strong>Le paiement de votre commande peut \u00eatre effectu\u00e9 en versant le montant total sur l'un des comptes bancaires suivants :<br><strong>ALPHA BANK Banque<\/strong>: <br><strong>B\u00e9n\u00e9ficiaire :<\/strong> Vatsinas Mattress Commercial, Industrial and Hotel Company Limited Liability Company<br><strong>IBAN: GR4101407750775002320001035<\/strong> <br>Les \u00e9tapes \u00e0 suivre sont les suivantes :<br>1) Lors de la finalisation de votre commande, s\u00e9lectionnez \u201cD\u00e9p\u00f4t sur le compte\u201d comme mode de paiement.\u201d<br>2) D\u00e9poser le montant correspondant \u00e0 la valeur de votre commande sur l'un des comptes bancaires susmentionn\u00e9s, en indiquant le motif du d\u00e9p\u00f4t* : le num\u00e9ro de la commande et votre nom.<strong>&nbsp;S'il y a des co\u00fbts de transaction, ils sont enti\u00e8rement support\u00e9s par le mandant.<\/strong>&nbsp;<em>(*) ATTENTION : En cas de non mention de la raison\/commentaires de d\u00e9p\u00f4t il y a une possibilit\u00e9 de retard de votre commande.<\/em><br>3) Envoyer la preuve ou la confirmation du d\u00e9p\u00f4t par courrier \u00e9lectronique \u00e0 l'adresse suivante&nbsp;<strong><a href=\"mailto:info@superstrom.gr\">info@superstrom.gr<\/a><\/strong><\/li>\n<\/ul>\n\n\n\n<p>L'acompte doit \u00eatre vers\u00e9 au plus tard dans les 2 jours ouvrables suivant la commande. Si le paiement n'est pas effectu\u00e9 dans ce d\u00e9lai, la commande est annul\u00e9e. Les commandes sont trait\u00e9es le jour ouvrable suivant le jour de la r\u00e9alisation de la transaction bancaire.<\/p>\n\n\n\n<ul class=\"wp-block-list\">\n<li><strong><em>Remplacement<\/em><\/strong><\/li>\n<\/ul>\n\n\n\n<p>Si vous avez choisi le paiement \u00e0 la livraison comme mode de paiement, le prix correspondant doit \u00eatre pay\u00e9 \u00e0 la r\u00e9ception du produit par le transporteur de notre choix, avec un co\u00fbt de service suppl\u00e9mentaire de 1,00 euro.<\/p>\n\n\n\n<ul class=\"wp-block-list\">\n<li><strong>Paiement par carte via Nexi payment<\/strong><\/li>\n<\/ul>\n\n\n\n<p>Payer par l'interm\u00e9diaire du <strong>Paiement Nexi<\/strong>, possibilit\u00e9 de paiement par cartes de cr\u00e9dit, de d\u00e9bit et pr\u00e9pay\u00e9es de<\/p>\n\n\n\n<p>Visa, Mastercard, Maestro, Diners, Discover.&nbsp;<\/p>\n\n\n\n<figure class=\"wp-block-image size-full\"><img fetchpriority=\"high\" decoding=\"async\" width=\"600\" height=\"100\" src=\"https:\/\/superstrom.gr\/wp-content\/uploads\/2025\/01\/Horizontal_Banner_transparent_Cards_without-Amex_XPay.png\" alt=\"\" class=\"wp-image-45803\" srcset=\"https:\/\/superstrom.gr\/wp-content\/uploads\/2025\/01\/Horizontal_Banner_transparent_Cards_without-Amex_XPay.png 600w, https:\/\/superstrom.gr\/wp-content\/uploads\/2025\/01\/Horizontal_Banner_transparent_Cards_without-Amex_XPay-300x50.png 300w, https:\/\/superstrom.gr\/wp-content\/uploads\/2025\/01\/Horizontal_Banner_transparent_Cards_without-Amex_XPay-18x3.png 18w\" sizes=\"(max-width: 600px) 100vw, 600px\" \/><\/figure>\n\n\n\n<p><\/p>\n\n\n\n<ul class=\"wp-block-list\">\n<li><strong>Paiement dans le magasin physique<\/strong><\/li>\n<\/ul>\n\n\n\n<p>Paiement en esp\u00e8ces ou par carte \u00e0 la r\u00e9ception du magasin physique<\/p>\n\n\n\n<p><strong>Facture <\/strong>march\u00e9. Pour recevoir une facture lors de votre achat en ligne, vous devez s\u00e9lectionner le champ \u00abFacture\u00bb \u00e0 l'\u00e9tape 2 \u00abD\u00e9tails de la facturation\u00bb.<\/p>\n\n\n\n<p>Vous pouvez vous inscrire \u00e0 notre lettre d'information en saisissant votre adresse \u00e9lectronique pour recevoir des offres exclusives, des nouvelles, etc. et pour passer votre commande, en conservant vos donn\u00e9es \u00e0 chaque fois. Si vous ne souhaitez pas cr\u00e9er de compte, vous pouvez effectuer vos achats en s\u00e9lectionnant le champ \u00abContinuer en tant que visiteur\u00bb et en saisissant toutes les informations n\u00e9cessaires au traitement de votre commande.<\/p>\n\n\n\n<blockquote class=\"wp-block-quote is-layout-flow wp-block-quote-is-layout-flow\">\n<p><\/p>\n<\/blockquote>","protected":false},"excerpt":{"rendered":"<p>\u039a\u03ac\u03b8\u03b5 \u03c0\u03c1\u03bf\u03ca\u03cc\u03bd \u03b1\u03bd\u03b1\u03b3\u03c1\u03ac\u03c6\u03b5\u03b9 \u03b5\u03c5\u03ba\u03c1\u03b9\u03bd\u03ce\u03c2 \u03c4\u03b7\u03bd \u03c4\u03b9\u03bc\u03ae \u03c0\u03ce\u03bb\u03b7\u03c3\u03ae\u03c2 \u03c4\u03bf\u03c5 \u03c3\u03c4\u03b7\u03bd \u03bf\u03c0\u03bf\u03af\u03b1 \u03c3\u03c5\u03bc\u03c0\u03b5\u03c1\u03b9\u03bb\u03b1\u03bc\u03b2\u03ac\u03bd\u03b5\u03c4\u03b1\u03b9 \u03bf \u03b1\u03bd\u03b1\u03bb\u03bf\u03b3\u03bf\u03cd\u03bd \u03a6\u03a0\u0391. \u03a4\u03bf \u03b7\u03bb\u03b5\u03ba\u03c4\u03c1\u03bf\u03bd\u03b9\u03ba\u03cc \u03bc\u03b1\u03c2 \u03ba\u03b1\u03c4\u03ac\u03c3\u03c4\u03b7\u03bc\u03b1 superstrom.gr , \u03c3\u03b1\u03c2 \u03c0\u03b1\u03c1\u03ad\u03c7\u03b5\u03b9 \u03c4\u03bf\u03c5\u03c2 \u03c0\u03b1\u03c1\u03b1\u03ba\u03ac\u03c4\u03c9 \u03c4\u03c1\u03cc\u03c0\u03bf\u03c5\u03c2 \u03c0\u03bb\u03b7\u03c1\u03c9\u03bc\u03ae\u03c2, \u03c4\u03bf\u03c5\u03c2 \u03bf\u03c0\u03bf\u03af\u03bf\u03c5\u03c2 \u03b5\u03c0\u03b9\u03bb\u03ad\u03b3\u03b5\u03c4\u03b5 \u03ba\u03b1\u03c4\u03ac \u03c4\u03b7\u03bd \u03bf\u03bb\u03bf\u03ba\u03bb\u03ae\u03c1\u03c9\u03c3\u03b7 \u03c4\u03b7\u03c2 \u03c0\u03b1\u03c1\u03b1\u03b3\u03b3\u03b5\u03bb\u03af\u03b1\u03c2 \u03c3\u03b1\u03c2. \u0397 \u03ba\u03b1\u03c4\u03ac\u03b8\u03b5\u03c3\u03b7 \u03c0\u03c1\u03ad\u03c0\u03b5\u03b9 \u03bd\u03b1 \u03b3\u03af\u03bd\u03b5\u03b9 \u03c4\u03bf \u03b1\u03c1\u03b3\u03cc\u03c4\u03b5\u03c1\u03bf \u03b5\u03bd\u03c4\u03cc\u03c2 2 \u03b5\u03c1\u03b3\u03ac\u03c3\u03b9\u03bc\u03c9\u03bd \u03b7\u03bc\u03b5\u03c1\u03ce\u03bd \u03b1\u03c0\u03cc \u03c4\u03b7\u03bd \u03c0\u03b1\u03c1\u03b1\u03b3\u03b3\u03b5\u03bb\u03af\u03b1. \u0395\u03c6\u03cc\u03c3\u03bf\u03bd \u03b4\u03b5\u03bd \u03bf\u03bb\u03bf\u03ba\u03bb\u03b7\u03c1\u03c9\u03b8\u03b5\u03af \u03b7 \u03c0\u03bb\u03b7\u03c1\u03c9\u03bc\u03ae \u03bc\u03ad\u03c3\u03b1 [&hellip;]<\/p>\n","protected":false},"author":2,"featured_media":0,"parent":0,"menu_order":0,"comment_status":"closed","ping_status":"closed","template":"","meta":{"_acf_changed":false,"inline_featured_image":false,"footnotes":""},"class_list":["post-4363","page","type-page","status-publish","hentry"],"blocksy_meta":[],"acf":[],"meta_box":[],"_links":{"self":[{"href":"https:\/\/superstrom.gr\/fr\/wp-json\/wp\/v2\/pages\/4363","targetHints":{"allow":["GET"]}}],"collection":[{"href":"https:\/\/superstrom.gr\/fr\/wp-json\/wp\/v2\/pages"}],"about":[{"href":"https:\/\/superstrom.gr\/fr\/wp-json\/wp\/v2\/types\/page"}],"author":[{"embeddable":true,"href":"https:\/\/superstrom.gr\/fr\/wp-json\/wp\/v2\/users\/2"}],"replies":[{"embeddable":true,"href":"https:\/\/superstrom.gr\/fr\/wp-json\/wp\/v2\/comments?post=4363"}],"version-history":[{"count":0,"href":"https:\/\/superstrom.gr\/fr\/wp-json\/wp\/v2\/pages\/4363\/revisions"}],"wp:attachment":[{"href":"https:\/\/superstrom.gr\/fr\/wp-json\/wp\/v2\/media?parent=4363"}],"curies":[{"name":"wp","href":"https:\/\/api.w.org\/{rel}","templated":true}]}}