{"id":4371,"date":"2024-10-04T12:43:52","date_gmt":"2024-10-04T10:43:52","guid":{"rendered":"https:\/\/superstrom.gr\/?page_id=4371"},"modified":"2024-11-06T13:23:49","modified_gmt":"2024-11-06T11:23:49","slug":"%cf%84%cf%81%cf%8c%cf%80%ce%bf%ce%b9-%ce%b1%cf%80%ce%bf%cf%83%cf%84%ce%bf%ce%bb%ce%ae%cf%82","status":"publish","type":"page","link":"https:\/\/superstrom.gr\/fr\/%cf%84%cf%81%cf%8c%cf%80%ce%bf%ce%b9-%ce%b1%cf%80%ce%bf%cf%83%cf%84%ce%bf%ce%bb%ce%ae%cf%82\/","title":{"rendered":"Les moyens de diffusion"},"content":{"rendered":"<p><strong>GRECE<\/strong><\/p>\n\n\n\n<p>Votre commande est cr\u00e9\u00e9e \u00e0 partir de la date de confirmation du paiement. Elle est ensuite produite dans notre usine, emball\u00e9e et exp\u00e9di\u00e9e directement en priorit\u00e9, ce qui acc\u00e9l\u00e8re sa livraison. Le d\u00e9lai de livraison est estim\u00e9 entre 1 et 14 jours ouvrables. Le d\u00e9lai de livraison peut \u00eatre plus long, selon le produit en fonction de la cat\u00e9gorie, de la quantit\u00e9, du poids, etc.<\/p>\n\n\n\n<p>Nos produits sont exp\u00e9di\u00e9s par des soci\u00e9t\u00e9s de messagerie ou par nos propres camions, dans toute la Gr\u00e8ce. Pour les commandes sup\u00e9rieures \u00e0 400 \u20ac, les produits situ\u00e9s dans la ville d'H\u00e9raklion seront exp\u00e9di\u00e9s gratuitement.<\/p>\n\n\n\n<p><em>Le cas \u00e9ch\u00e9ant, 1 \u00e0 3 jours suppl\u00e9mentaires pour les livraisons dans les \u00eeles, les r\u00e9gions \u00e9loign\u00e9es et inaccessibles, car un suppl\u00e9ment sera factur\u00e9 en fonction du co\u00fbt des entreprises de messagerie, selon la r\u00e9gion.<\/em><\/p>\n\n\n\n<p><em><strong>PROC\u00c9DURE DE R\u00c9CEPTION<\/strong><\/em><\/p>\n\n\n\n<p><em>LIVRAISON GRATUITE depuis notre usine d'H\u00e9raklion, en Cr\u00e8te, \u00e0 BIO.PA Tylissos apr\u00e8s consultation et information dans le champ \u00abcommentaires\u00bb lors de la finalisation de la commande.&nbsp;&nbsp;<\/em><\/p>\n\n\n\n<p><em><strong>REMARQUE !<\/strong><\/em><\/p>\n\n\n\n<p><em>Nos produits peuvent arriver en quelques clics \u00e0 la porte de votre maison si vous \u00eates au rez-de-chauss\u00e9e. En fonction du poids et dans de nombreux cas, notre entreprise et nos services de transport ne permettent pas de placer les produits \u00e0 l'\u00e9tage. La livraison des commandes s'effectue alors \u00e0 l'entr\u00e9e de l'immeuble.<\/em><\/p>","protected":false},"excerpt":{"rendered":"<p>\u0395\u039b\u039b\u0391\u0394\u0391 \u0397 \u03c0\u03b1\u03c1\u03b1\u03b3\u03b3\u03b5\u03bb\u03af\u03b1 \u03c3\u03b1\u03c2 \u03b4\u03b7\u03bc\u03b9\u03bf\u03c5\u03c1\u03b3\u03b5\u03af\u03c4\u03b1\u03b9 \u03b1\u03c0\u03cc \u03c4\u03b7\u03bd \u03b7\u03bc\u03b5\u03c1\u03bf\u03bc\u03b7\u03bd\u03af\u03b1 \u03b5\u03c0\u03b9\u03b2\u03b5\u03b2\u03b1\u03af\u03c9\u03c3\u03b7\u03c2 \u03c4\u03b7\u03c2 \u03c0\u03bb\u03b7\u03c1\u03c9\u03bc\u03ae\u03c2. \u0388\u03c0\u03b5\u03b9\u03c4\u03b1 \u03c0\u03b1\u03c1\u03ac\u03b3\u03b5\u03c4\u03b1\u03b9 \u03c3\u03c4\u03bf \u03b5\u03c1\u03b3\u03bf\u03c3\u03c4\u03ac\u03c3\u03b9\u03cc \u03bc\u03b1\u03c2, \u03c3\u03c5\u03c3\u03ba\u03b5\u03c5\u03ac\u03b6\u03b5\u03c4\u03b1\u03b9 \u03ba\u03b1\u03b9 \u03b1\u03c0\u03bf\u03c3\u03c4\u03ad\u03bb\u03bb\u03b5\u03c4\u03b1\u03b9 \u03ac\u03bc\u03b5\u03c3\u03b1 \u03ba\u03b1\u03c4\u03ac \u03c0\u03c1\u03bf\u03c4\u03b5\u03c1\u03b1\u03b9\u03cc\u03c4\u03b7\u03c4\u03b1, \u03b5\u03c0\u03b9\u03c4\u03b1\u03c7\u03cd\u03bd\u03bf\u03bd\u03c4\u03b1\u03c2 \u03ad\u03c4\u03c3\u03b9 \u03c4\u03b7\u03bd \u03c0\u03b1\u03c1\u03ac\u03b4\u03bf\u03c3\u03ae \u03c4\u03b7\u03c2. \u0395\u03ba\u03c4\u03b9\u03bc\u03ce\u03bc\u03b5\u03bd\u03bf\u03c2 \u03c7\u03c1\u03cc\u03bd\u03bf\u03c2 \u03c0\u03b1\u03c1\u03ac\u03b4\u03bf\u03c3\u03b7\u03c2 1-14 \u03b5\u03c1\u03b3\u03ac\u03c3\u03b9\u03bc\u03b5\u03c2 \u03b7\u03bc\u03ad\u03c1\u03b5\u03c2. \u039f \u03c7\u03c1\u03cc\u03bd\u03bf\u03c2 \u03c0\u03b1\u03c1\u03ac\u03b4\u03bf\u03c3\u03b7\u03c2 \u03bc\u03c0\u03bf\u03c1\u03b5\u03af \u03bd\u03b1 \u03b5\u03af\u03bd\u03b1\u03b9 \u03bc\u03b5\u03b3\u03b1\u03bb\u03cd\u03c4\u03b5\u03c1\u03bf\u03c2, \u03b1\u03bd\u03ac\u03bb\u03bf\u03b3\u03b1 \u03bc\u03b5 \u03c4\u03bf \u03c0\u03c1\u03bf\u03ca\u03cc\u03bd \u03c3\u03cd\u03bc\u03c6\u03c9\u03bd\u03b1 \u03bc\u03b5 \u03c4\u03b7\u03bd \u03ba\u03b1\u03c4\u03b7\u03b3\u03bf\u03c1\u03af\u03b1, \u03c4\u03b7\u03bd \u03c0\u03bf\u03c3\u03cc\u03c4\u03b7\u03c4\u03b1, \u03c4\u03bf \u03b2\u03ac\u03c1\u03bf\u03c2 \u03ba.\u03b1. \u03a4\u03b1 \u03c0\u03c1\u03bf\u03ca\u03cc\u03bd\u03c4\u03b1 [&hellip;]<\/p>\n","protected":false},"author":2,"featured_media":0,"parent":0,"menu_order":0,"comment_status":"closed","ping_status":"closed","template":"","meta":{"_acf_changed":false,"inline_featured_image":false,"footnotes":""},"class_list":["post-4371","page","type-page","status-publish","hentry"],"blocksy_meta":[],"acf":[],"meta_box":[],"_links":{"self":[{"href":"https:\/\/superstrom.gr\/fr\/wp-json\/wp\/v2\/pages\/4371","targetHints":{"allow":["GET"]}}],"collection":[{"href":"https:\/\/superstrom.gr\/fr\/wp-json\/wp\/v2\/pages"}],"about":[{"href":"https:\/\/superstrom.gr\/fr\/wp-json\/wp\/v2\/types\/page"}],"author":[{"embeddable":true,"href":"https:\/\/superstrom.gr\/fr\/wp-json\/wp\/v2\/users\/2"}],"replies":[{"embeddable":true,"href":"https:\/\/superstrom.gr\/fr\/wp-json\/wp\/v2\/comments?post=4371"}],"version-history":[{"count":0,"href":"https:\/\/superstrom.gr\/fr\/wp-json\/wp\/v2\/pages\/4371\/revisions"}],"wp:attachment":[{"href":"https:\/\/superstrom.gr\/fr\/wp-json\/wp\/v2\/media?parent=4371"}],"curies":[{"name":"wp","href":"https:\/\/api.w.org\/{rel}","templated":true}]}}