{"id":4395,"date":"2024-10-31T13:03:34","date_gmt":"2024-10-31T11:03:34","guid":{"rendered":"https:\/\/superstrom.gr\/?page_id=4395"},"modified":"2026-04-23T10:47:56","modified_gmt":"2026-04-23T08:47:56","slug":"%ce%b7-%ce%b5%cf%84%ce%b1%ce%b9%cf%81%ce%b5%ce%af%ce%b1-%ce%bc%ce%b1%cf%82","status":"publish","type":"page","link":"https:\/\/superstrom.gr\/fr\/%ce%b7-%ce%b5%cf%84%ce%b1%ce%b9%cf%81%ce%b5%ce%af%ce%b1-%ce%bc%ce%b1%cf%82\/","title":{"rendered":"Notre entreprise"},"content":{"rendered":"<div data-elementor-type=\"wp-page\" data-elementor-id=\"4395\" class=\"elementor elementor-4395\" data-elementor-post-type=\"page\">\n\t\t\t\t<div class=\"elementor-element elementor-element-6213666 e-flex e-con-boxed e-con e-parent\" data-id=\"6213666\" data-element_type=\"container\" data-e-type=\"container\">\n\t\t\t\t\t<div class=\"e-con-inner\">\n\t\t\t\t<div class=\"elementor-element elementor-element-97d5e41 elementor--h-position-center elementor--v-position-middle elementor-arrows-position-inside elementor-pagination-position-inside elementor-widget elementor-widget-slides\" data-id=\"97d5e41\" data-element_type=\"widget\" data-e-type=\"widget\" data-settings=\"{&quot;navigation&quot;:&quot;both&quot;,&quot;autoplay&quot;:&quot;yes&quot;,&quot;pause_on_hover&quot;:&quot;yes&quot;,&quot;pause_on_interaction&quot;:&quot;yes&quot;,&quot;autoplay_speed&quot;:5000,&quot;infinite&quot;:&quot;yes&quot;,&quot;transition&quot;:&quot;slide&quot;,&quot;transition_speed&quot;:500}\" data-widget_type=\"slides.default\">\n\t\t\t\t<div class=\"elementor-widget-container\">\n\t\t\t\t\t\t\t\t\t<div class=\"elementor-swiper\">\n\t\t\t\t\t<div class=\"elementor-slides-wrapper elementor-main-swiper swiper\" role=\"region\" aria-roledescription=\"carousel\" aria-label=\"Diapositives\" dir=\"ltr\" data-animation=\"fadeInUp\">\n\t\t\t\t<div class=\"swiper-wrapper elementor-slides\">\n\t\t\t\t\t\t\t\t\t\t<div class=\"elementor-repeater-item-a83b25f swiper-slide\" role=\"group\" aria-roledescription=\"slide\"><div class=\"swiper-slide-bg\" role=\"img\" aria-label=\"supercurrent-ergostasio-banner-1\"><\/div><div class=\"swiper-slide-inner\" ><div class=\"swiper-slide-contents\"><\/div><\/div><\/div><div class=\"elementor-repeater-item-e856680 swiper-slide\" role=\"group\" aria-roledescription=\"slide\"><div class=\"swiper-slide-bg\" role=\"img\" aria-label=\"super courant\"><\/div><div class=\"swiper-slide-inner\" ><div class=\"swiper-slide-contents\"><\/div><\/div><\/div>\t\t\t\t<\/div>\n\t\t\t\t\t\t\t\t\t\t\t\t\t\t\t<div class=\"elementor-swiper-button elementor-swiper-button-prev\" role=\"button\" tabindex=\"0\" aria-label=\"Diapositive pr\u00e9c\u00e9dente\">\n\t\t\t\t\t\t\t<svg aria-hidden=\"true\" class=\"e-font-icon-svg e-eicon-chevron-left\" viewbox=\"0 0 1000 1000\" xmlns=\"http:\/\/www.w3.org\/2000\/svg\"><path d=\"M646 125C629 125 613 133 604 142L308 442C296 454 292 471 292 487 292 504 296 521 308 533L604 854C617 867 629 875 646 875 663 875 679 871 692 858 704 846 713 829 713 812 713 796 708 779 692 767L438 487 692 225C700 217 708 204 708 187 708 171 704 154 692 142 675 129 663 125 646 125Z\"><\/path><\/svg>\t\t\t\t\t\t<\/div>\n\t\t\t\t\t\t<div class=\"elementor-swiper-button elementor-swiper-button-next\" role=\"button\" tabindex=\"0\" aria-label=\"Diapositive suivante\">\n\t\t\t\t\t\t\t<svg aria-hidden=\"true\" class=\"e-font-icon-svg e-eicon-chevron-right\" viewbox=\"0 0 1000 1000\" xmlns=\"http:\/\/www.w3.org\/2000\/svg\"><path d=\"M696 533C708 521 713 504 713 487 713 471 708 454 696 446L400 146C388 133 375 125 354 125 338 125 325 129 313 142 300 154 292 171 292 187 292 204 296 221 308 233L563 492 304 771C292 783 288 800 288 817 288 833 296 850 308 863 321 871 338 875 354 875 371 875 388 867 400 854L696 533Z\"><\/path><\/svg>\t\t\t\t\t\t<\/div>\n\t\t\t\t\t\t\t\t\t\t\t\t\t\t\t\t<div class=\"swiper-pagination\"><\/div>\n\t\t\t\t\t\t\t\t\t\t\t\t<\/div>\n\t\t\t\t<\/div>\n\t\t\t\t\t\t\t\t<\/div>\n\t\t\t\t<\/div>\n\t\t\t\t\t<\/div>\n\t\t\t\t<\/div>\n\t\t<div class=\"elementor-element elementor-element-d88cfb5 e-flex e-con-boxed e-con e-parent\" data-id=\"d88cfb5\" data-element_type=\"container\" data-e-type=\"container\">\n\t\t\t\t\t<div class=\"e-con-inner\">\n\t\t\t\t<div class=\"elementor-element elementor-element-3f8a93c elementor-widget elementor-widget-heading\" data-id=\"3f8a93c\" data-element_type=\"widget\" data-e-type=\"widget\" data-widget_type=\"heading.default\">\n\t\t\t\t<div class=\"elementor-widget-container\">\n\t\t\t\t\t<h2 class=\"elementor-heading-title elementor-size-default\">GROUPE D'ENTREPRISES VATSINA<\/h2>\t\t\t\t<\/div>\n\t\t\t\t<\/div>\n\t\t\t\t\t<\/div>\n\t\t\t\t<\/div>\n\t\t<div class=\"elementor-element elementor-element-962bf01 e-flex e-con-boxed e-con e-parent\" data-id=\"962bf01\" data-element_type=\"container\" data-e-type=\"container\">\n\t\t\t\t\t<div class=\"e-con-inner\">\n\t\t\t\t<div class=\"elementor-element elementor-element-5518d77 elementor-widget elementor-widget-text-editor\" data-id=\"5518d77\" data-element_type=\"widget\" data-e-type=\"widget\" data-widget_type=\"text-editor.default\">\n\t\t\t\t<div class=\"elementor-widget-container\">\n\t\t\t\t\t\t\t\t\t<p>Depuis 1978, notre groupe se consacre \u00e0 la production de syst\u00e8mes de couchage \u00e9cologiques, respectueux de l'homme et de l'environnement.<br \/><br \/><\/p><p>Aujourd'hui, notre ligne de production est install\u00e9e sur 6 000 m\u00b2 dans le parc industriel de Tylissos \u00e0 H\u00e9raklion, en Cr\u00e8te.<br \/><br \/><\/p><p>Les mati\u00e8res premi\u00e8res utilis\u00e9es sont enti\u00e8rement naturelles : caoutchouc naturel (LATEX), fibre de coco, coton, laine, bois.<br \/><br \/><\/p><p>Les ressources humaines, en constante augmentation, sont syst\u00e9matiquement form\u00e9es aux machines les plus modernes dont dispose notre entreprise afin de pouvoir offrir des produits de qualit\u00e9 qui, combin\u00e9s \u00e0 leur faible co\u00fbt, en font l'un des plus comp\u00e9titifs du march\u00e9 grec.<br \/><br \/><\/p><p>Le d\u00e9partement commercial de notre soci\u00e9t\u00e9 est en mesure de r\u00e9pondre \u00e0 tous les besoins vestimentaires des unit\u00e9s h\u00f4teli\u00e8res, m\u00eame avec des produits de marque. Notre pr\u00e9sence continue dans les expositions nous donne l'occasion de promouvoir nos produits de qualit\u00e9.<br \/><br \/><br \/>Nous avons des repr\u00e9sentants dans toutes les grandes villes de Gr\u00e8ce qui contribuent au d\u00e9veloppement de l'entreprise.<\/p>\t\t\t\t\t\t\t\t<\/div>\n\t\t\t\t<\/div>\n\t\t<div class=\"elementor-element elementor-element-75d48b8 e-con-full e-flex e-con e-child\" data-id=\"75d48b8\" data-element_type=\"container\" data-e-type=\"container\">\n\t\t\t\t<div class=\"elementor-element elementor-element-20c1544 elementor-widget elementor-widget-heading\" data-id=\"20c1544\" data-element_type=\"widget\" data-e-type=\"widget\" data-widget_type=\"heading.default\">\n\t\t\t\t<div class=\"elementor-widget-container\">\n\t\t\t\t\t<h2 class=\"elementor-heading-title elementor-size-default\">GROUPE D'ENTREPRISES VATSINAS<\/h2>\t\t\t\t<\/div>\n\t\t\t\t<\/div>\n\t\t\t\t<\/div>\n\t\t\t\t\t<\/div>\n\t\t\t\t<\/div>\n\t\t<div class=\"elementor-element elementor-element-9238b54 e-flex e-con-boxed e-con e-parent\" data-id=\"9238b54\" data-element_type=\"container\" data-e-type=\"container\">\n\t\t\t\t\t<div class=\"e-con-inner\">\n\t\t\t\t<div class=\"elementor-element elementor-element-1b350dc elementor-widget elementor-widget-text-editor\" data-id=\"1b350dc\" data-element_type=\"widget\" data-e-type=\"widget\" data-widget_type=\"text-editor.default\">\n\t\t\t\t<div class=\"elementor-widget-container\">\n\t\t\t\t\t\t\t\t\t<div class=\"page\" title=\"Page 2\"><div class=\"section\"><div class=\"layoutArea\"><div class=\"column\"><p>Our group belongs in the industry of manufacturing ecological sleep friendly productions for people since 1978. Today, our production line is located in a 6.000 square metered factory in the industrial area of Tylissos, Heraklion, Crete. <br \/><br \/>The first materials used are completely natural: coconut palm, cotton, wool and wood.<\/p><p>The continued growth in our staff\u2019s potential works systematically with the latest technology in the field that allows us to offer the best quality products at low costs that are unmatchable in the competitive Greek market. Our company possesses its own transporting means.<br \/><br \/>The commercial section of our company has the power to obtain all the needed outfits for hotel units, including the premier brand name firms.<\/p><p>Our continued presence in shows gives us the power to display our high quality products. Representatives are located in all of the major cities in Greece where they monitor the development of the company.<\/p><\/div><\/div><\/div><\/div>\t\t\t\t\t\t\t\t<\/div>\n\t\t\t\t<\/div>\n\t\t<div class=\"elementor-element elementor-element-98910d2 e-con-full e-flex e-con e-child\" data-id=\"98910d2\" data-element_type=\"container\" data-e-type=\"container\">\n\t\t\t\t<div class=\"elementor-element elementor-element-4ed9a12 elementor-widget elementor-widget-heading\" data-id=\"4ed9a12\" data-element_type=\"widget\" data-e-type=\"widget\" data-widget_type=\"heading.default\">\n\t\t\t\t<div class=\"elementor-widget-container\">\n\t\t\t\t\t<h2 class=\"elementor-heading-title elementor-size-default\">Prix - Certifications<\/h2>\t\t\t\t<\/div>\n\t\t\t\t<\/div>\n\t\t\t\t<\/div>\n\t\t\t\t\t<\/div>\n\t\t\t\t<\/div>\n\t\t<div class=\"elementor-element elementor-element-100f390 e-flex e-con-boxed e-con e-parent\" data-id=\"100f390\" data-element_type=\"container\" data-e-type=\"container\">\n\t\t\t\t\t<div class=\"e-con-inner\">\n\t\t\t\t<div class=\"elementor-element elementor-element-78ea22f elementor-widget elementor-widget-image\" data-id=\"78ea22f\" data-element_type=\"widget\" data-e-type=\"widget\" data-widget_type=\"image.default\">\n\t\t\t\t<div class=\"elementor-widget-container\">\n\t\t\t\t\t\t\t\t\t\t\t\t\t\t\t<img fetchpriority=\"high\" decoding=\"async\" width=\"1024\" height=\"491\" src=\"https:\/\/superstrom.gr\/wp-content\/uploads\/2025\/06\/superstrom-pistopoihseis-1024x491.jpg\" class=\"attachment-large size-large wp-image-46604\" alt=\"\" srcset=\"https:\/\/superstrom.gr\/wp-content\/uploads\/2025\/06\/superstrom-pistopoihseis-1024x491.jpg.webp 1024w, https:\/\/superstrom.gr\/wp-content\/uploads\/2025\/06\/superstrom-pistopoihseis-300x144.jpg.webp 300w, https:\/\/superstrom.gr\/wp-content\/uploads\/2025\/06\/superstrom-pistopoihseis-768x368.jpg.webp 768w, https:\/\/superstrom.gr\/wp-content\/uploads\/2025\/06\/superstrom-pistopoihseis-1536x736.jpg.webp 1536w, https:\/\/superstrom.gr\/wp-content\/uploads\/2025\/06\/superstrom-pistopoihseis-2048x981.jpg.webp 2048w, https:\/\/superstrom.gr\/wp-content\/uploads\/2025\/06\/superstrom-pistopoihseis-18x9.jpg.webp 18w, https:\/\/superstrom.gr\/wp-content\/uploads\/2025\/06\/superstrom-pistopoihseis-600x288.jpg.webp 600w, https:\/\/superstrom.gr\/wp-content\/uploads\/2025\/06\/superstrom-pistopoihseis-1000x479.jpg.webp 1000w\" sizes=\"(max-width: 1024px) 100vw, 1024px\" \/>\t\t\t\t\t\t\t\t\t\t\t\t\t\t\t<\/div>\n\t\t\t\t<\/div>\n\t\t\t\t\t<\/div>\n\t\t\t\t<\/div>\n\t\t\t\t<\/div>","protected":false},"excerpt":{"rendered":"<p>\u039f\u039c\u0399\u039b\u039f\u03a3 \u0395\u03a4\u0391\u0399\u03a1\u0399\u03a9\u039d \u0392\u0391\u03a4\u03a3\u0399\u039d\u0391 \u039f \u038c\u03bc\u03b9\u03bb\u03bf\u03c2 \u03bc\u03b1\u03c2 \u03b1\u03bd\u03ae\u03ba\u03b5\u03b9 \u03c3\u03c4\u03bf \u03c7\u03ce\u03c1\u03bf \u03c0\u03b1\u03c1\u03b1\u03b3\u03c9\u03b3\u03ae\u03c2 \u03bf\u03b9\u03ba\u03bf\u03bb\u03bf\u03b3\u03b9\u03ba\u03ce\u03bd \u03c3\u03c5\u03c3\u03c4\u03b7\u03bc\u03ac\u03c4\u03c9\u03bd \u03cd\u03c0\u03bd\u03bf\u03c5 \u03c6\u03b9\u03bb\u03b9\u03ba\u03ce\u03bd \u03c0\u03c1\u03bf\u03c2 \u03c4\u03bf\u03bd \u03ac\u03bd\u03b8\u03c1\u03c9\u03c0\u03bf \u03ba\u03b1\u03b9 \u03c4\u03bf \u03c0\u03b5\u03c1\u03b9\u03b2\u03ac\u03bb\u03bb\u03bf\u03bd \u03b1\u03c0\u03cc \u03c4\u03bf 1978. \u03a3\u03ae\u03bc\u03b5\u03c1\u03b1 \u03b7 \u03b3\u03c1\u03b1\u03bc\u03bc\u03ae \u03c0\u03b1\u03c1\u03b1\u03b3\u03c9\u03b3\u03ae\u03c2 \u03bc\u03b1\u03c2 \u03c3\u03c4\u03b5\u03b3\u03ac\u03b6\u03b5\u03c4\u03b1\u03b9 \u03c3\u03b5 6.000 \u03c4.\u03bc. \u03c3\u03c4\u03bf \u03b2\u03b9\u03bf\u03bc\u03b7\u03c7\u03b1\u03bd\u03b9\u03ba\u03cc \u03c0\u03ac\u03c1\u03ba\u03bf \u03a4\u03c5\u03bb\u03af\u03c3\u03bf\u03c5 \u03c3\u03c4\u03bf \u0397\u03c1\u03ac\u03ba\u03bb\u03b5\u03b9\u03bf \u039a\u03c1\u03ae\u03c4\u03b7\u03c2. \u039f\u03b9 \u03c0\u03c1\u03ce\u03c4\u03b5\u03c2 \u03cd\u03bb\u03b5\u03c2 \u03c0\u03bf\u03c5 \u03c7\u03c1\u03b7\u03c3\u03b9\u03bc\u03bf\u03c0\u03bf\u03b9\u03bf\u03cd\u03bd\u03c4\u03b1\u03b9 \u03b5\u03af\u03bd\u03b1\u03b9 \u03b1\u03c0\u03bf\u03bb\u03cd\u03c4\u03c9\u03c2 \u03c6\u03c5\u03c3\u03b9\u03ba\u03ad\u03c2 \u03cc\u03c0\u03c9\u03c2: \u03c6\u03c5\u03c3\u03b9\u03ba\u03cc \u03ba\u03b1\u03bf\u03c5\u03c4\u03c3\u03bf\u03cd\u03ba (LATEX), \u03ba\u03bf\u03ba\u03bf\u03c6\u03bf\u03af\u03bd\u03b9\u03ba\u03b1\u03c2, \u03b2\u03b1\u03bc\u03b2\u03ac\u03ba\u03b9, \u03bc\u03b1\u03bb\u03bb\u03af, \u03be\u03cd\u03bb\u03bf. [&hellip;]<\/p>\n","protected":false},"author":2,"featured_media":0,"parent":0,"menu_order":0,"comment_status":"closed","ping_status":"closed","template":"","meta":{"_acf_changed":false,"inline_featured_image":false,"footnotes":""},"class_list":["post-4395","page","type-page","status-publish","hentry"],"blocksy_meta":{"styles_descriptor":{"styles":{"desktop":"","tablet":"","mobile":""},"google_fonts":[],"version":6}},"acf":[],"meta_box":[],"_links":{"self":[{"href":"https:\/\/superstrom.gr\/fr\/wp-json\/wp\/v2\/pages\/4395","targetHints":{"allow":["GET"]}}],"collection":[{"href":"https:\/\/superstrom.gr\/fr\/wp-json\/wp\/v2\/pages"}],"about":[{"href":"https:\/\/superstrom.gr\/fr\/wp-json\/wp\/v2\/types\/page"}],"author":[{"embeddable":true,"href":"https:\/\/superstrom.gr\/fr\/wp-json\/wp\/v2\/users\/2"}],"replies":[{"embeddable":true,"href":"https:\/\/superstrom.gr\/fr\/wp-json\/wp\/v2\/comments?post=4395"}],"version-history":[{"count":3,"href":"https:\/\/superstrom.gr\/fr\/wp-json\/wp\/v2\/pages\/4395\/revisions"}],"predecessor-version":[{"id":62443,"href":"https:\/\/superstrom.gr\/fr\/wp-json\/wp\/v2\/pages\/4395\/revisions\/62443"}],"wp:attachment":[{"href":"https:\/\/superstrom.gr\/fr\/wp-json\/wp\/v2\/media?parent=4395"}],"curies":[{"name":"wp","href":"https:\/\/api.w.org\/{rel}","templated":true}]}}