{"id":46472,"date":"2025-06-19T16:12:53","date_gmt":"2025-06-19T14:12:53","guid":{"rendered":"https:\/\/superstrom.gr\/?page_id=46472"},"modified":"2025-06-20T20:39:32","modified_gmt":"2025-06-20T18:39:32","slug":"hotels","status":"publish","type":"page","link":"https:\/\/superstrom.gr\/fr\/hotels\/","title":{"rendered":"Equipement de l'h\u00f4tel"},"content":{"rendered":"<div data-elementor-type=\"wp-page\" data-elementor-id=\"46472\" class=\"elementor elementor-46472\" data-elementor-post-type=\"page\">\n\t\t\t\t<div class=\"elementor-element elementor-element-1275c406 e-con-full e-flex e-con e-parent\" data-id=\"1275c406\" data-element_type=\"container\" data-e-type=\"container\" data-settings=\"{&quot;background_background&quot;:&quot;classic&quot;}\">\n\t\t<div class=\"elementor-element elementor-element-6004dd0c e-con-full e-flex e-con e-child\" data-id=\"6004dd0c\" data-element_type=\"container\" data-e-type=\"container\" data-settings=\"{&quot;background_background&quot;:&quot;classic&quot;}\">\n\t\t\t\t<div class=\"elementor-element elementor-element-1676b456 animated-slow elementor-invisible elementor-widget elementor-widget-heading\" data-id=\"1676b456\" data-element_type=\"widget\" data-e-type=\"widget\" data-settings=\"{&quot;_animation&quot;:&quot;slideInUp&quot;}\" data-widget_type=\"heading.default\">\n\t\t\t\t<div class=\"elementor-widget-container\">\n\t\t\t\t\t<h2 class=\"elementor-heading-title elementor-size-default\">Equipement de l'h\u00f4tel<\/h2>\t\t\t\t<\/div>\n\t\t\t\t<\/div>\n\t\t\t\t<\/div>\n\t\t<div class=\"elementor-element elementor-element-3bee3548 e-con-full e-flex e-con e-child\" data-id=\"3bee3548\" data-element_type=\"container\" data-e-type=\"container\">\n\t\t<div class=\"elementor-element elementor-element-37a44445 e-con-full e-flex e-con e-child\" data-id=\"37a44445\" data-element_type=\"container\" data-e-type=\"container\">\n\t\t\t\t<div class=\"elementor-element elementor-element-ef2ed43 elementor-widget elementor-widget-text-editor\" data-id=\"ef2ed43\" data-element_type=\"widget\" data-e-type=\"widget\" data-widget_type=\"text-editor.default\">\n\t\t\t\t<div class=\"elementor-widget-container\">\n\t\t\t\t\t\t\t\t\t<p dir=\"auto\">Nous savons que pour tout h\u00e9bergement, la qualit\u00e9 du sommeil est l'\u00e9toile la plus forte dans les commentaires. C'est pourquoi Super Strom Vatsinas propose des matelas qui allient confort, soutien et durabilit\u00e9, id\u00e9aux pour les h\u00f4tels, les auberges de jeunesse et Airbnb.\u00a0<\/p><div><div><p>En combinant qualit\u00e9, ergonomie et durabilit\u00e9, nos produits garantissent une exp\u00e9rience de sommeil de qualit\u00e9 sup\u00e9rieure \u00e0 vos invit\u00e9s et une valeur ajout\u00e9e \u00e0 votre entreprise.<\/p><\/div><\/div><p dir=\"auto\">Et parce que l'exp\u00e9rience du sommeil ne s'arr\u00eate pas au matelas, nous proposons \u00e9galement des lits et une gamme compl\u00e8te de linge de maison et d'h\u00f4tellerie : draps, oreillers, couettes, serviettes de toilette, prot\u00e8ge-matelas et autres articles professionnels qui am\u00e9liorent le confort et l'image de votre espace.<\/p><p dir=\"auto\">Nous soutenons chaque partenariat par un service personnalis\u00e9 et des solutions flexibles, afin que vos invit\u00e9s repartent enthousiastes... et reviennent !<\/p>\t\t\t\t\t\t\t\t<\/div>\n\t\t\t\t<\/div>\n\t\t\t\t<div class=\"elementor-element elementor-element-f7b26fa e-transform elementor-widget elementor-widget-button\" data-id=\"f7b26fa\" data-element_type=\"widget\" data-e-type=\"widget\" data-settings=\"{&quot;_transform_scale_effect_hover&quot;:{&quot;unit&quot;:&quot;px&quot;,&quot;size&quot;:&quot;1.1&quot;,&quot;sizes&quot;:[]},&quot;_transform_scale_effect_hover_laptop&quot;:{&quot;unit&quot;:&quot;px&quot;,&quot;size&quot;:&quot;&quot;,&quot;sizes&quot;:[]},&quot;_transform_scale_effect_hover_tablet_extra&quot;:{&quot;unit&quot;:&quot;px&quot;,&quot;size&quot;:&quot;&quot;,&quot;sizes&quot;:[]},&quot;_transform_scale_effect_hover_tablet&quot;:{&quot;unit&quot;:&quot;px&quot;,&quot;size&quot;:&quot;&quot;,&quot;sizes&quot;:[]},&quot;_transform_scale_effect_hover_mobile&quot;:{&quot;unit&quot;:&quot;px&quot;,&quot;size&quot;:&quot;&quot;,&quot;sizes&quot;:[]}}\" data-widget_type=\"button.default\">\n\t\t\t\t<div class=\"elementor-widget-container\">\n\t\t\t\t\t\t\t\t\t<div class=\"elementor-button-wrapper\">\n\t\t\t\t\t<a class=\"elementor-button elementor-button-link elementor-size-sm\" href=\"https:\/\/superstrom.gr\/fr\/contact\/\">\n\t\t\t\t\t\t<span class=\"elementor-button-content-wrapper\">\n\t\t\t\t\t\t<span class=\"elementor-button-icon\">\n\t\t\t\t<svg aria-hidden=\"true\" class=\"e-font-icon-svg e-fas-arrow-right\" viewbox=\"0 0 448 512\" xmlns=\"http:\/\/www.w3.org\/2000\/svg\"><path d=\"M190.5 66.9l22.2-22.2c9.4-9.4 24.6-9.4 33.9 0L441 239c9.4 9.4 9.4 24.6 0 33.9L246.6 467.3c-9.4 9.4-24.6 9.4-33.9 0l-22.2-22.2c-9.5-9.5-9.3-25 .4-34.3L311.4 296H24c-13.3 0-24-10.7-24-24v-32c0-13.3 10.7-24 24-24h287.4L190.9 101.2c-9.8-9.3-10-24.8-.4-34.3z\"><\/path><\/svg>\t\t\t<\/span>\n\t\t\t\t\t\t\t\t\t<span class=\"elementor-button-text\">Contact <\/span>\n\t\t\t\t\t<\/span>\n\t\t\t\t\t<\/a>\n\t\t\t\t<\/div>\n\t\t\t\t\t\t\t\t<\/div>\n\t\t\t\t<\/div>\n\t\t\t\t<\/div>\n\t\t\t\t<\/div>\n\t\t\t\t<\/div>\n\t\t\t\t<\/div>","protected":false},"excerpt":{"rendered":"<p>\u039e\u03b5\u03bd\u03bf\u03b4\u03bf\u03c7\u03b5\u03b9\u03b1\u03ba\u03bf\u03c2 \u0395\u03be\u03bf\u03c0\u03bb\u03b9\u03c3\u03bc\u03cc\u03c2 \u0393\u03bd\u03c9\u03c1\u03af\u03b6\u03bf\u03c5\u03bc\u03b5 \u03c0\u03c9\u03c2 \u03b3\u03b9\u03b1 \u03ba\u03ac\u03b8\u03b5 \u03ba\u03b1\u03c4\u03ac\u03bb\u03c5\u03bc\u03b1, \u03bf \u03c0\u03bf\u03b9\u03bf\u03c4\u03b9\u03ba\u03cc\u03c2 \u03cd\u03c0\u03bd\u03bf\u03c2 \u03b5\u03af\u03bd\u03b1\u03b9 \u03c4\u03bf \u03c0\u03b9\u03bf \u03b4\u03c5\u03bd\u03b1\u03c4\u03cc \u201c\u03b1\u03c3\u03c4\u03ad\u03c1\u03b9\u201d \u03c3\u03c4\u03b9\u03c2 \u03ba\u03c1\u03b9\u03c4\u03b9\u03ba\u03ad\u03c2. \u0393\u03b9\u2019 \u03b1\u03c5\u03c4\u03cc \u03c3\u03c4\u03b7 Super Strom \u0392\u03b1\u03c4\u03c3\u03b9\u03bd\u03ac\u03c2 \u03c0\u03c1\u03bf\u03c3\u03c6\u03ad\u03c1\u03bf\u03c5\u03bc\u03b5 \u03c3\u03c4\u03c1\u03ce\u03bc\u03b1\u03c4\u03b1 \u03c0\u03bf\u03c5 \u03c3\u03c5\u03bd\u03b4\u03c5\u03ac\u03b6\u03bf\u03c5\u03bd \u03ac\u03bd\u03b5\u03c3\u03b7, \u03c3\u03c4\u03ae\u03c1\u03b9\u03be\u03b7 \u03ba\u03b1\u03b9 \u03b1\u03bd\u03c4\u03bf\u03c7\u03ae \u2013 \u03b9\u03b4\u03b1\u03bd\u03b9\u03ba\u03ac \u03b3\u03b9\u03b1 \u03be\u03b5\u03bd\u03bf\u03b4\u03bf\u03c7\u03b5\u03af\u03b1, \u03be\u03b5\u03bd\u03ce\u03bd\u03b5\u03c2 \u03ba\u03b1\u03b9 Airbnb.\u00a0 \u03a3\u03c5\u03bd\u03b4\u03c5\u03ac\u03b6\u03bf\u03bd\u03c4\u03b1\u03c2 \u03c0\u03bf\u03b9\u03cc\u03c4\u03b7\u03c4\u03b1, \u03b5\u03c1\u03b3\u03bf\u03bd\u03bf\u03bc\u03af\u03b1 \u03ba\u03b1\u03b9 \u03b1\u03bd\u03b8\u03b5\u03ba\u03c4\u03b9\u03ba\u03cc\u03c4\u03b7\u03c4\u03b1, \u03c4\u03b1 \u03c0\u03c1\u03bf\u03ca\u03cc\u03bd\u03c4\u03b1 \u03bc\u03b1\u03c2 \u03b5\u03be\u03b1\u03c3\u03c6\u03b1\u03bb\u03af\u03b6\u03bf\u03c5\u03bd \u03ba\u03bf\u03c1\u03c5\u03c6\u03b1\u03af\u03b1 \u03b5\u03bc\u03c0\u03b5\u03b9\u03c1\u03af\u03b1 \u03cd\u03c0\u03bd\u03bf\u03c5 \u03b3\u03b9\u03b1 \u03c4\u03bf\u03c5\u03c2 \u03b5\u03c0\u03b9\u03c3\u03ba\u03ad\u03c0\u03c4\u03b5\u03c2 \u03c3\u03b1\u03c2 \u03ba\u03b1\u03b9 [&hellip;]<\/p>\n","protected":false},"author":2,"featured_media":0,"parent":0,"menu_order":0,"comment_status":"closed","ping_status":"closed","template":"","meta":{"_acf_changed":false,"inline_featured_image":false,"footnotes":""},"class_list":["post-46472","page","type-page","status-publish","hentry"],"blocksy_meta":[],"acf":[],"meta_box":[],"_links":{"self":[{"href":"https:\/\/superstrom.gr\/fr\/wp-json\/wp\/v2\/pages\/46472","targetHints":{"allow":["GET"]}}],"collection":[{"href":"https:\/\/superstrom.gr\/fr\/wp-json\/wp\/v2\/pages"}],"about":[{"href":"https:\/\/superstrom.gr\/fr\/wp-json\/wp\/v2\/types\/page"}],"author":[{"embeddable":true,"href":"https:\/\/superstrom.gr\/fr\/wp-json\/wp\/v2\/users\/2"}],"replies":[{"embeddable":true,"href":"https:\/\/superstrom.gr\/fr\/wp-json\/wp\/v2\/comments?post=46472"}],"version-history":[{"count":0,"href":"https:\/\/superstrom.gr\/fr\/wp-json\/wp\/v2\/pages\/46472\/revisions"}],"wp:attachment":[{"href":"https:\/\/superstrom.gr\/fr\/wp-json\/wp\/v2\/media?parent=46472"}],"curies":[{"name":"wp","href":"https:\/\/api.w.org\/{rel}","templated":true}]}}