{"id":40034,"date":"2024-12-09T10:59:15","date_gmt":"2024-12-09T08:59:15","guid":{"rendered":"https:\/\/superstrom.gr\/?post_type=product&#038;p=40034"},"modified":"2025-12-23T10:04:02","modified_gmt":"2025-12-23T08:04:02","slug":"%ce%bc%ce%b1%ce%be%ce%b9%ce%bb%ce%ac%cf%81%ce%b9-latex","status":"publish","type":"product","link":"https:\/\/superstrom.gr\/fr\/produit\/%ce%bc%ce%b1%ce%be%ce%b9%ce%bb%ce%ac%cf%81%ce%b9-latex\/","title":{"rendered":"Oreiller en latex"},"content":{"rendered":"<div class=\"page\" title=\"Page 31\">\n<div class=\"layoutArea\">\n<div class=\"column\">\n<div class=\"page\" title=\"Page 31\">\n<div class=\"layoutArea\">\n<div class=\"column\">\n<p>Fabriqu\u00e9 en latex naturel 100%, il offre une \u00e9lasticit\u00e9 et une respirabilit\u00e9 naturelles, sans produits chimiques suppl\u00e9mentaires. Durable et hypoallerg\u00e9nique.<\/p>\n<p>&nbsp;<\/p>\n<\/div>\n<\/div>\n<\/div>\n<\/div>\n<\/div>\n<\/div>","protected":false},"excerpt":{"rendered":"<p>Fabriqu\u00e9 en latex naturel 100%, il offre une \u00e9lasticit\u00e9 et une respirabilit\u00e9 naturelles, sans produits chimiques suppl\u00e9mentaires. Durable et hypoallerg\u00e9nique. &nbsp;<\/p>","protected":false},"featured_media":40040,"template":"","meta":{"_acf_changed":false,"inline_featured_image":false},"product_brand":[],"product_cat":[19],"product_tag":[224,220,221],"class_list":{"0":"post-40034","1":"product","2":"type-product","3":"status-publish","4":"has-post-thumbnail","6":"product_cat-19","7":"product_tag-latex","8":"product_tag-pillow","9":"product_tag-221","11":"first","12":"instock","13":"shipping-taxable","14":"purchasable","15":"product-type-simple"},"acf":[],"ct_brands":[],"meta_box":[],"_links":{"self":[{"href":"https:\/\/superstrom.gr\/fr\/wp-json\/wp\/v2\/product\/40034","targetHints":{"allow":["GET"]}}],"collection":[{"href":"https:\/\/superstrom.gr\/fr\/wp-json\/wp\/v2\/product"}],"about":[{"href":"https:\/\/superstrom.gr\/fr\/wp-json\/wp\/v2\/types\/product"}],"wp:featuredmedia":[{"embeddable":true,"href":"https:\/\/superstrom.gr\/fr\/wp-json\/wp\/v2\/media\/40040"}],"wp:attachment":[{"href":"https:\/\/superstrom.gr\/fr\/wp-json\/wp\/v2\/media?parent=40034"}],"wp:term":[{"taxonomy":"product_brand","embeddable":true,"href":"https:\/\/superstrom.gr\/fr\/wp-json\/wp\/v2\/product_brand?post=40034"},{"taxonomy":"product_cat","embeddable":true,"href":"https:\/\/superstrom.gr\/fr\/wp-json\/wp\/v2\/product_cat?post=40034"},{"taxonomy":"product_tag","embeddable":true,"href":"https:\/\/superstrom.gr\/fr\/wp-json\/wp\/v2\/product_tag?post=40034"}],"curies":[{"name":"wp","href":"https:\/\/api.w.org\/{rel}","templated":true}]}}