{"id":46658,"date":"2025-06-23T00:36:00","date_gmt":"2025-06-22T22:36:00","guid":{"rendered":"https:\/\/superstrom.gr\/?post_type=product&#038;p=46658"},"modified":"2025-12-23T10:03:30","modified_gmt":"2025-12-23T08:03:30","slug":"dream-2","status":"publish","type":"product","link":"https:\/\/superstrom.gr\/fr\/produit\/dream-2\/","title":{"rendered":"R\u00eave"},"content":{"rendered":"<p>R\u00eaver comme... r\u00eaver !<\/p>\n<p>Matelas en mousse avec mousse \u00e0 m\u00e9moire de forme int\u00e9gr\u00e9e pour une meilleure adaptation au corps. Ventilation ad\u00e9quate et soutien. Id\u00e9al pour les enfants qui ont besoin d'un confort suppl\u00e9mentaire et d'un soutien en douceur.<\/p>\n<p>Dimension : 70x140cm<\/p>\n<p>Tissu hypoallerg\u00e9nique<\/p>","protected":false},"excerpt":{"rendered":"<p>Dream \u03cc\u03c0\u03c9\u03c2&#8230; \u03cc\u03bd\u03b5\u03b9\u03c1\u03bf! \u0391\u03c6\u03c1\u03ce\u03b4\u03b5\u03c2 \u03c3\u03c4\u03c1\u03ce\u03bc\u03b1 \u03bc\u03b5 \u03b5\u03bd\u03c3\u03c9\u03bc\u03b1\u03c4\u03c9\u03bc\u03ad\u03bd\u03bf Memory Foam \u03b3\u03b9\u03b1 \u03ba\u03b1\u03bb\u03cd\u03c4\u03b5\u03c1\u03b7 \u03c0\u03c1\u03bf\u03c3\u03b1\u03c1\u03bc\u03bf\u03b3\u03ae \u03c3\u03c4\u03bf \u03c3\u03ce\u03bc\u03b1. \u03a3\u03c9\u03c3\u03c4\u03cc\u03c2 \u03b1\u03b5\u03c1\u03b9\u03c3\u03bc\u03cc\u03c2 \u03bc\u03b5 \u03c5\u03c0\u03bf\u03c3\u03c4\u03ae\u03c1\u03b9\u03be\u03b7. \u0399\u03b4\u03b1\u03bd\u03b9\u03ba\u03cc \u03b3\u03b9\u03b1 \u03c0\u03b1\u03b9\u03b4\u03b9\u03ac \u03c0\u03bf\u03c5 \u03c7\u03c1\u03b5\u03b9\u03ac\u03b6\u03bf\u03bd\u03c4\u03b1\u03b9 \u03b5\u03c0\u03b9\u03c0\u03bb\u03ad\u03bf\u03bd \u03ac\u03bd\u03b5\u03c3\u03b7 \u03ba\u03b1\u03b9 \u03ae\u03c0\u03b9\u03b1 \u03c3\u03c4\u03ae\u03c1\u03b9\u03be\u03b7. \u0394\u03b9\u03ac\u03c3\u03c4\u03b1\u03c3\u03b7: 70\u03a7140cm \u038e\u03c6\u03b1\u03c3\u03bc\u03b1 \u03c5\u03c0\u03bf\u03b1\u03bb\u03bb\u03b5\u03c1\u03b3\u03b9\u03ba\u03cc<\/p>","protected":false},"featured_media":47746,"template":"","meta":{"_acf_changed":false,"inline_featured_image":false},"product_brand":[],"product_cat":[196],"product_tag":[233,232,218,217],"class_list":{"0":"post-46658","1":"product","2":"type-product","3":"status-publish","4":"has-post-thumbnail","6":"product_cat-baby","7":"product_tag-baby","8":"product_tag-mattress","9":"product_tag-218","10":"product_tag-217","12":"first","13":"instock","14":"shipping-taxable","15":"purchasable","16":"product-type-simple"},"acf":[],"ct_brands":[],"meta_box":[],"_links":{"self":[{"href":"https:\/\/superstrom.gr\/fr\/wp-json\/wp\/v2\/product\/46658","targetHints":{"allow":["GET"]}}],"collection":[{"href":"https:\/\/superstrom.gr\/fr\/wp-json\/wp\/v2\/product"}],"about":[{"href":"https:\/\/superstrom.gr\/fr\/wp-json\/wp\/v2\/types\/product"}],"wp:featuredmedia":[{"embeddable":true,"href":"https:\/\/superstrom.gr\/fr\/wp-json\/wp\/v2\/media\/47746"}],"wp:attachment":[{"href":"https:\/\/superstrom.gr\/fr\/wp-json\/wp\/v2\/media?parent=46658"}],"wp:term":[{"taxonomy":"product_brand","embeddable":true,"href":"https:\/\/superstrom.gr\/fr\/wp-json\/wp\/v2\/product_brand?post=46658"},{"taxonomy":"product_cat","embeddable":true,"href":"https:\/\/superstrom.gr\/fr\/wp-json\/wp\/v2\/product_cat?post=46658"},{"taxonomy":"product_tag","embeddable":true,"href":"https:\/\/superstrom.gr\/fr\/wp-json\/wp\/v2\/product_tag?post=46658"}],"curies":[{"name":"wp","href":"https:\/\/api.w.org\/{rel}","templated":true}]}}