{"id":46806,"date":"2025-06-24T14:25:09","date_gmt":"2025-06-24T12:25:09","guid":{"rendered":"https:\/\/superstrom.gr\/?post_type=product&#038;p=46806"},"modified":"2025-12-23T10:03:29","modified_gmt":"2025-12-23T08:03:29","slug":"%ce%bc%ce%b1%ce%be%ce%b9%ce%bb%ce%ac%cf%81%ce%b9-gel-memory-foam-pillow-2","status":"publish","type":"product","link":"https:\/\/superstrom.gr\/fr\/produit\/%ce%bc%ce%b1%ce%be%ce%b9%ce%bb%ce%ac%cf%81%ce%b9-gel-memory-foam-pillow-2\/","title":{"rendered":"Oreiller en mousse \u00e0 m\u00e9moire de forme en gel"},"content":{"rendered":"<p>Soutien intelligent avec une sensation de fra\u00eecheur.<\/p>\n<p>Mousse \u00e0 m\u00e9moire de forme qui s'adapte \u00e0 la nuque avec \u00e9quilibre et gel pour une thermor\u00e9gulation naturelle.<br \/>\nIl offre un soulagement absolu - il combine fra\u00eecheur et soutien.<\/p>","protected":false},"excerpt":{"rendered":"<p>\u0388\u03be\u03c5\u03c0\u03bd\u03b7 \u03c3\u03c4\u03ae\u03c1\u03b9\u03be\u03b7 \u03bc\u03b5 \u03b4\u03c1\u03bf\u03c3\u03b5\u03c1\u03ae \u03b1\u03af\u03c3\u03b8\u03b7\u03c3\u03b7. \u039cemory foam \u03c0\u03bf\u03c5 \u03c0\u03c1\u03bf\u03c3\u03b1\u03c1\u03bc\u03cc\u03b6\u03b5\u03c4\u03b1\u03b9 \u03bc\u03b5 \u03b9\u03c3\u03bf\u03c1\u03c1\u03bf\u03c0\u03af\u03b1 \u03c3\u03c4\u03bf\u03bd \u03b1\u03c5\u03c7\u03ad\u03bd\u03b1 \u03ba\u03b1\u03b9 gel \u03b3\u03b9\u03b1 \u03c6\u03c5\u03c3\u03b9\u03ba\u03ae \u03b8\u03b5\u03c1\u03bc\u03bf\u03c1\u03cd\u03b8\u03bc\u03b9\u03c3\u03b7. \u03a0\u03c1\u03bf\u03c3\u03c6\u03ad\u03c1\u03b5\u03b9 \u03b1\u03c0\u03cc\u03bb\u03c5\u03c4\u03b7 \u03b1\u03bd\u03b1\u03ba\u03bf\u03cd\u03c6\u03b9\u03c3\u03b7 &#8211; \u03c3\u03c5\u03bd\u03b4\u03c5\u03ac\u03b6\u03b5\u03b9 \u03b4\u03c1\u03bf\u03c3\u03b9\u03ac \u03ba\u03b1\u03b9 \u03c3\u03c4\u03ae\u03c1\u03b9\u03be\u03b7.<\/p>","protected":false},"featured_media":46802,"template":"","meta":{"_acf_changed":false,"inline_featured_image":false},"product_brand":[],"product_cat":[19],"product_tag":[220,221],"class_list":{"0":"post-46806","1":"product","2":"type-product","3":"status-publish","4":"has-post-thumbnail","6":"product_cat-19","7":"product_tag-pillow","8":"product_tag-221","10":"first","11":"instock","12":"shipping-taxable","13":"purchasable","14":"product-type-simple"},"acf":[],"ct_brands":[],"meta_box":[],"_links":{"self":[{"href":"https:\/\/superstrom.gr\/fr\/wp-json\/wp\/v2\/product\/46806","targetHints":{"allow":["GET"]}}],"collection":[{"href":"https:\/\/superstrom.gr\/fr\/wp-json\/wp\/v2\/product"}],"about":[{"href":"https:\/\/superstrom.gr\/fr\/wp-json\/wp\/v2\/types\/product"}],"wp:featuredmedia":[{"embeddable":true,"href":"https:\/\/superstrom.gr\/fr\/wp-json\/wp\/v2\/media\/46802"}],"wp:attachment":[{"href":"https:\/\/superstrom.gr\/fr\/wp-json\/wp\/v2\/media?parent=46806"}],"wp:term":[{"taxonomy":"product_brand","embeddable":true,"href":"https:\/\/superstrom.gr\/fr\/wp-json\/wp\/v2\/product_brand?post=46806"},{"taxonomy":"product_cat","embeddable":true,"href":"https:\/\/superstrom.gr\/fr\/wp-json\/wp\/v2\/product_cat?post=46806"},{"taxonomy":"product_tag","embeddable":true,"href":"https:\/\/superstrom.gr\/fr\/wp-json\/wp\/v2\/product_tag?post=46806"}],"curies":[{"name":"wp","href":"https:\/\/api.w.org\/{rel}","templated":true}]}}