{"id":46868,"date":"2025-11-03T13:28:20","date_gmt":"2025-11-03T11:28:20","guid":{"rendered":"https:\/\/superstrom.gr\/?post_type=product&#038;p=46868"},"modified":"2026-04-07T11:41:22","modified_gmt":"2026-04-07T09:41:22","slug":"%cf%83%ce%b5%cf%84-%cf%83%ce%b5%ce%bd%cf%84%cf%8c%ce%bd%ce%b9%ce%b1-%cf%80%ce%b5%cf%81%ce%ba%ce%ac%ce%bb%ce%b9-200tc","status":"publish","type":"product","link":"https:\/\/superstrom.gr\/fr\/produit\/%cf%83%ce%b5%cf%84-%cf%83%ce%b5%ce%bd%cf%84%cf%8c%ce%bd%ce%b9%ce%b1-%cf%80%ce%b5%cf%81%ce%ba%ce%ac%ce%bb%ce%b9-200tc\/","title":{"rendered":"Jeu de draps Percale 200TC"},"content":{"rendered":"<p>Ensemble de draps en percale 200 fils<\/p>\n<p data-start=\"328\" data-end=\"663\">Renouvelez votre sommeil avec le drap <strong data-start=\"365\" data-end=\"388\">Poil de 200 fils au pouce carr\u00e9<\/strong>, Le coton 100% est d'une excellente qualit\u00e9. Son tissage dense offre une douceur soyeuse et une sensation de fra\u00eecheur, id\u00e9ale pour toutes les saisons. Durable, doux et d'une \u00e9l\u00e9gance intemporelle, ce drap conf\u00e8re \u00e0 votre chambre une atmosph\u00e8re d'h\u00f4tel luxueux.<\/p>\n<p data-start=\"665\" data-end=\"687\">","protected":false},"excerpt":{"rendered":"<p>Parure de drap Percale 200 thread count Renouvelez votre sommeil avec le drap Percale 200 thread count, en coton 100% d'excellente qualit\u00e9. Son tissage dense offre une douceur soyeuse et une sensation de fra\u00eecheur, parfaites pour toutes les saisons. Durable, doux et d'une \u00e9l\u00e9gance intemporelle, ce drap conf\u00e8re \u00e0 votre chambre une atmosph\u00e8re d'h\u00f4tel luxueux.<\/p>","protected":false},"featured_media":47470,"template":"","meta":{"_acf_changed":false,"inline_featured_image":false},"product_brand":[],"product_cat":[189,243],"product_tag":[311,254],"class_list":{"0":"post-46868","1":"product","2":"type-product","3":"status-publish","4":"has-post-thumbnail","6":"product_cat-189","7":"product_cat-243","8":"product_tag-311","9":"product_tag-254","10":"pa_poiotita---200-","12":"first","13":"instock","14":"shipping-taxable","15":"purchasable","16":"product-type-variable","17":"has-default-attributes"},"acf":[],"ct_brands":[],"meta_box":[],"_links":{"self":[{"href":"https:\/\/superstrom.gr\/fr\/wp-json\/wp\/v2\/product\/46868","targetHints":{"allow":["GET"]}}],"collection":[{"href":"https:\/\/superstrom.gr\/fr\/wp-json\/wp\/v2\/product"}],"about":[{"href":"https:\/\/superstrom.gr\/fr\/wp-json\/wp\/v2\/types\/product"}],"wp:featuredmedia":[{"embeddable":true,"href":"https:\/\/superstrom.gr\/fr\/wp-json\/wp\/v2\/media\/47470"}],"wp:attachment":[{"href":"https:\/\/superstrom.gr\/fr\/wp-json\/wp\/v2\/media?parent=46868"}],"wp:term":[{"taxonomy":"product_brand","embeddable":true,"href":"https:\/\/superstrom.gr\/fr\/wp-json\/wp\/v2\/product_brand?post=46868"},{"taxonomy":"product_cat","embeddable":true,"href":"https:\/\/superstrom.gr\/fr\/wp-json\/wp\/v2\/product_cat?post=46868"},{"taxonomy":"product_tag","embeddable":true,"href":"https:\/\/superstrom.gr\/fr\/wp-json\/wp\/v2\/product_tag?post=46868"}],"curies":[{"name":"wp","href":"https:\/\/api.w.org\/{rel}","templated":true}]}}