{"id":46888,"date":"2025-11-03T13:53:42","date_gmt":"2025-11-03T11:53:42","guid":{"rendered":"https:\/\/superstrom.gr\/?post_type=product&#038;p=46888"},"modified":"2026-04-02T10:42:32","modified_gmt":"2026-04-02T08:42:32","slug":"%cf%83%ce%b5%ce%bd%cf%84%cf%8c%ce%bd%ce%b9-%ce%bc%ce%b5%ce%bc%ce%bf%ce%bd%cf%89%ce%bc%ce%ad%ce%bd%ce%bf-%ce%bc%ce%b5-%ce%bb%ce%ac%cf%83%cf%84%ce%b9%cf%87%ce%bf-200tc","status":"publish","type":"product","link":"https:\/\/superstrom.gr\/fr\/produit\/%cf%83%ce%b5%ce%bd%cf%84%cf%8c%ce%bd%ce%b9-%ce%bc%ce%b5%ce%bc%ce%bf%ce%bd%cf%89%ce%bc%ce%ad%ce%bd%ce%bf-%ce%bc%ce%b5-%ce%bb%ce%ac%cf%83%cf%84%ce%b9%cf%87%ce%bf-200tc\/","title":{"rendered":"Scenton avec caoutchouc 200TC"},"content":{"rendered":"<p>Feuille de caoutchouc percale 200 fils<\/p>\n<p data-start=\"328\" data-end=\"663\">Renouvelez votre sommeil avec le drap <strong data-start=\"365\" data-end=\"388\">Poil de 200 fils au pouce carr\u00e9<\/strong>, Le coton 100% est d'une excellente qualit\u00e9. Son tissage dense offre une douceur soyeuse et une sensation de fra\u00eecheur, id\u00e9ale pour toutes les saisons. Durable, doux et d'une \u00e9l\u00e9gance intemporelle, ce drap conf\u00e8re \u00e0 votre chambre une atmosph\u00e8re d'h\u00f4tel luxueux.<\/p>\n<p data-start=\"665\" data-end=\"687\">","protected":false},"excerpt":{"rendered":"<p>\u03a3\u03b5\u03bd\u03c4\u03cc\u03bd\u03b9 \u03bc\u03b5 \u03bb\u03ac\u03c3\u03c4\u03b9\u03c7\u03bf \u03a0\u03b5\u03c1\u03ba\u03ac\u03bb\u03b9 200 \u03ba\u03bb\u03c9\u03c3\u03c4\u03ad\u03c2 \u0391\u03bd\u03b1\u03bd\u03b5\u03ce\u03c3\u03c4\u03b5 \u03c4\u03bf\u03bd \u03cd\u03c0\u03bd\u03bf \u03c3\u03b1\u03c2 \u03bc\u03b5 \u03c4\u03bf \u03c3\u03b5\u03bd\u03c4\u03cc\u03bd\u03b9 \u03c0\u03b5\u03c1\u03ba\u03ac\u03bb\u03b9 200 \u03ba\u03bb\u03c9\u03c3\u03c4\u03ce\u03bd, \u03c6\u03c4\u03b9\u03b1\u03b3\u03bc\u03ad\u03bd\u03bf \u03b1\u03c0\u03cc 100% \u03b2\u03b1\u03bc\u03b2\u03ac\u03ba\u03b9 \u03b5\u03be\u03b1\u03b9\u03c1\u03b5\u03c4\u03b9\u03ba\u03ae\u03c2 \u03c0\u03bf\u03b9\u03cc\u03c4\u03b7\u03c4\u03b1\u03c2. \u0397 \u03c0\u03c5\u03ba\u03bd\u03ae \u03c4\u03bf\u03c5 \u03cd\u03c6\u03b1\u03bd\u03c3\u03b7 \u03c0\u03c1\u03bf\u03c3\u03c6\u03ad\u03c1\u03b5\u03b9 \u03bc\u03b5\u03c4\u03b1\u03be\u03ad\u03bd\u03b9\u03b1 \u03b1\u03c0\u03b1\u03bb\u03cc\u03c4\u03b7\u03c4\u03b1 \u03ba\u03b1\u03b9 \u03b1\u03af\u03c3\u03b8\u03b7\u03c3\u03b7 \u03c6\u03c1\u03b5\u03c3\u03ba\u03ac\u03b4\u03b1\u03c2, \u03b9\u03b4\u03b1\u03bd\u03b9\u03ba\u03ae \u03b3\u03b9\u03b1 \u03cc\u03bb\u03b5\u03c2 \u03c4\u03b9\u03c2 \u03b5\u03c0\u03bf\u03c7\u03ad\u03c2 \u03c4\u03bf\u03c5 \u03c7\u03c1\u03cc\u03bd\u03bf\u03c5. \u0391\u03bd\u03b8\u03b5\u03ba\u03c4\u03b9\u03ba\u03cc, \u03bc\u03b1\u03bb\u03b1\u03ba\u03cc \u03ba\u03b1\u03b9 \u03bc\u03b5 \u03b4\u03b9\u03b1\u03c7\u03c1\u03bf\u03bd\u03b9\u03ba\u03ae \u03ba\u03bf\u03bc\u03c8\u03cc\u03c4\u03b7\u03c4\u03b1, \u03b1\u03c5\u03c4\u03cc \u03c4\u03bf \u03c3\u03b5\u03bd\u03c4\u03cc\u03bd\u03b9 \u03c7\u03b1\u03c1\u03af\u03b6\u03b5\u03b9 \u03c3\u03c4\u03bf \u03c5\u03c0\u03bd\u03bf\u03b4\u03c9\u03bc\u03ac\u03c4\u03b9\u03cc \u03c3\u03b1\u03c2 \u03bc\u03b9\u03b1 \u03b1\u03af\u03c3\u03b8\u03b7\u03c3\u03b7 \u03c0\u03bf\u03bb\u03c5\u03c4\u03b5\u03bb\u03bf\u03cd\u03c2 [&hellip;]<\/p>\n","protected":false},"featured_media":47335,"template":"","meta":{"_acf_changed":false,"inline_featured_image":false},"product_brand":[],"product_cat":[189,243],"product_tag":[271,255],"class_list":{"0":"post-46888","1":"product","2":"type-product","3":"status-publish","4":"has-post-thumbnail","6":"product_cat-189","7":"product_cat-243","8":"product_tag-271","9":"product_tag-255","10":"pa_poiotita---200-","12":"first","13":"instock","14":"shipping-taxable","15":"purchasable","16":"product-type-variable","17":"has-default-attributes"},"acf":[],"ct_brands":[],"meta_box":[],"_links":{"self":[{"href":"https:\/\/superstrom.gr\/fr\/wp-json\/wp\/v2\/product\/46888","targetHints":{"allow":["GET"]}}],"collection":[{"href":"https:\/\/superstrom.gr\/fr\/wp-json\/wp\/v2\/product"}],"about":[{"href":"https:\/\/superstrom.gr\/fr\/wp-json\/wp\/v2\/types\/product"}],"wp:featuredmedia":[{"embeddable":true,"href":"https:\/\/superstrom.gr\/fr\/wp-json\/wp\/v2\/media\/47335"}],"wp:attachment":[{"href":"https:\/\/superstrom.gr\/fr\/wp-json\/wp\/v2\/media?parent=46888"}],"wp:term":[{"taxonomy":"product_brand","embeddable":true,"href":"https:\/\/superstrom.gr\/fr\/wp-json\/wp\/v2\/product_brand?post=46888"},{"taxonomy":"product_cat","embeddable":true,"href":"https:\/\/superstrom.gr\/fr\/wp-json\/wp\/v2\/product_cat?post=46888"},{"taxonomy":"product_tag","embeddable":true,"href":"https:\/\/superstrom.gr\/fr\/wp-json\/wp\/v2\/product_tag?post=46888"}],"curies":[{"name":"wp","href":"https:\/\/api.w.org\/{rel}","templated":true}]}}