{"id":46913,"date":"2025-11-03T14:09:24","date_gmt":"2025-11-03T12:09:24","guid":{"rendered":"https:\/\/superstrom.gr\/?post_type=product&#038;p=46913"},"modified":"2025-12-23T10:07:22","modified_gmt":"2025-12-23T08:07:22","slug":"%cf%80%ce%b1%cf%80%ce%bb%cf%89%ce%bc%ce%b1%cf%84%ce%bf%ce%b8%ce%ae%ce%ba%ce%b7-%cf%80%ce%b5%cf%81%ce%ba%ce%ac%ce%bb%ce%b9-200tc","status":"publish","type":"product","link":"https:\/\/superstrom.gr\/fr\/produit\/%cf%80%ce%b1%cf%80%ce%bb%cf%89%ce%bc%ce%b1%cf%84%ce%bf%ce%b8%ce%ae%ce%ba%ce%b7-%cf%80%ce%b5%cf%81%ce%ba%ce%ac%ce%bb%ce%b9-200tc\/","title":{"rendered":"Enveloppe de couette Percale 200TC"},"content":{"rendered":"<p>Enveloppe de couette Percale 200TC<\/p>\n<p>Luxueuse housse de couette en percale de coton 200 fils au pouce carr\u00e9, douce au toucher et id\u00e9ale pour un sommeil quotidien et relaxant.<\/p>\n<p>Combin\u00e9 avec les feuilles de la m\u00eame collection.<\/p>","protected":false},"excerpt":{"rendered":"<p>Housse de couette en percale 200TC Housse de couette luxueuse en percale de coton 200 fils au pouce carr\u00e9, douce au toucher et id\u00e9ale pour un sommeil quotidien et relaxant. A combiner avec les draps de la m\u00eame collection.<\/p>","protected":false},"featured_media":47721,"template":"","meta":{"_acf_changed":false,"inline_featured_image":false},"product_brand":[],"product_cat":[243,188],"product_tag":[313,314],"class_list":{"0":"post-46913","1":"product","2":"type-product","3":"status-publish","4":"has-post-thumbnail","6":"product_cat-243","7":"product_cat-188","8":"product_tag-313","9":"product_tag-314","11":"first","12":"instock","13":"shipping-taxable","14":"purchasable","15":"product-type-variable","16":"has-default-attributes"},"acf":[],"ct_brands":[],"meta_box":[],"_links":{"self":[{"href":"https:\/\/superstrom.gr\/fr\/wp-json\/wp\/v2\/product\/46913","targetHints":{"allow":["GET"]}}],"collection":[{"href":"https:\/\/superstrom.gr\/fr\/wp-json\/wp\/v2\/product"}],"about":[{"href":"https:\/\/superstrom.gr\/fr\/wp-json\/wp\/v2\/types\/product"}],"wp:featuredmedia":[{"embeddable":true,"href":"https:\/\/superstrom.gr\/fr\/wp-json\/wp\/v2\/media\/47721"}],"wp:attachment":[{"href":"https:\/\/superstrom.gr\/fr\/wp-json\/wp\/v2\/media?parent=46913"}],"wp:term":[{"taxonomy":"product_brand","embeddable":true,"href":"https:\/\/superstrom.gr\/fr\/wp-json\/wp\/v2\/product_brand?post=46913"},{"taxonomy":"product_cat","embeddable":true,"href":"https:\/\/superstrom.gr\/fr\/wp-json\/wp\/v2\/product_cat?post=46913"},{"taxonomy":"product_tag","embeddable":true,"href":"https:\/\/superstrom.gr\/fr\/wp-json\/wp\/v2\/product_tag?post=46913"}],"curies":[{"name":"wp","href":"https:\/\/api.w.org\/{rel}","templated":true}]}}