{"id":46925,"date":"2025-11-03T14:25:51","date_gmt":"2025-11-03T12:25:51","guid":{"rendered":"https:\/\/superstrom.gr\/?post_type=product&#038;p=46925"},"modified":"2026-04-02T10:42:23","modified_gmt":"2026-04-02T08:42:23","slug":"%cf%83%ce%b5%cf%84-%ce%bc%ce%b1%ce%be%ce%b9%ce%bb%ce%b1%cf%81%ce%bf%ce%b8%ce%ae%ce%ba%ce%b5%cf%82-200tc","status":"publish","type":"product","link":"https:\/\/superstrom.gr\/fr\/produit\/%cf%83%ce%b5%cf%84-%ce%bc%ce%b1%ce%be%ce%b9%ce%bb%ce%b1%cf%81%ce%bf%ce%b8%ce%ae%ce%ba%ce%b5%cf%82-200tc\/","title":{"rendered":"Jeu de taies d'oreiller 200TC"},"content":{"rendered":"<p>Jeu de taies d'oreiller 200TC<br \/>\nRafra\u00eechissez votre sommeil avec nos taies d'oreiller en percale 200TC, fabriqu\u00e9es \u00e0 partir de coton 100% de haute qualit\u00e9. Le tissage dense de 200 fils au pouce carr\u00e9 donne une texture lisse et douce, pour un confort ultime. L'ensemble comprend deux taies d'oreiller.<\/p>\n<p>A combiner avec les ensembles de draps et la housse de couette de la m\u00eame collection.<\/p>","protected":false},"excerpt":{"rendered":"<p>Ensemble de taies d'oreiller 200TC Renouvelez votre sommeil avec les taies d'oreiller en percale 200TC, fabriqu\u00e9es en coton 100% de haute qualit\u00e9. Le tissage dense de 200 fils au pouce carr\u00e9 donne une texture lisse et douce, pour un confort ultime. L'ensemble se compose de deux taies d'oreiller. \u00c0 combiner avec les ensembles drap et housse de couette de la m\u00eame collection.<\/p>","protected":false},"featured_media":47537,"template":"","meta":{"_acf_changed":false,"inline_featured_image":false},"product_brand":[],"product_cat":[243,189],"product_tag":[],"class_list":{"0":"post-46925","1":"product","2":"type-product","3":"status-publish","4":"has-post-thumbnail","6":"product_cat-243","7":"product_cat-189","8":"pa_poiotita---200-","10":"first","11":"instock","12":"shipping-taxable","13":"purchasable","14":"product-type-variable","15":"has-default-attributes"},"acf":[],"ct_brands":[],"meta_box":[],"_links":{"self":[{"href":"https:\/\/superstrom.gr\/fr\/wp-json\/wp\/v2\/product\/46925","targetHints":{"allow":["GET"]}}],"collection":[{"href":"https:\/\/superstrom.gr\/fr\/wp-json\/wp\/v2\/product"}],"about":[{"href":"https:\/\/superstrom.gr\/fr\/wp-json\/wp\/v2\/types\/product"}],"wp:featuredmedia":[{"embeddable":true,"href":"https:\/\/superstrom.gr\/fr\/wp-json\/wp\/v2\/media\/47537"}],"wp:attachment":[{"href":"https:\/\/superstrom.gr\/fr\/wp-json\/wp\/v2\/media?parent=46925"}],"wp:term":[{"taxonomy":"product_brand","embeddable":true,"href":"https:\/\/superstrom.gr\/fr\/wp-json\/wp\/v2\/product_brand?post=46925"},{"taxonomy":"product_cat","embeddable":true,"href":"https:\/\/superstrom.gr\/fr\/wp-json\/wp\/v2\/product_cat?post=46925"},{"taxonomy":"product_tag","embeddable":true,"href":"https:\/\/superstrom.gr\/fr\/wp-json\/wp\/v2\/product_tag?post=46925"}],"curies":[{"name":"wp","href":"https:\/\/api.w.org\/{rel}","templated":true}]}}