{"id":46962,"date":"2025-11-04T14:38:10","date_gmt":"2025-11-04T12:38:10","guid":{"rendered":"https:\/\/superstrom.gr\/?post_type=product&#038;p=46962"},"modified":"2025-12-23T10:07:22","modified_gmt":"2025-12-23T08:07:22","slug":"%cf%80%cf%81%ce%bf%cf%83%cf%84%ce%b1%cf%84%ce%b5%cf%85%cf%84%ce%b9%ce%ba%cf%8c-%cf%83%cf%84%cf%81%cf%8e%ce%bc%ce%b1%cf%84%ce%bf%cf%82-%ce%b1%ce%b4%ce%b9%ce%ac%ce%b2%cf%81%ce%bf%cf%87%ce%bf-pu-%ce%bc","status":"publish","type":"product","link":"https:\/\/superstrom.gr\/fr\/produit\/%cf%80%cf%81%ce%bf%cf%83%cf%84%ce%b1%cf%84%ce%b5%cf%85%cf%84%ce%b9%ce%ba%cf%8c-%cf%83%cf%84%cf%81%cf%8e%ce%bc%ce%b1%cf%84%ce%bf%cf%82-%ce%b1%ce%b4%ce%b9%ce%ac%ce%b2%cf%81%ce%bf%cf%87%ce%bf-pu-%ce%bc\/","title":{"rendered":"Prot\u00e8ge-matelas imperm\u00e9able en PU avec fa\u00e7ade"},"content":{"rendered":"<p>Couche de protection imperm\u00e9able - PU avec fa\u00e7ade.<\/p>\n<p>Assure l'hygi\u00e8ne et la propret\u00e9 du matelas. Emp\u00eache les acariens et autres micro-organismes de s'installer. Prot\u00e8ge le matelas des s\u00e9cr\u00e9tions corporelles qui provoquent des taches sur la surface et de l'humidit\u00e9 \u00e0 l'int\u00e9rieur du matelas. Elastique, il \u00e9pouse le matelas en am\u00e9liorant sa surface tout en \u00e9tant absorbant et respirant gr\u00e2ce \u00e0 un tissu de nouvelle g\u00e9n\u00e9ration.<br \/>\nCouvre une \u00e9paisseur de couche allant jusqu'\u00e0 35 cm.<\/p>","protected":false},"excerpt":{"rendered":"<p>\u0391\u03b4\u03b9\u03ac\u03b2\u03c1\u03bf\u03c7\u03bf \u03c0\u03c1\u03bf\u03c3\u03c4\u03b1\u03c4\u03b5\u03c5\u03c4\u03b9\u03ba\u03cc \u03c3\u03c4\u03c1\u03ce\u03bc\u03b1\u03c4\u03bf\u03c2-PU \u03bc\u03b5 \u03c6\u03ac\u03c3\u03b1. \u0394\u03b9\u03b1\u03c3\u03c6\u03b1\u03bb\u03af\u03b6\u03b5\u03b9 \u03c4\u03b7\u03bd \u03c5\u03b3\u03b9\u03b5\u03b9\u03bd\u03ae \u03ba\u03b1\u03b9 \u03c4\u03b7\u03bd \u03ba\u03b1\u03b8\u03b1\u03c1\u03b9\u03cc\u03c4\u03b7\u03c4\u03b1 \u03c4\u03bf\u03c5 \u03c3\u03c4\u03c1\u03ce\u03bc\u03b1\u03c4\u03bf\u03c2. \u0395\u03bc\u03c0\u03bf\u03b4\u03af\u03b6\u03b5\u03b9 \u03c4\u03b1 \u03b1\u03ba\u03ac\u03c1\u03b5\u03b1 \u03c4\u03b7\u03c2 \u03c3\u03ba\u03cc\u03bd\u03b7\u03c2 \u03ba\u03b1\u03b9 \u03ac\u03bb\u03bb\u03bf\u03c5\u03c2 \u03bc\u03b9\u03ba\u03c1\u03bf\u03bf\u03c1\u03b3\u03b1\u03bd\u03b9\u03c3\u03bc\u03bf\u03cd\u03c2 \u03bd\u03b1 \u03b5\u03b3\u03ba\u03b1\u03c4\u03b1\u03c3\u03c4\u03b1\u03b8\u03bf\u03cd\u03bd. \u03a0\u03c1\u03bf\u03c3\u03c4\u03b1\u03c4\u03b5\u03cd\u03b5\u03b9 \u03c4\u03bf \u03c3\u03c4\u03c1\u03ce\u03bc\u03b1 \u03b1\u03c0\u03cc \u03c3\u03c9\u03bc\u03b1\u03c4\u03b9\u03ba\u03ad\u03c2 \u03b5\u03ba\u03ba\u03c1\u03af\u03c3\u03b5\u03b9\u03c2 \u03c0\u03bf\u03c5 \u03c0\u03c1\u03bf\u03ba\u03b1\u03bb\u03bf\u03cd\u03bd \u03bb\u03b5\u03ba\u03ad\u03b4\u03b5\u03c2 \u03c3\u03c4\u03b7\u03bd \u03b5\u03c0\u03b9\u03c6\u03ac\u03bd\u03b5\u03b9\u03b1 \u03ba\u03b1\u03b9 \u03c5\u03b3\u03c1\u03b1\u03c3\u03af\u03b1 \u03c3\u03c4\u03bf \u03b5\u03c3\u03c9\u03c4\u03b5\u03c1\u03b9\u03ba\u03cc \u03c4\u03bf\u03c5. \u0395\u03bb\u03b1\u03c3\u03c4\u03b9\u03ba\u03cc, \u03b1\u03b3\u03ba\u03b1\u03bb\u03b9\u03ac\u03b6\u03b5\u03b9 \u03c4\u03bf \u03c3\u03c4\u03c1\u03ce\u03bc\u03b1 \u03b2\u03b5\u03bb\u03c4\u03b9\u03ce\u03bd\u03bf\u03bd\u03c4\u03b1\u03c2 \u03c4\u03b7\u03bd \u03b5\u03c0\u03b9\u03c6\u03ac\u03bd\u03b5\u03b9\u03ac \u03c4\u03bf\u03c5 \u03b5\u03bd\u03ce \u03c0\u03b1\u03c1\u03ac\u03bb\u03bb\u03b7\u03bb\u03b1 \u03b5\u03af\u03bd\u03b1\u03b9 \u03b1\u03c0\u03bf\u03c1\u03c1\u03bf\u03c6\u03b7\u03c4\u03b9\u03ba\u03cc \u03ba\u03b1\u03b9 \u03b1\u03bd\u03b1\u03c0\u03bd\u03b5\u03cc\u03bc\u03b5\u03bd\u03bf \u03bc\u03b5 \u03cd\u03c6\u03b1\u03c3\u03bc\u03b1 [&hellip;]<\/p>\n","protected":false},"featured_media":46968,"template":"","meta":{"_acf_changed":false,"inline_featured_image":false},"product_brand":[],"product_cat":[234,243],"product_tag":[246,245,244],"class_list":{"0":"post-46962","1":"product","2":"type-product","3":"status-publish","4":"has-post-thumbnail","6":"product_cat-234","7":"product_cat-243","8":"product_tag-246","9":"product_tag-245","10":"product_tag-244","12":"first","13":"instock","14":"shipping-taxable","15":"purchasable","16":"product-type-variable"},"acf":[],"ct_brands":[],"meta_box":[],"_links":{"self":[{"href":"https:\/\/superstrom.gr\/fr\/wp-json\/wp\/v2\/product\/46962","targetHints":{"allow":["GET"]}}],"collection":[{"href":"https:\/\/superstrom.gr\/fr\/wp-json\/wp\/v2\/product"}],"about":[{"href":"https:\/\/superstrom.gr\/fr\/wp-json\/wp\/v2\/types\/product"}],"wp:featuredmedia":[{"embeddable":true,"href":"https:\/\/superstrom.gr\/fr\/wp-json\/wp\/v2\/media\/46968"}],"wp:attachment":[{"href":"https:\/\/superstrom.gr\/fr\/wp-json\/wp\/v2\/media?parent=46962"}],"wp:term":[{"taxonomy":"product_brand","embeddable":true,"href":"https:\/\/superstrom.gr\/fr\/wp-json\/wp\/v2\/product_brand?post=46962"},{"taxonomy":"product_cat","embeddable":true,"href":"https:\/\/superstrom.gr\/fr\/wp-json\/wp\/v2\/product_cat?post=46962"},{"taxonomy":"product_tag","embeddable":true,"href":"https:\/\/superstrom.gr\/fr\/wp-json\/wp\/v2\/product_tag?post=46962"}],"curies":[{"name":"wp","href":"https:\/\/api.w.org\/{rel}","templated":true}]}}