{"id":46975,"date":"2025-11-04T15:59:24","date_gmt":"2025-11-04T13:59:24","guid":{"rendered":"https:\/\/superstrom.gr\/?post_type=product&#038;p=46975"},"modified":"2026-01-22T14:05:51","modified_gmt":"2026-01-22T12:05:51","slug":"%cf%80%cf%81%ce%bf%cf%83%cf%84%ce%b1%cf%84%ce%b5%cf%85%cf%84%ce%b9%ce%ba%ce%ad%cf%82-%ce%bc%ce%b1%ce%be%ce%b9%ce%bb%ce%b1%cf%81%ce%bf%ce%b8%ce%ae%ce%ba%ce%b5%cf%82-%ce%b1%ce%b4%ce%b9%ce%ac%ce%b2%cf%81","status":"publish","type":"product","link":"https:\/\/superstrom.gr\/fr\/produit\/%cf%80%cf%81%ce%bf%cf%83%cf%84%ce%b1%cf%84%ce%b5%cf%85%cf%84%ce%b9%ce%ba%ce%ad%cf%82-%ce%bc%ce%b1%ce%be%ce%b9%ce%bb%ce%b1%cf%81%ce%bf%ce%b8%ce%ae%ce%ba%ce%b5%cf%82-%ce%b1%ce%b4%ce%b9%ce%ac%ce%b2%cf%81\/","title":{"rendered":"Taies d'oreiller protectrices imperm\u00e9ables PU"},"content":{"rendered":"<p>Taies d'oreiller protectrices PU imperm\u00e9able set de 2 pi\u00e8ces<\/p>\n<p>Assure l'hygi\u00e8ne et la propret\u00e9 des coussins. Emp\u00eache les acariens et autres micro-organismes de s'installer. Prot\u00e8ge le coussin des s\u00e9cr\u00e9tions corporelles qui provoquent des taches \u00e0 la surface et de l'humidit\u00e9 \u00e0 l'int\u00e9rieur.<\/p>\n<p>Prot\u00e8ge-oreiller imperm\u00e9able<\/p>\n<p>Tissu en coton \u00e9ponge : 80% coton, 20% polyester<br \/>\nFace arri\u00e8re : 100% polyur\u00e9thane\/ polyur\u00e9thane<\/p>","protected":false},"excerpt":{"rendered":"<p>\u03a0\u03c1\u03bf\u03c3\u03c4\u03b1\u03c4\u03b5\u03c5\u03c4\u03b9\u03ba\u03ad\u03c2 \u03bc\u03b1\u03be\u03b9\u03bb\u03b1\u03c1\u03bf\u03b8\u03ae\u03ba\u03b5\u03c2 \u0391\u03b4\u03b9\u03ac\u03b2\u03c1\u03bf\u03c7\u03b5\u03c2 PU \u03c3\u03b5\u03c4 2 \u03c4\u03b5\u03bc\u03b1\u03c7\u03af\u03c9\u03bd \u0394\u03b9\u03b1\u03c3\u03c6\u03b1\u03bb\u03af\u03b6\u03b5\u03b9 \u03c4\u03b7\u03bd \u03c5\u03b3\u03b9\u03b5\u03b9\u03bd\u03ae \u03ba\u03b1\u03b9 \u03c4\u03b7\u03bd \u03ba\u03b1\u03b8\u03b1\u03c1\u03b9\u03cc\u03c4\u03b7\u03c4\u03b1 \u03c4\u03c9\u03bd \u03bc\u03b1\u03be\u03b9\u03bb\u03b1\u03c1\u03b9\u03ce\u03bd. \u0395\u03bc\u03c0\u03bf\u03b4\u03af\u03b6\u03b5\u03b9 \u03c4\u03b1 \u03b1\u03ba\u03ac\u03c1\u03b5\u03b1 \u03c4\u03b7\u03c2 \u03c3\u03ba\u03cc\u03bd\u03b7\u03c2 \u03ba\u03b1\u03b9 \u03ac\u03bb\u03bb\u03bf\u03c5\u03c2 \u03bc\u03b9\u03ba\u03c1\u03bf\u03bf\u03c1\u03b3\u03b1\u03bd\u03b9\u03c3\u03bc\u03bf\u03cd\u03c2 \u03bd\u03b1 \u03b5\u03b3\u03ba\u03b1\u03c4\u03b1\u03c3\u03c4\u03b1\u03b8\u03bf\u03cd\u03bd. \u03a0\u03c1\u03bf\u03c3\u03c4\u03b1\u03c4\u03b5\u03cd\u03b5\u03b9 \u03c4\u03bf \u03bc\u03b1\u03be\u03b9\u03bb\u03ac\u03c1\u03b9 \u03b1\u03c0\u03cc \u03c3\u03c9\u03bc\u03b1\u03c4\u03b9\u03ba\u03ad\u03c2 \u03b5\u03ba\u03ba\u03c1\u03af\u03c3\u03b5\u03b9\u03c2 \u03c0\u03bf\u03c5 \u03c0\u03c1\u03bf\u03ba\u03b1\u03bb\u03bf\u03cd\u03bd \u03bb\u03b5\u03ba\u03ad\u03b4\u03b5\u03c2 \u03c3\u03c4\u03b7\u03bd \u03b5\u03c0\u03b9\u03c6\u03ac\u03bd\u03b5\u03b9\u03b1 \u03ba\u03b1\u03b9 \u03c5\u03b3\u03c1\u03b1\u03c3\u03af\u03b1 \u03c3\u03c4\u03bf \u03b5\u03c3\u03c9\u03c4\u03b5\u03c1\u03b9\u03ba\u03cc \u03c4\u03bf\u03c5. Waterproof pillow protector \u038e\u03c6\u03b1\u03c3\u03bc\u03b1 \u03c0\u03b5\u03c4\u03c3\u03b5\u03c4\u03ad\/ Fabric Terry cotton: 80% \u03b2\u03b1\u03bc\u03b2\u03ac\u03ba\u03b9\/ cotton, 20% \u03c0\u03bf\u03bb\u03c5\u03b5\u03c3\u03c4\u03ad\u03c1\u03b1\u03c2\/ polyester [&hellip;]<\/p>\n","protected":false},"featured_media":46979,"template":"","meta":{"_acf_changed":false,"inline_featured_image":false},"product_brand":[],"product_cat":[234,243],"product_tag":[249,247,248],"class_list":{"0":"post-46975","1":"product","2":"type-product","3":"status-publish","4":"has-post-thumbnail","6":"product_cat-234","7":"product_cat-243","8":"product_tag-249","9":"product_tag-247","10":"product_tag-248","12":"first","13":"instock","14":"shipping-taxable","15":"purchasable","16":"product-type-simple"},"acf":[],"ct_brands":[],"meta_box":[],"_links":{"self":[{"href":"https:\/\/superstrom.gr\/fr\/wp-json\/wp\/v2\/product\/46975","targetHints":{"allow":["GET"]}}],"collection":[{"href":"https:\/\/superstrom.gr\/fr\/wp-json\/wp\/v2\/product"}],"about":[{"href":"https:\/\/superstrom.gr\/fr\/wp-json\/wp\/v2\/types\/product"}],"wp:featuredmedia":[{"embeddable":true,"href":"https:\/\/superstrom.gr\/fr\/wp-json\/wp\/v2\/media\/46979"}],"wp:attachment":[{"href":"https:\/\/superstrom.gr\/fr\/wp-json\/wp\/v2\/media?parent=46975"}],"wp:term":[{"taxonomy":"product_brand","embeddable":true,"href":"https:\/\/superstrom.gr\/fr\/wp-json\/wp\/v2\/product_brand?post=46975"},{"taxonomy":"product_cat","embeddable":true,"href":"https:\/\/superstrom.gr\/fr\/wp-json\/wp\/v2\/product_cat?post=46975"},{"taxonomy":"product_tag","embeddable":true,"href":"https:\/\/superstrom.gr\/fr\/wp-json\/wp\/v2\/product_tag?post=46975"}],"curies":[{"name":"wp","href":"https:\/\/api.w.org\/{rel}","templated":true}]}}