{"id":47112,"date":"2025-11-12T16:40:15","date_gmt":"2025-11-12T14:40:15","guid":{"rendered":"https:\/\/superstrom.gr\/?post_type=product&#038;p=47112"},"modified":"2026-04-07T11:44:23","modified_gmt":"2026-04-07T09:44:23","slug":"%cf%83%ce%b5%ce%bd%cf%84%cf%8c%ce%bd%ce%b9-jersey-%ce%bc%ce%b5-%ce%bb%ce%ac%cf%83%cf%84%ce%b9%cf%87%ce%bf","status":"publish","type":"product","link":"https:\/\/superstrom.gr\/fr\/produit\/%cf%83%ce%b5%ce%bd%cf%84%cf%8c%ce%bd%ce%b9-jersey-%ce%bc%ce%b5-%ce%bb%ce%ac%cf%83%cf%84%ce%b9%cf%87%ce%bf\/","title":{"rendered":"Maillot de poitrine avec \u00e9lastique"},"content":{"rendered":"<p>Drap de jersey individuel 100% Drap de coton doux avec \u00e9lastique<\/p>\n<p>D\u00e9couvrez la gamme de draps individuels en jersey avec \u00e9lastique. Fabriqu\u00e9s en coton 100%, ils sont doux et extensibles. L'\u00e9lasticit\u00e9 naturelle du tissu assure un ajustement parfait sur le matelas sans froisser, tandis que la texture douce offre confort et fra\u00eecheur en toute saison. Id\u00e9al pour un usage quotidien et facile \u00e0 entretenir.<\/p>","protected":false},"excerpt":{"rendered":"<p>\u03a3\u03b5\u03bd\u03c4\u03cc\u03bd\u03b9 Jersey \u03bc\u03b5\u03bc\u03bf\u03bd\u03c9\u03bc\u03ad\u03bd\u03bf 100% Cotton \u03bc\u03b1\u03bb\u03b1\u03ba\u03cc \u03bc\u03b5 \u03bb\u03ac\u03c3\u03c4\u03b9\u03c7\u03bf \u0391\u03bd\u03b1\u03ba\u03b1\u03bb\u03cd\u03c8\u03c4\u03b5 \u03c4\u03b7\u03bd \u03c3\u03b5\u03b9\u03c1\u03ac \u03bc\u03b5\u03bc\u03bf\u03bd\u03c9\u03bc\u03ad\u03bd\u03c9\u03bd \u03c3\u03b5\u03bd\u03c4\u03bf\u03bd\u03b9\u03ce\u03bd jersey \u03bc\u03b5 \u03bb\u03ac\u03c3\u03c4\u03b9\u03c7\u03bf. \u03a6\u03c4\u03b9\u03b1\u03b3\u03bc\u03ad\u03bd\u03bf \u03b1\u03c0\u03cc 100% \u03b2\u03b1\u03bc\u03b2\u03ac\u03ba\u03b9 \u03b3\u03b9\u03b1 \u03b1\u03c0\u03b1\u03bb\u03ae \u03ba\u03b1\u03b9 \u03b5\u03bb\u03b1\u03c3\u03c4\u03b9\u03ba\u03ae \u03b5\u03c6\u03b1\u03c1\u03bc\u03bf\u03b3\u03ae. \u0397 \u03c6\u03c5\u03c3\u03b9\u03ba\u03ae \u03b5\u03bb\u03b1\u03c3\u03c4\u03b9\u03ba\u03cc\u03c4\u03b7\u03c4\u03ac \u03c4\u03bf\u03c5 \u03c5\u03c6\u03ac\u03c3\u03bc\u03b1\u03c4\u03bf\u03c2 \u03b5\u03be\u03b1\u03c3\u03c6\u03b1\u03bb\u03af\u03b6\u03b5\u03b9 \u03c4\u03ad\u03bb\u03b5\u03b9\u03b1 \u03b5\u03c6\u03b1\u03c1\u03bc\u03bf\u03b3\u03ae \u03c3\u03c4\u03bf \u03c3\u03c4\u03c1\u03ce\u03bc\u03b1 \u03c7\u03c9\u03c1\u03af\u03c2 \u03bd\u03b1 \u03c4\u03c3\u03b1\u03bb\u03b1\u03ba\u03ce\u03bd\u03b5\u03c4\u03b1\u03b9, \u03b5\u03bd\u03ce \u03b7 \u03bc\u03b1\u03bb\u03b1\u03ba\u03ae \u03c5\u03c6\u03ae \u03c4\u03bf\u03c5 \u03c0\u03c1\u03bf\u03c3\u03c6\u03ad\u03c1\u03b5\u03b9 \u03ac\u03bd\u03b5\u03c3\u03b7 \u03ba\u03b1\u03b9 \u03c6\u03c1\u03b5\u03c3\u03ba\u03ac\u03b4\u03b1 \u03c3\u03b5 \u03ba\u03ac\u03b8\u03b5 \u03b5\u03c0\u03bf\u03c7\u03ae. \u0399\u03b4\u03b1\u03bd\u03b9\u03ba\u03cc \u03b3\u03b9\u03b1 \u03ba\u03b1\u03b8\u03b7\u03bc\u03b5\u03c1\u03b9\u03bd\u03ae \u03c7\u03c1\u03ae\u03c3\u03b7 \u03ba\u03b1\u03b9 [&hellip;]<\/p>\n","protected":false},"featured_media":47284,"template":"","meta":{"_acf_changed":false,"inline_featured_image":false},"product_brand":[],"product_cat":[189],"product_tag":[303,271,255],"class_list":{"0":"post-47112","1":"product","2":"type-product","3":"status-publish","4":"has-post-thumbnail","6":"product_cat-189","7":"product_tag-jersey","8":"product_tag-271","9":"product_tag-255","10":"pa_poiotita-640","12":"first","13":"instock","14":"shipping-taxable","15":"purchasable","16":"product-type-variable","17":"has-default-attributes"},"acf":[],"ct_brands":[],"meta_box":[],"_links":{"self":[{"href":"https:\/\/superstrom.gr\/fr\/wp-json\/wp\/v2\/product\/47112","targetHints":{"allow":["GET"]}}],"collection":[{"href":"https:\/\/superstrom.gr\/fr\/wp-json\/wp\/v2\/product"}],"about":[{"href":"https:\/\/superstrom.gr\/fr\/wp-json\/wp\/v2\/types\/product"}],"wp:featuredmedia":[{"embeddable":true,"href":"https:\/\/superstrom.gr\/fr\/wp-json\/wp\/v2\/media\/47284"}],"wp:attachment":[{"href":"https:\/\/superstrom.gr\/fr\/wp-json\/wp\/v2\/media?parent=47112"}],"wp:term":[{"taxonomy":"product_brand","embeddable":true,"href":"https:\/\/superstrom.gr\/fr\/wp-json\/wp\/v2\/product_brand?post=47112"},{"taxonomy":"product_cat","embeddable":true,"href":"https:\/\/superstrom.gr\/fr\/wp-json\/wp\/v2\/product_cat?post=47112"},{"taxonomy":"product_tag","embeddable":true,"href":"https:\/\/superstrom.gr\/fr\/wp-json\/wp\/v2\/product_tag?post=47112"}],"curies":[{"name":"wp","href":"https:\/\/api.w.org\/{rel}","templated":true}]}}