{"id":47195,"date":"2025-11-13T12:20:51","date_gmt":"2025-11-13T10:20:51","guid":{"rendered":"https:\/\/superstrom.gr\/?post_type=product&#038;p=47195"},"modified":"2026-04-02T10:39:59","modified_gmt":"2026-04-02T08:39:59","slug":"%cf%83%ce%b5%cf%84-%cf%83%ce%b5%ce%bd%cf%84%cf%8c%ce%bd%ce%b9%ce%b1-%ce%b5%ce%bc%cf%80%cf%81%ce%b9%ce%bc%ce%ad-flat-set","status":"publish","type":"product","link":"https:\/\/superstrom.gr\/fr\/produit\/%cf%83%ce%b5%cf%84-%cf%83%ce%b5%ce%bd%cf%84%cf%8c%ce%bd%ce%b9%ce%b1-%ce%b5%ce%bc%cf%80%cf%81%ce%b9%ce%bc%ce%ad-flat-set\/","title":{"rendered":"Ensemble de feuilles imprim\u00e9es Ensemble plat"},"content":{"rendered":"<p>Ensemble de feuilles imprim\u00e9es Ensemble plat<\/p>\n<p>D\u00e9couvrez la nouvelle collection de draps imprim\u00e9s et donnez du style \u00e0 votre chambre. Choisissez parmi des couleurs vives, des motifs modernes et des tissus de haute qualit\u00e9 qui offrent confort, durabilit\u00e9 et une tenue parfaite. Choisissez le motif qui vous convient et profitez d'une nuit de sommeil exceptionnelle alliant confort et luxe.<\/p>\n<p>L'ensemble se compose d'une housse de couette, d'une taie d'oreiller et de taies d'oreiller.<\/p>","protected":false},"excerpt":{"rendered":"<p>\u03a3\u03b5\u03c4 \u03c3\u03b5\u03bd\u03c4\u03cc\u03bd\u03b9\u03b1 \u03b5\u03bc\u03c0\u03c1\u03b9\u03bc\u03ad Flat Set \u0391\u03bd\u03b1\u03ba\u03b1\u03bb\u03cd\u03c8\u03c4\u03b5 \u03c4\u03b7\u03bd \u03bd\u03ad\u03b1 \u03c3\u03c5\u03bb\u03bb\u03bf\u03b3\u03ae \u03c3\u03b5\u03bd\u03c4\u03bf\u03bd\u03b9\u03ce\u03bd \u03b5\u03bc\u03c0\u03c1\u03b9\u03bc\u03ad \u03ba\u03b1\u03b9 \u03b4\u03ce\u03c3\u03c4\u03b5 \u03c3\u03c4\u03c5\u03bb \u03c3\u03c4\u03bf \u03c5\u03c0\u03bd\u03bf\u03b4\u03c9\u03bc\u03ac\u03c4\u03b9\u03cc \u03c3\u03b1\u03c2. \u0394\u03b9\u03b1\u03bb\u03ad\u03be\u03c4\u03b5 \u03b1\u03bd\u03ac\u03bc\u03b5\u03c3\u03b1 \u03c3\u03b5 \u03b6\u03c9\u03bd\u03c4\u03b1\u03bd\u03ac \u03c7\u03c1\u03ce\u03bc\u03b1\u03c4\u03b1, \u03bc\u03bf\u03bd\u03c4\u03ad\u03c1\u03bd\u03b1 \u03bc\u03bf\u03c4\u03af\u03b2\u03b1 \u03ba\u03b1\u03b9 \u03c5\u03c6\u03ac\u03c3\u03bc\u03b1\u03c4\u03b1 \u03c5\u03c8\u03b7\u03bb\u03ae\u03c2 \u03c0\u03bf\u03b9\u03cc\u03c4\u03b7\u03c4\u03b1\u03c2\u00a0 \u03c0\u03bf\u03c5 \u03c0\u03c1\u03bf\u03c3\u03c6\u03ad\u03c1\u03bf\u03c5\u03bd \u03ac\u03bd\u03b5\u03c3\u03b7, \u03b1\u03bd\u03c4\u03bf\u03c7\u03ae \u03ba\u03b1\u03b9 \u03ac\u03c8\u03bf\u03b3\u03b7 \u03b5\u03c6\u03b1\u03c1\u03bc\u03bf\u03b3\u03ae. \u0395\u03c0\u03b9\u03bb\u03ad\u03be\u03c4\u03b5 \u03c4\u03bf \u03c3\u03c7\u03ad\u03b4\u03b9\u03bf \u03c0\u03bf\u03c5 \u03c4\u03b1\u03b9\u03c1\u03b9\u03ac\u03b6\u03b5\u03b9 \u03c3\u03c4\u03bf \u03b4\u03b9\u03ba\u03cc \u03c3\u03b1\u03c2 \u03b3\u03bf\u03cd\u03c3\u03c4\u03bf \u03ba\u03b1\u03b9 \u03b1\u03c0\u03bf\u03bb\u03b1\u03cd\u03c3\u03c4\u03b5 \u03ad\u03bd\u03b1\u03bd \u03cd\u03c0\u03bd\u03bf \u03be\u03b5\u03c7\u03c9\u03c1\u03b9\u03c3\u03c4\u03cc \u03c3\u03c5\u03bd\u03b4\u03c5\u03ac\u03b6\u03bf\u03bd\u03c4\u03b1\u03c2 \u03ac\u03bd\u03b5\u03c3\u03b7 \u03ba\u03b1\u03b9 \u03c0\u03bf\u03bb\u03c5\u03c4\u03ad\u03bb\u03b5\u03b9\u03b1. \u03a4\u03bf \u03c3\u03b5\u03c4 [&hellip;]<\/p>\n","protected":false},"featured_media":47979,"template":"","meta":{"_acf_changed":false,"inline_featured_image":false},"product_brand":[],"product_cat":[189],"product_tag":[290,254],"class_list":{"0":"post-47195","1":"product","2":"type-product","3":"status-publish","4":"has-post-thumbnail","6":"product_cat-189","7":"product_tag-290","8":"product_tag-254","9":"pa_poiotita--144-","11":"first","12":"instock","13":"shipping-taxable","14":"purchasable","15":"product-type-variable","16":"has-default-attributes"},"acf":[],"ct_brands":[],"meta_box":[],"_links":{"self":[{"href":"https:\/\/superstrom.gr\/fr\/wp-json\/wp\/v2\/product\/47195","targetHints":{"allow":["GET"]}}],"collection":[{"href":"https:\/\/superstrom.gr\/fr\/wp-json\/wp\/v2\/product"}],"about":[{"href":"https:\/\/superstrom.gr\/fr\/wp-json\/wp\/v2\/types\/product"}],"wp:featuredmedia":[{"embeddable":true,"href":"https:\/\/superstrom.gr\/fr\/wp-json\/wp\/v2\/media\/47979"}],"wp:attachment":[{"href":"https:\/\/superstrom.gr\/fr\/wp-json\/wp\/v2\/media?parent=47195"}],"wp:term":[{"taxonomy":"product_brand","embeddable":true,"href":"https:\/\/superstrom.gr\/fr\/wp-json\/wp\/v2\/product_brand?post=47195"},{"taxonomy":"product_cat","embeddable":true,"href":"https:\/\/superstrom.gr\/fr\/wp-json\/wp\/v2\/product_cat?post=47195"},{"taxonomy":"product_tag","embeddable":true,"href":"https:\/\/superstrom.gr\/fr\/wp-json\/wp\/v2\/product_tag?post=47195"}],"curies":[{"name":"wp","href":"https:\/\/api.w.org\/{rel}","templated":true}]}}