{"id":47246,"date":"2025-11-13T14:19:51","date_gmt":"2025-11-13T12:19:51","guid":{"rendered":"https:\/\/superstrom.gr\/?post_type=product&#038;p=47246"},"modified":"2025-12-23T10:07:21","modified_gmt":"2025-12-23T08:07:21","slug":"%cf%80%ce%ac%cf%80%ce%bb%cf%89%ce%bc%ce%b1-%cf%80%ce%bf%cf%8d%cf%80%ce%bf%cf%85%ce%bb%ce%bf-95-5","status":"publish","type":"product","link":"https:\/\/superstrom.gr\/fr\/produit\/%cf%80%ce%ac%cf%80%ce%bb%cf%89%ce%bc%ce%b1-%cf%80%ce%bf%cf%8d%cf%80%ce%bf%cf%85%ce%bb%ce%bf-95-5\/","title":{"rendered":"Couette Pullout"},"content":{"rendered":"<p>Quilt Feather 95% plume 5% duvet blanc.<\/p>\n<p>Am\u00e9liorez votre sommeil avec une couette en duvet contenant 95% de plumes de canard et 5% de duvet blanc. Profitez de la chaleur et du confort de notre luxueuse et l\u00e9g\u00e8re couette en duvet de canard naturel, con\u00e7ue pour offrir une isolation id\u00e9ale et une sensation de l\u00e9g\u00e8ret\u00e9. Le garnissage naturel assure une excellente capacit\u00e9 de r\u00e9tention de la chaleur, tandis que les coutures d\u00e9taill\u00e9es de la couette aident \u00e0 r\u00e9partir correctement le mat\u00e9riau pour un volume constant et uniforme.<\/p>","protected":false},"excerpt":{"rendered":"<p>\u03a0\u03ac\u03c0\u03bb\u03c9\u03bc\u03b1 \u03a0\u03bf\u03cd\u03c0\u03bf\u03c5\u03bb\u03bf 95% \u03c6\u03c4\u03b5\u03c1\u03cc 5% \u03bb\u03b5\u03c5\u03ba\u03cc \u03c0\u03bf\u03cd\u03c0\u03bf\u03c5\u03bb\u03bf. \u0391\u03bd\u03b1\u03b2\u03b1\u03b8\u03bc\u03af\u03c3\u03c4\u03b5 \u03c4\u03bf\u03bd \u03cd\u03c0\u03bd\u03bf \u03c3\u03b1\u03c2 \u03bc\u03b5 \u03c0\u03ac\u03c0\u03bb\u03c9\u03bc\u03b1 \u03c0\u03bf\u03c5\u03c0\u03bf\u03c5\u03bb\u03ad\u03bd\u03b9\u03bf \u03bc\u03b5 95% \u03c6\u03c4\u03b5\u03c1\u03cc \u03c0\u03ac\u03c0\u03b9\u03b1\u03c2 \u03ba\u03b1\u03b9 5% \u03bb\u03b5\u03c5\u03ba\u03cc \u03c0\u03bf\u03cd\u03c0\u03bf\u03c5\u03bb\u03bf. \u0391\u03c0\u03bf\u03bb\u03b1\u03cd\u03c3\u03c4\u03b5 \u03b6\u03b5\u03c3\u03c4\u03b1\u03c3\u03b9\u03ac \u03ba\u03b1\u03b9 \u03ac\u03bd\u03b5\u03c3\u03b7 \u03bc\u03b5 \u03c4\u03bf \u03c0\u03bf\u03bb\u03c5\u03c4\u03b5\u03bb\u03ad\u03c2 \u03ba\u03b1\u03b9 \u03b5\u03bb\u03b1\u03c6\u03c1\u03cd \u03c0\u03ac\u03c0\u03bb\u03c9\u03bc\u03b1 \u03bc\u03b5 \u03c6\u03c5\u03c3\u03b9\u03ba\u03cc \u03c0\u03bf\u03cd\u03c0\u03bf\u03c5\u03bb\u03bf \u03c0\u03ac\u03c0\u03b9\u03b1\u03c2, \u03c3\u03c7\u03b5\u03b4\u03b9\u03b1\u03c3\u03bc\u03ad\u03bd\u03bf \u03bd\u03b1 \u03c0\u03c1\u03bf\u03c3\u03c6\u03ad\u03c1\u03b5\u03b9 \u03b9\u03b4\u03b1\u03bd\u03b9\u03ba\u03ae \u03b8\u03b5\u03c1\u03bc\u03bf\u03bc\u03cc\u03bd\u03c9\u03c3\u03b7 \u03ba\u03b1\u03b9 \u03b1\u03bd\u03ac\u03bb\u03b1\u03c6\u03c1\u03b7 \u03b1\u03af\u03c3\u03b8\u03b7\u03c3\u03b7. \u03a4\u03bf \u03c6\u03c5\u03c3\u03b9\u03ba\u03cc \u03b3\u03ad\u03bc\u03b9\u03c3\u03bc\u03b1 \u03b5\u03be\u03b1\u03c3\u03c6\u03b1\u03bb\u03af\u03b6\u03b5\u03b9 \u03b5\u03be\u03b1\u03b9\u03c1\u03b5\u03c4\u03b9\u03ba\u03ae \u03b9\u03ba\u03b1\u03bd\u03cc\u03c4\u03b7\u03c4\u03b1 \u03b4\u03b9\u03b1\u03c4\u03ae\u03c1\u03b7\u03c3\u03b7\u03c2 \u03b8\u03b5\u03c1\u03bc\u03cc\u03c4\u03b7\u03c4\u03b1\u03c2, \u03b5\u03bd\u03ce \u03b7 \u03bb\u03b5\u03c0\u03c4\u03bf\u03bc\u03b5\u03c1\u03ae\u03c2 [&hellip;]<\/p>\n","protected":false},"featured_media":47676,"template":"","meta":{"_acf_changed":false,"inline_featured_image":false},"product_brand":[],"product_cat":[188],"product_tag":[291,292],"class_list":{"0":"post-47246","1":"product","2":"type-product","3":"status-publish","4":"has-post-thumbnail","6":"product_cat-188","7":"product_tag-291","8":"product_tag-292","10":"first","11":"instock","12":"shipping-taxable","13":"purchasable","14":"product-type-variable"},"acf":[],"ct_brands":[],"meta_box":[],"_links":{"self":[{"href":"https:\/\/superstrom.gr\/fr\/wp-json\/wp\/v2\/product\/47246","targetHints":{"allow":["GET"]}}],"collection":[{"href":"https:\/\/superstrom.gr\/fr\/wp-json\/wp\/v2\/product"}],"about":[{"href":"https:\/\/superstrom.gr\/fr\/wp-json\/wp\/v2\/types\/product"}],"wp:featuredmedia":[{"embeddable":true,"href":"https:\/\/superstrom.gr\/fr\/wp-json\/wp\/v2\/media\/47676"}],"wp:attachment":[{"href":"https:\/\/superstrom.gr\/fr\/wp-json\/wp\/v2\/media?parent=47246"}],"wp:term":[{"taxonomy":"product_brand","embeddable":true,"href":"https:\/\/superstrom.gr\/fr\/wp-json\/wp\/v2\/product_brand?post=47246"},{"taxonomy":"product_cat","embeddable":true,"href":"https:\/\/superstrom.gr\/fr\/wp-json\/wp\/v2\/product_cat?post=47246"},{"taxonomy":"product_tag","embeddable":true,"href":"https:\/\/superstrom.gr\/fr\/wp-json\/wp\/v2\/product_tag?post=47246"}],"curies":[{"name":"wp","href":"https:\/\/api.w.org\/{rel}","templated":true}]}}