{"id":47265,"date":"2025-11-13T16:21:10","date_gmt":"2025-11-13T14:21:10","guid":{"rendered":"https:\/\/superstrom.gr\/?post_type=product&#038;p=47265"},"modified":"2025-12-23T10:07:21","modified_gmt":"2025-12-23T08:07:21","slug":"%ce%b7%ce%bb%ce%b5%ce%ba%cf%84%cf%81%ce%b9%ce%ba%ce%ae-%ce%ba%ce%bf%cf%85%ce%b2%ce%ad%cf%81%cf%84%ce%b1","status":"publish","type":"product","link":"https:\/\/superstrom.gr\/fr\/produit\/%ce%b7%ce%bb%ce%b5%ce%ba%cf%84%cf%81%ce%b9%ce%ba%ce%ae-%ce%ba%ce%bf%cf%85%ce%b2%ce%ad%cf%81%cf%84%ce%b1\/","title":{"rendered":"Couverture \u00e9lectrique"},"content":{"rendered":"<p>Couverture \u00e9lectrique<\/p>\n<p>Profitez du confort et d'une chaleur constante gr\u00e2ce \u00e0 notre couverture \u00e9lectrique, con\u00e7ue pour apporter de la chaleur lors des journ\u00e9es et des nuits froides. Dot\u00e9e d'une technologie de chauffage moderne et de niveaux d'intensit\u00e9 r\u00e9glables, elle s'adapte facilement \u00e0 vos besoins et assure une r\u00e9partition uniforme de la chaleur sur toute sa surface. Fabriqu\u00e9e \u00e0 partir de mat\u00e9riaux doux et durables, elle offre une texture agr\u00e9able et un fonctionnement robuste.<\/p>","protected":false},"excerpt":{"rendered":"<p>\u0397\u03bb\u03b5\u03ba\u03c4\u03c1\u03b9\u03ba\u03ae \u03ba\u03bf\u03c5\u03b2\u03ad\u03c1\u03c4\u03b1 \u0391\u03c0\u03bf\u03bb\u03b1\u03cd\u03c3\u03c4\u03b5 \u03ac\u03bd\u03b5\u03c3\u03b7 \u03ba\u03b1\u03b9 \u03c3\u03c4\u03b1\u03b8\u03b5\u03c1\u03ae \u03b8\u03b5\u03c1\u03bc\u03cc\u03c4\u03b7\u03c4\u03b1 \u03bc\u03b5 \u03c4\u03b7\u03bd \u03b7\u03bb\u03b5\u03ba\u03c4\u03c1\u03b9\u03ba\u03ae \u03bc\u03b1\u03c2 \u03ba\u03bf\u03c5\u03b2\u03ad\u03c1\u03c4\u03b1, \u03c3\u03c7\u03b5\u03b4\u03b9\u03b1\u03c3\u03bc\u03ad\u03bd\u03b7 \u03b3\u03b9\u03b1 \u03bd\u03b1 \u03c0\u03c1\u03bf\u03c3\u03c6\u03ad\u03c1\u03b5\u03b9 \u03b6\u03b5\u03c3\u03c4\u03b1\u03c3\u03b9\u03ac \u03c4\u03b9\u03c2 \u03ba\u03c1\u03cd\u03b5\u03c2 \u03b7\u03bc\u03ad\u03c1\u03b5\u03c2 \u03ba\u03b1\u03b9 \u03bd\u03cd\u03c7\u03c4\u03b5\u03c2. \u039c\u03b5 \u03c3\u03cd\u03b3\u03c7\u03c1\u03bf\u03bd\u03b7 \u03c4\u03b5\u03c7\u03bd\u03bf\u03bb\u03bf\u03b3\u03af\u03b1 \u03b8\u03ad\u03c1\u03bc\u03b1\u03bd\u03c3\u03b7\u03c2 \u03ba\u03b1\u03b9 \u03c1\u03c5\u03b8\u03bc\u03b9\u03b6\u03cc\u03bc\u03b5\u03bd\u03b5\u03c2 \u03b2\u03b1\u03b8\u03bc\u03af\u03b4\u03b5\u03c2 \u03ad\u03bd\u03c4\u03b1\u03c3\u03b7\u03c2, \u03c0\u03c1\u03bf\u03c3\u03b1\u03c1\u03bc\u03cc\u03b6\u03b5\u03c4\u03b1\u03b9 \u03b5\u03cd\u03ba\u03bf\u03bb\u03b1 \u03c3\u03c4\u03b9\u03c2 \u03b1\u03bd\u03ac\u03b3\u03ba\u03b5\u03c2 \u03c3\u03b1\u03c2 \u03ba\u03b1\u03b9 \u03b5\u03be\u03b1\u03c3\u03c6\u03b1\u03bb\u03af\u03b6\u03b5\u03b9 \u03bf\u03bc\u03bf\u03b9\u03cc\u03bc\u03bf\u03c1\u03c6\u03b7 \u03ba\u03b1\u03c4\u03b1\u03bd\u03bf\u03bc\u03ae \u03b8\u03b5\u03c1\u03bc\u03cc\u03c4\u03b7\u03c4\u03b1\u03c2 \u03c3\u03b5 \u03cc\u03bb\u03b7 \u03c4\u03b7\u03bd \u03b5\u03c0\u03b9\u03c6\u03ac\u03bd\u03b5\u03b9\u03b1. \u039a\u03b1\u03c4\u03b1\u03c3\u03ba\u03b5\u03c5\u03b1\u03c3\u03bc\u03ad\u03bd\u03b7 \u03b1\u03c0\u03cc \u03b1\u03c0\u03b1\u03bb\u03ac \u03ba\u03b1\u03b9 \u03b1\u03bd\u03b8\u03b5\u03ba\u03c4\u03b9\u03ba\u03ac \u03c5\u03bb\u03b9\u03ba\u03ac, \u03c0\u03c1\u03bf\u03c3\u03c6\u03ad\u03c1\u03b5\u03b9 \u03b5\u03c5\u03c7\u03ac\u03c1\u03b9\u03c3\u03c4\u03b7 \u03c5\u03c6\u03ae \u03ba\u03b1\u03b9 \u03c3\u03c4\u03b9\u03b2\u03b1\u03c1\u03ae [&hellip;]<\/p>\n","protected":false},"featured_media":47277,"template":"","meta":{"_acf_changed":false,"inline_featured_image":false},"product_brand":[],"product_cat":[190],"product_tag":[296],"class_list":{"0":"post-47265","1":"product","2":"type-product","3":"status-publish","4":"has-post-thumbnail","6":"product_cat-190","7":"product_tag-296","9":"first","10":"instock","11":"shipping-taxable","12":"purchasable","13":"product-type-variable","14":"has-default-attributes"},"acf":[],"ct_brands":[],"meta_box":[],"_links":{"self":[{"href":"https:\/\/superstrom.gr\/fr\/wp-json\/wp\/v2\/product\/47265","targetHints":{"allow":["GET"]}}],"collection":[{"href":"https:\/\/superstrom.gr\/fr\/wp-json\/wp\/v2\/product"}],"about":[{"href":"https:\/\/superstrom.gr\/fr\/wp-json\/wp\/v2\/types\/product"}],"wp:featuredmedia":[{"embeddable":true,"href":"https:\/\/superstrom.gr\/fr\/wp-json\/wp\/v2\/media\/47277"}],"wp:attachment":[{"href":"https:\/\/superstrom.gr\/fr\/wp-json\/wp\/v2\/media?parent=47265"}],"wp:term":[{"taxonomy":"product_brand","embeddable":true,"href":"https:\/\/superstrom.gr\/fr\/wp-json\/wp\/v2\/product_brand?post=47265"},{"taxonomy":"product_cat","embeddable":true,"href":"https:\/\/superstrom.gr\/fr\/wp-json\/wp\/v2\/product_cat?post=47265"},{"taxonomy":"product_tag","embeddable":true,"href":"https:\/\/superstrom.gr\/fr\/wp-json\/wp\/v2\/product_tag?post=47265"}],"curies":[{"name":"wp","href":"https:\/\/api.w.org\/{rel}","templated":true}]}}