{"id":47404,"date":"2025-11-17T13:04:43","date_gmt":"2025-11-17T11:04:43","guid":{"rendered":"https:\/\/superstrom.gr\/?post_type=product&#038;p=47404"},"modified":"2025-12-23T10:07:21","modified_gmt":"2025-12-23T08:07:21","slug":"%cf%83%ce%b5%cf%84-%cf%80%ce%b5%cf%84%cf%83%ce%ad%cf%84%ce%b5%cf%82-basic","status":"publish","type":"product","link":"https:\/\/superstrom.gr\/fr\/produit\/%cf%83%ce%b5%cf%84-%cf%80%ce%b5%cf%84%cf%83%ce%ad%cf%84%ce%b5%cf%82-basic\/","title":{"rendered":"Ensemble de serviettes de base"},"content":{"rendered":"<p>Set de 3 serviettes Collection Basic<\/p>\n<p>Cet ensemble de 3 pi\u00e8ces allie qualit\u00e9, durabilit\u00e9 et design \u00e9l\u00e9gant. Il est fabriqu\u00e9 en coton 100% de haute qualit\u00e9, offrant une excellente capacit\u00e9 d'absorption et une sensation de douceur sur la peau. Id\u00e9al pour un usage quotidien \u00e0 la maison. Ils restent doux et absorbants apr\u00e8s chaque lavage et leur composition dense leur assure une longue dur\u00e9e de vie.<\/p>","protected":false},"excerpt":{"rendered":"<p>\u03a3\u03b5\u03c4 \u03c0\u03b5\u03c4\u03c3\u03ad\u03c4\u03b5\u03c2 3 \u03c4\u03b5\u03bc\u03b1\u03c7\u03af\u03c9\u03bd Basic collection \u03a4\u03bf \u03c3\u03b5\u03c4 3 \u03c4\u03b5\u03bc\u03b1\u03c7\u03af\u03c9\u03bd \u03c3\u03c5\u03bd\u03b4\u03c5\u03ac\u03b6\u03b5\u03b9 \u03c0\u03bf\u03b9\u03cc\u03c4\u03b7\u03c4\u03b1, \u03b1\u03bd\u03c4\u03bf\u03c7\u03ae \u03ba\u03b1\u03b9 \u03ba\u03bf\u03bc\u03c8\u03cc design. \u0395\u03af\u03bd\u03b1\u03b9 \u03ba\u03b1\u03c4\u03b1\u03c3\u03ba\u03b5\u03c5\u03b1\u03c3\u03bc\u03ad\u03bd\u03bf \u03b1\u03c0\u03cc 100% \u03b2\u03b1\u03bc\u03b2\u03ac\u03ba\u03b9 \u03c5\u03c8\u03b7\u03bb\u03ae\u03c2 \u03c0\u03bf\u03b9\u03cc\u03c4\u03b7\u03c4\u03b1\u03c2, \u03c0\u03c1\u03bf\u03c3\u03c6\u03ad\u03c1\u03bf\u03bd\u03c4\u03b1\u03c2 \u03b5\u03be\u03b1\u03b9\u03c1\u03b5\u03c4\u03b9\u03ba\u03ae \u03b1\u03c0\u03bf\u03c1\u03c1\u03bf\u03c6\u03b7\u03c4\u03b9\u03ba\u03cc\u03c4\u03b7\u03c4\u03b1 \u03ba\u03b1\u03b9 \u03b1\u03c0\u03b1\u03bb\u03ae \u03b1\u03af\u03c3\u03b8\u03b7\u03c3\u03b7 \u03c3\u03c4\u03bf \u03b4\u03ad\u03c1\u03bc\u03b1. \u0399\u03b4\u03b1\u03bd\u03b9\u03ba\u03ad\u03c2 \u03b3\u03b9\u03b1 \u03ba\u03b1\u03b8\u03b7\u03bc\u03b5\u03c1\u03b9\u03bd\u03ae \u03c7\u03c1\u03ae\u03c3\u03b7 \u03c3\u03c4\u03bf \u03c3\u03c0\u03af\u03c4\u03b9. \u03a0\u03b1\u03c1\u03b1\u03bc\u03ad\u03bd\u03bf\u03c5\u03bd \u03b1\u03c0\u03b1\u03bb\u03ad\u03c2 \u03ba\u03b1\u03b9 \u03b1\u03c0\u03bf\u03c1\u03c1\u03bf\u03c6\u03b7\u03c4\u03b9\u03ba\u03ad\u03c2 \u03bc\u03b5\u03c4\u03ac \u03b1\u03c0\u03cc \u03ba\u03ac\u03b8\u03b5 \u03c0\u03bb\u03cd\u03c3\u03b7 \u03b5\u03bd\u03ce \u03b7 \u03c0\u03c5\u03ba\u03bd\u03ae \u03c3\u03cd\u03bd\u03b8\u03b5\u03c3\u03ae \u03c4\u03bf\u03c5\u03c2 \u03b5\u03be\u03b1\u03c3\u03c6\u03b1\u03bb\u03af\u03b6\u03b5\u03b9 \u03bc\u03b5\u03b3\u03ac\u03bb\u03b7 \u03b4\u03b9\u03ac\u03c1\u03ba\u03b5\u03b9\u03b1 \u03b6\u03c9\u03ae\u03c2.<\/p>","protected":false},"featured_media":47405,"template":"","meta":{"_acf_changed":false,"inline_featured_image":false},"product_brand":[],"product_cat":[191],"product_tag":[298,297],"class_list":{"0":"post-47404","1":"product","2":"type-product","3":"status-publish","4":"has-post-thumbnail","6":"product_cat-191","7":"product_tag-298","8":"product_tag-297","10":"first","11":"instock","12":"shipping-taxable","13":"purchasable","14":"product-type-variable","15":"has-default-attributes"},"acf":[],"ct_brands":[],"meta_box":[],"_links":{"self":[{"href":"https:\/\/superstrom.gr\/fr\/wp-json\/wp\/v2\/product\/47404","targetHints":{"allow":["GET"]}}],"collection":[{"href":"https:\/\/superstrom.gr\/fr\/wp-json\/wp\/v2\/product"}],"about":[{"href":"https:\/\/superstrom.gr\/fr\/wp-json\/wp\/v2\/types\/product"}],"wp:featuredmedia":[{"embeddable":true,"href":"https:\/\/superstrom.gr\/fr\/wp-json\/wp\/v2\/media\/47405"}],"wp:attachment":[{"href":"https:\/\/superstrom.gr\/fr\/wp-json\/wp\/v2\/media?parent=47404"}],"wp:term":[{"taxonomy":"product_brand","embeddable":true,"href":"https:\/\/superstrom.gr\/fr\/wp-json\/wp\/v2\/product_brand?post=47404"},{"taxonomy":"product_cat","embeddable":true,"href":"https:\/\/superstrom.gr\/fr\/wp-json\/wp\/v2\/product_cat?post=47404"},{"taxonomy":"product_tag","embeddable":true,"href":"https:\/\/superstrom.gr\/fr\/wp-json\/wp\/v2\/product_tag?post=47404"}],"curies":[{"name":"wp","href":"https:\/\/api.w.org\/{rel}","templated":true}]}}