{"id":47604,"date":"2025-11-17T17:28:31","date_gmt":"2025-11-17T15:28:31","guid":{"rendered":"https:\/\/superstrom.gr\/?post_type=product&#038;p=47604"},"modified":"2025-12-23T10:07:21","modified_gmt":"2025-12-23T08:07:21","slug":"%ce%bc%cf%80%ce%bf%cf%85%cf%81%ce%bd%ce%bf%cf%8d%ce%b6%ce%b9","status":"publish","type":"product","link":"https:\/\/superstrom.gr\/fr\/produit\/%ce%bc%cf%80%ce%bf%cf%85%cf%81%ce%bd%ce%bf%cf%8d%ce%b6%ce%b9\/","title":{"rendered":"Peignoir"},"content":{"rendered":"<p>Des peignoirs doux, absorbants et confortables pour tous les jours. Choisissez entre deux couleurs et sentez la douceur et la d\u00e9tente apr\u00e8s le bain. Ils \u00e9pousent le corps avec soin et sont tr\u00e8s bien ajust\u00e9s.<\/p>","protected":false},"excerpt":{"rendered":"<p>Des peignoirs doux, absorbants et confortables pour tous les jours. Choisissez entre deux couleurs et sentez la douceur et la d\u00e9tente apr\u00e8s le bain. Ils \u00e9pousent le corps avec soin et sont tr\u00e8s bien ajust\u00e9s.<\/p>","protected":false},"featured_media":47605,"template":"","meta":{"_acf_changed":false,"inline_featured_image":false},"product_brand":[],"product_cat":[192],"product_tag":[310],"class_list":{"0":"post-47604","1":"product","2":"type-product","3":"status-publish","4":"has-post-thumbnail","6":"product_cat-192","7":"product_tag-310","9":"first","10":"instock","11":"shipping-taxable","12":"purchasable","13":"product-type-variable","14":"has-default-attributes"},"acf":[],"ct_brands":[],"meta_box":[],"_links":{"self":[{"href":"https:\/\/superstrom.gr\/fr\/wp-json\/wp\/v2\/product\/47604","targetHints":{"allow":["GET"]}}],"collection":[{"href":"https:\/\/superstrom.gr\/fr\/wp-json\/wp\/v2\/product"}],"about":[{"href":"https:\/\/superstrom.gr\/fr\/wp-json\/wp\/v2\/types\/product"}],"wp:featuredmedia":[{"embeddable":true,"href":"https:\/\/superstrom.gr\/fr\/wp-json\/wp\/v2\/media\/47605"}],"wp:attachment":[{"href":"https:\/\/superstrom.gr\/fr\/wp-json\/wp\/v2\/media?parent=47604"}],"wp:term":[{"taxonomy":"product_brand","embeddable":true,"href":"https:\/\/superstrom.gr\/fr\/wp-json\/wp\/v2\/product_brand?post=47604"},{"taxonomy":"product_cat","embeddable":true,"href":"https:\/\/superstrom.gr\/fr\/wp-json\/wp\/v2\/product_cat?post=47604"},{"taxonomy":"product_tag","embeddable":true,"href":"https:\/\/superstrom.gr\/fr\/wp-json\/wp\/v2\/product_tag?post=47604"}],"curies":[{"name":"wp","href":"https:\/\/api.w.org\/{rel}","templated":true}]}}