{"id":5217,"date":"2024-12-09T10:59:16","date_gmt":"2024-12-09T08:59:16","guid":{"rendered":"https:\/\/superstrom.gr\/?post_type=product&#038;p=5217"},"modified":"2026-04-15T14:37:38","modified_gmt":"2026-04-15T12:37:38","slug":"%cf%83%cf%84%cf%81%cf%8e%ce%bc%ce%b1-fit","status":"publish","type":"product","link":"https:\/\/superstrom.gr\/fr\/produit\/%cf%83%cf%84%cf%81%cf%8e%ce%bc%ce%b1-fit\/","title":{"rendered":"Matelas adapt\u00e9"},"content":{"rendered":"<p>\u03a4\u03bf \u03ba\u03bb\u03b1\u03c3\u03b9\u03ba\u03cc \u03bf\u03c1\u03b8\u03bf\u03c0\u03b5\u03b4\u03b9\u03ba\u03cc \u03c3\u03c4\u03c1\u03ce\u03bc\u03b1 Fit \u03b1\u03c0\u03cc \u03c4\u03b7\u03bd <strong>Standard<\/strong> \u03c3\u03b5\u03b9\u03c1\u03ac \u03bc\u03b1\u03c2 , \u03b4\u03b9\u03b1\u03b8\u03ad\u03c4\u03b5\u03b9 \u03c0\u03b1\u03c1\u03b1\u03b4\u03bf\u03c3\u03b9\u03b1\u03ba\u03ac \u03b5\u03bb\u03b1\u03c4\u03ae\u03c1\u03b9\u03b1 &#8221;bonel spring&#8221; \u03bc\u03b5 \u03c3\u03cd\u03b3\u03c7\u03c1\u03bf\u03bd\u03b1 \u03c5\u03bb\u03b9\u03ba\u03ac \u03b5\u03be\u03b1\u03c3\u03c6\u03b1\u03bb\u03af\u03b6\u03b5\u03b9 \u03c3\u03c4\u03b1\u03b8\u03b5\u03c1\u03cc\u03c4\u03b7\u03c4\u03b1, \u03ac\u03bd\u03b5\u03c3\u03b7 \u03ba\u03b1\u03b8\u03ce\u03c2 \u03ba\u03b1\u03b9 \u03ac\u03c1\u03b9\u03c3\u03c4\u03b7 \u03c5\u03c0\u03bf\u03c3\u03c4\u03ae\u03c1\u03b9\u03be\u03b7 \u03b1\u03c5\u03c7\u03ad\u03bd\u03b1 \u03ba\u03b1\u03b9 \u03c3\u03c0\u03bf\u03bd\u03b4\u03c5\u03bb\u03b9\u03ba\u03ae\u03c2 \u03c3\u03c4\u03ae\u03bb\u03b7\u03c2 .<\/p>\n<p>Sa composition comprend des couches de coco, d'ouate de coton blanc et d'ouate de polyester qui contribuent \u00e0 une bonne ventilation et \u00e0 la protection du matelas contre les acariens et la poussi\u00e8re, le maintenant frais et hygi\u00e9nique, tandis que le tissu non tiss\u00e9 assure une bonne ventilation et \u00e9vite l'accumulation d'humidit\u00e9.<\/p>\n<p>Le tissu jacquard compl\u00e8te la composition pour un sommeil sain et de qualit\u00e9.<\/p>\n<p>&nbsp;<\/p>","protected":false},"excerpt":{"rendered":"<p><strong>DURETE :\u00a0 \u00a0 \u00a0 \u00a0<\/strong><img fetchpriority=\"high\" decoding=\"async\" class=\"alignnone wp-image-46939 size-medium\" src=\"https:\/\/superstrom.gr\/wp-content\/uploads\/2024\/12\/Fit.svg\" alt=\"\" width=\"300\" height=\"300\" \/><\/p>\n<p><img decoding=\"async\" class=\"alignnone wp-image-48230 size-full\" src=\"https:\/\/superstrom.gr\/wp-content\/uploads\/2024\/12\/5year.png\" alt=\"\" width=\"103\" height=\"100\" srcset=\"https:\/\/superstrom.gr\/wp-content\/uploads\/2024\/12\/5year.png 103w, https:\/\/superstrom.gr\/wp-content\/uploads\/2024\/12\/5year-12x12.png 12w\" sizes=\"(max-width: 103px) 100vw, 103px\" \/>\u00a0 \u00a0 \u00a0<img decoding=\"async\" class=\"alignnone wp-image-48223 size-full\" src=\"https:\/\/superstrom.gr\/wp-content\/uploads\/2024\/12\/20-cm-final-1-1.png\" alt=\"\" width=\"193\" height=\"84\" srcset=\"https:\/\/superstrom.gr\/wp-content\/uploads\/2024\/12\/20-cm-final-1-1.png 193w, https:\/\/superstrom.gr\/wp-content\/uploads\/2024\/12\/20-cm-final-1-1-18x8.png 18w\" sizes=\"(max-width: 193px) 100vw, 193px\" \/><\/p>","protected":false},"featured_media":38460,"template":"","meta":{"_acf_changed":false,"inline_featured_image":false},"product_brand":[],"product_cat":[61,207],"product_tag":[],"class_list":{"0":"post-5217","1":"product","2":"type-product","3":"status-publish","4":"has-post-thumbnail","6":"product_cat-61","7":"product_cat-standard","8":"pa_-251","10":"first","11":"instock","12":"shipping-taxable","13":"purchasable","14":"product-type-variable","15":"has-default-attributes"},"acf":[],"ct_brands":[],"meta_box":[],"_links":{"self":[{"href":"https:\/\/superstrom.gr\/fr\/wp-json\/wp\/v2\/product\/5217","targetHints":{"allow":["GET"]}}],"collection":[{"href":"https:\/\/superstrom.gr\/fr\/wp-json\/wp\/v2\/product"}],"about":[{"href":"https:\/\/superstrom.gr\/fr\/wp-json\/wp\/v2\/types\/product"}],"wp:featuredmedia":[{"embeddable":true,"href":"https:\/\/superstrom.gr\/fr\/wp-json\/wp\/v2\/media\/38460"}],"wp:attachment":[{"href":"https:\/\/superstrom.gr\/fr\/wp-json\/wp\/v2\/media?parent=5217"}],"wp:term":[{"taxonomy":"product_brand","embeddable":true,"href":"https:\/\/superstrom.gr\/fr\/wp-json\/wp\/v2\/product_brand?post=5217"},{"taxonomy":"product_cat","embeddable":true,"href":"https:\/\/superstrom.gr\/fr\/wp-json\/wp\/v2\/product_cat?post=5217"},{"taxonomy":"product_tag","embeddable":true,"href":"https:\/\/superstrom.gr\/fr\/wp-json\/wp\/v2\/product_tag?post=5217"}],"curies":[{"name":"wp","href":"https:\/\/api.w.org\/{rel}","templated":true}]}}