{"id":5218,"date":"2024-12-09T10:59:17","date_gmt":"2024-12-09T08:59:17","guid":{"rendered":"https:\/\/superstrom.gr\/?post_type=product&#038;p=5218"},"modified":"2026-03-24T10:54:28","modified_gmt":"2026-03-24T08:54:28","slug":"%cf%83%cf%84%cf%81%cf%8e%ce%bc%ce%b1-gold","status":"publish","type":"product","link":"https:\/\/superstrom.gr\/fr\/produit\/%cf%83%cf%84%cf%81%cf%8e%ce%bc%ce%b1-gold\/","title":{"rendered":"Couche d'or"},"content":{"rendered":"<div class=\"page\" title=\"Page 10\">\n<div class=\"layoutArea\">\n<div class=\"column\">\n<p>Le matelas orthop\u00e9dique classique Gold de <strong>Standard<\/strong> Notre gamme dispose de ressorts classiques fabriqu\u00e9s \u00e0 partir de mat\u00e9riaux modernes et, combin\u00e9s \u00e0 une mousse haute densit\u00e9, garantit stabilit\u00e9, confort et un excellent soutien de la nuque et de la colonne vert\u00e9brale. .<\/p>\n<p>Sa composition comprend des couches de coco, d'ouate de coton blanc et d'ouate de polyester qui contribuent \u00e0 une bonne ventilation et \u00e0 la protection du matelas contre les acariens et la poussi\u00e8re, le maintenant frais et hygi\u00e9nique, tandis que le tissu non tiss\u00e9 assure une bonne ventilation et \u00e9vite l'accumulation d'humidit\u00e9.<br \/>\nUne couche suppl\u00e9mentaire de mousse \u00e9lastique de chaque c\u00f4t\u00e9 offre une d\u00e9tente suppl\u00e9mentaire aux muscles, avec une r\u00e9cup\u00e9ration imm\u00e9diate, augmentant la sensation de confort et de fra\u00eecheur.<\/p>\n<p>Le tissu jacquard compl\u00e8te la composition pour un sommeil sain et de qualit\u00e9.<\/p>\n<p>&nbsp;<\/p>\n<\/div>\n<\/div>\n<\/div>","protected":false},"excerpt":{"rendered":"<p><strong>DURETE :\u00a0 \u00a0 \u00a0 \u00a0<\/strong><img fetchpriority=\"high\" decoding=\"async\" class=\"alignnone wp-image-46940 size-medium\" src=\"https:\/\/superstrom.gr\/wp-content\/uploads\/2024\/12\/Gold.svg\" alt=\"\" width=\"300\" height=\"300\" \/><\/p>\n<p><img decoding=\"async\" class=\"alignnone wp-image-48229 size-full\" src=\"https:\/\/superstrom.gr\/wp-content\/uploads\/2024\/12\/10year.png\" alt=\"\" width=\"103\" height=\"100\" srcset=\"https:\/\/superstrom.gr\/wp-content\/uploads\/2024\/12\/10year.png 103w, https:\/\/superstrom.gr\/wp-content\/uploads\/2024\/12\/10year-12x12.png 12w\" sizes=\"(max-width: 103px) 100vw, 103px\" \/>\u00a0 \u00a0 \u00a0<img decoding=\"async\" class=\"alignnone wp-image-48227 size-full\" src=\"https:\/\/superstrom.gr\/wp-content\/uploads\/2024\/12\/24-cm-final.png\" alt=\"\" width=\"193\" height=\"84\" srcset=\"https:\/\/superstrom.gr\/wp-content\/uploads\/2024\/12\/24-cm-final.png 193w, https:\/\/superstrom.gr\/wp-content\/uploads\/2024\/12\/24-cm-final-18x8.png 18w\" sizes=\"(max-width: 193px) 100vw, 193px\" \/><\/p>","protected":false},"featured_media":38463,"template":"","meta":{"_acf_changed":false,"inline_featured_image":false},"product_brand":[],"product_cat":[207,61],"product_tag":[],"class_list":{"0":"post-5218","1":"product","2":"type-product","3":"status-publish","4":"has-post-thumbnail","6":"product_cat-standard","7":"product_cat-61","8":"pa_-253","10":"first","11":"instock","12":"shipping-taxable","13":"purchasable","14":"product-type-variable","15":"has-default-attributes"},"acf":[],"ct_brands":[],"meta_box":[],"_links":{"self":[{"href":"https:\/\/superstrom.gr\/fr\/wp-json\/wp\/v2\/product\/5218","targetHints":{"allow":["GET"]}}],"collection":[{"href":"https:\/\/superstrom.gr\/fr\/wp-json\/wp\/v2\/product"}],"about":[{"href":"https:\/\/superstrom.gr\/fr\/wp-json\/wp\/v2\/types\/product"}],"wp:featuredmedia":[{"embeddable":true,"href":"https:\/\/superstrom.gr\/fr\/wp-json\/wp\/v2\/media\/38463"}],"wp:attachment":[{"href":"https:\/\/superstrom.gr\/fr\/wp-json\/wp\/v2\/media?parent=5218"}],"wp:term":[{"taxonomy":"product_brand","embeddable":true,"href":"https:\/\/superstrom.gr\/fr\/wp-json\/wp\/v2\/product_brand?post=5218"},{"taxonomy":"product_cat","embeddable":true,"href":"https:\/\/superstrom.gr\/fr\/wp-json\/wp\/v2\/product_cat?post=5218"},{"taxonomy":"product_tag","embeddable":true,"href":"https:\/\/superstrom.gr\/fr\/wp-json\/wp\/v2\/product_tag?post=5218"}],"curies":[{"name":"wp","href":"https:\/\/api.w.org\/{rel}","templated":true}]}}