{"id":5221,"date":"2024-12-09T10:59:12","date_gmt":"2024-12-09T08:59:12","guid":{"rendered":"https:\/\/superstrom.gr\/?post_type=product&#038;p=5221"},"modified":"2026-03-24T11:00:51","modified_gmt":"2026-03-24T09:00:51","slug":"%cf%83%cf%84%cf%81%cf%8e%ce%bc%ce%b1-gemma","status":"publish","type":"product","link":"https:\/\/superstrom.gr\/fr\/produit\/%cf%83%cf%84%cf%81%cf%8e%ce%bc%ce%b1-gemma\/","title":{"rendered":"Matelas Gemma"},"content":{"rendered":"<p>D\u00e9couvrez le sommeil de vos r\u00eaves avec le matelas Gemma de <strong>Avanc\u00e9<\/strong> qui am\u00e9liorera votre exp\u00e9rience chaque nuit ! Avec des mat\u00e9riaux de premi\u00e8re qualit\u00e9 et un design innovant, notre matelas offre un confort, un soutien et une hygi\u00e8ne que vous appr\u00e9cierez d\u00e8s le premier instant.<br \/>\nLa technologie des \u201cressorts ensach\u00e9s\u201d vous offre un soutien dans toutes les parties du corps, sans interf\u00e9rer avec les mouvements de votre partenaire. La lame d'acier qui entoure le matelas assure une stabilit\u00e9 parfaite et augmente la durabilit\u00e9, tandis que la mousse haute densit\u00e9 offre un \u00e9quilibre parfait entre soutien et confort, adaptant le soutien anatomique aux mouvements du corps pour un sommeil parfaitement r\u00e9parateur.<br \/>\nLe support protecteur non tiss\u00e9 assure une bonne ventilation et une protection contre les allerg\u00e8nes, tandis que le traitement \u00e0 l'aloe vera du tissu lui conf\u00e8re des propri\u00e9t\u00e9s antibact\u00e9riennes et apaisantes. L'all\u00e8gement de la pression est obtenu gr\u00e2ce \u00e0 la mousse \u00e9lastique, qui offre une sensation de douceur exceptionnelle, d\u00e9tend le corps et vous offre un sommeil de rajeunissement et de bien-\u00eatre total.<\/p>\n<p>Il est id\u00e9al pour ceux qui ont besoin d'un soutien ad\u00e9quat, car les ressorts ind\u00e9pendants aident \u00e0 aligner correctement le corps et \u00e0 soulager la pression sur les zones critiques. Il convient \u00e9galement aux personnes souffrant d'allergies, car il prot\u00e8ge contre la poussi\u00e8re et les acariens, offrant ainsi un sommeil propre et sain. Enfin, le matelas offre un grand confort car la technologie des ressorts ensach\u00e9s assure un soutien ind\u00e9pendant de chaque c\u00f4t\u00e9, \u00e9vitant ainsi la sensation de mouvement.<\/p>\n<p>Renouvelez d\u00e8s aujourd'hui la qualit\u00e9 de votre sommeil et r\u00e9veillez-vous chaque matin plein d'\u00e9nergie !<\/p>\n<p>&nbsp;<\/p>","protected":false},"excerpt":{"rendered":"<p><strong>DURETE :\u00a0 \u00a0 \u00a0 \u00a0<\/strong><img fetchpriority=\"high\" decoding=\"async\" class=\"alignnone wp-image-46937 size-medium\" src=\"https:\/\/superstrom.gr\/wp-content\/uploads\/2024\/12\/Gemma.svg\" alt=\"\" width=\"300\" height=\"300\" \/><\/p>\n<p><img decoding=\"async\" class=\"alignnone wp-image-48229 size-full\" src=\"https:\/\/superstrom.gr\/wp-content\/uploads\/2024\/12\/10year.png\" alt=\"\" width=\"103\" height=\"100\" srcset=\"https:\/\/superstrom.gr\/wp-content\/uploads\/2024\/12\/10year.png 103w, https:\/\/superstrom.gr\/wp-content\/uploads\/2024\/12\/10year-12x12.png 12w\" sizes=\"(max-width: 103px) 100vw, 103px\" \/>\u00a0 \u00a0 \u00a0<img decoding=\"async\" class=\"alignnone wp-image-48226 size-full\" src=\"https:\/\/superstrom.gr\/wp-content\/uploads\/2024\/12\/28-cm-final.png\" alt=\"\" width=\"193\" height=\"84\" srcset=\"https:\/\/superstrom.gr\/wp-content\/uploads\/2024\/12\/28-cm-final.png 193w, https:\/\/superstrom.gr\/wp-content\/uploads\/2024\/12\/28-cm-final-18x8.png 18w\" sizes=\"(max-width: 193px) 100vw, 193px\" \/><\/p>","protected":false},"featured_media":45394,"template":"","meta":{"_acf_changed":false,"inline_featured_image":false},"product_brand":[],"product_cat":[61,208],"product_tag":[],"class_list":{"0":"post-5221","1":"product","2":"type-product","3":"status-publish","4":"has-post-thumbnail","6":"product_cat-61","7":"product_cat-advanced","8":"pa_-253","10":"first","11":"instock","12":"shipping-taxable","13":"purchasable","14":"product-type-variable","15":"has-default-attributes"},"acf":[],"ct_brands":[],"meta_box":[],"_links":{"self":[{"href":"https:\/\/superstrom.gr\/fr\/wp-json\/wp\/v2\/product\/5221","targetHints":{"allow":["GET"]}}],"collection":[{"href":"https:\/\/superstrom.gr\/fr\/wp-json\/wp\/v2\/product"}],"about":[{"href":"https:\/\/superstrom.gr\/fr\/wp-json\/wp\/v2\/types\/product"}],"wp:featuredmedia":[{"embeddable":true,"href":"https:\/\/superstrom.gr\/fr\/wp-json\/wp\/v2\/media\/45394"}],"wp:attachment":[{"href":"https:\/\/superstrom.gr\/fr\/wp-json\/wp\/v2\/media?parent=5221"}],"wp:term":[{"taxonomy":"product_brand","embeddable":true,"href":"https:\/\/superstrom.gr\/fr\/wp-json\/wp\/v2\/product_brand?post=5221"},{"taxonomy":"product_cat","embeddable":true,"href":"https:\/\/superstrom.gr\/fr\/wp-json\/wp\/v2\/product_cat?post=5221"},{"taxonomy":"product_tag","embeddable":true,"href":"https:\/\/superstrom.gr\/fr\/wp-json\/wp\/v2\/product_tag?post=5221"}],"curies":[{"name":"wp","href":"https:\/\/api.w.org\/{rel}","templated":true}]}}