{"id":5223,"date":"2024-12-09T10:59:21","date_gmt":"2024-12-09T08:59:21","guid":{"rendered":"https:\/\/superstrom.gr\/?post_type=product&#038;p=5223"},"modified":"2026-03-24T10:52:38","modified_gmt":"2026-03-24T08:52:38","slug":"%cf%83%cf%84%cf%81%cf%8e%ce%bc%ce%b1-cameo","status":"publish","type":"product","link":"https:\/\/superstrom.gr\/fr\/produit\/%cf%83%cf%84%cf%81%cf%8e%ce%bc%ce%b1-cameo\/","title":{"rendered":"Matelas Cam\u00e9o"},"content":{"rendered":"<p>Le matelas Cameo de la <strong>Prime <\/strong>offre le nec plus ultra en mati\u00e8re de confort et de soutien pour un sommeil sain et r\u00e9parateur. Le syst\u00e8me avanc\u00e9 de ressorts ind\u00e9pendants \"pocket spring\" est au c\u0153ur du matelas, chaque ressort fonctionnant ind\u00e9pendamment et s'adaptant pr\u00e9cis\u00e9ment \u00e0 la forme et aux besoins de votre corps. Une sous-couche protectrice non tiss\u00e9e est disponible entre les ressorts, de sorte que le corps b\u00e9n\u00e9ficie d'un soutien id\u00e9al en tout point, tandis que la circulation de l'air reste libre, emp\u00eachant la chaleur et l'humidit\u00e9 de s'accumuler pendant le sommeil. Le mat\u00e9riau non tiss\u00e9 contribue \u00e0 la circulation de l'air, ce qui permet au matelas de rester frais et hygi\u00e9nique pendant longtemps.<br \/>\nL'une de ses principales caract\u00e9ristiques est la mousse haute densit\u00e9 qui offre un soutien suppl\u00e9mentaire, ce qui permet au matelas d'\u00eatre durable et confortable.<br \/>\nLa combinaison des mat\u00e9riaux \u00e9lastiques et de la mousse assure un soutien plus profond et un plus grand confort, offrant un sommeil ininterrompu et sans perturbation. Cette technologie r\u00e9duit l'engourdissement et la n\u00e9cessit\u00e9 de changer fr\u00e9quemment de position, cr\u00e9ant ainsi une sensation de bien-\u00eatre. <strong>\u00e9treinte<\/strong> qui vous permet de vous r\u00e9veiller frais et dispos !<br \/>\nLe matelas est \u00e9quip\u00e9 d'un rembourrage protecteur qui offre une protection suppl\u00e9mentaire contre les allerg\u00e8nes courants tels que la poussi\u00e8re et les acariens, tandis que le tissu trait\u00e9 \u00e0 l'Aloe Vera garantit douceur et fra\u00eecheur.  Le soutien p\u00e9rim\u00e9trique du matelas est \u00e9galement important, avec une solide latte en acier qui assure la stabilit\u00e9 n\u00e9cessaire et renforce la structure globale. Ce m\u00e9canisme de soutien garantit que le matelas reste en bon \u00e9tat et offre une stabilit\u00e9 dans toutes les positions, sans se d\u00e9former avec le temps.<br \/>\nIl est dot\u00e9 de poign\u00e9es pour faciliter le transport et d'\u00e9vents pour am\u00e9liorer sa durabilit\u00e9 \u00e0 long terme.<\/p>\n<p>&nbsp;<\/p>","protected":false},"excerpt":{"rendered":"<p><strong>DURETE :\u00a0 \u00a0 \u00a0 \u00a0<\/strong><img fetchpriority=\"high\" decoding=\"async\" class=\"alignnone wp-image-46943 size-medium\" src=\"https:\/\/superstrom.gr\/wp-content\/uploads\/2024\/12\/Cameo.svg\" alt=\"\" width=\"300\" height=\"300\" \/><\/p>\n<p><img decoding=\"async\" class=\"alignnone wp-image-48229 size-full\" src=\"https:\/\/superstrom.gr\/wp-content\/uploads\/2024\/12\/10year.png\" alt=\"\" width=\"103\" height=\"100\" srcset=\"https:\/\/superstrom.gr\/wp-content\/uploads\/2024\/12\/10year.png 103w, https:\/\/superstrom.gr\/wp-content\/uploads\/2024\/12\/10year-12x12.png 12w\" sizes=\"(max-width: 103px) 100vw, 103px\" \/>\u00a0 \u00a0 \u00a0<img decoding=\"async\" class=\"alignnone wp-image-48226 size-full\" src=\"https:\/\/superstrom.gr\/wp-content\/uploads\/2024\/12\/28-cm-final.png\" alt=\"\" width=\"193\" height=\"84\" srcset=\"https:\/\/superstrom.gr\/wp-content\/uploads\/2024\/12\/28-cm-final.png 193w, https:\/\/superstrom.gr\/wp-content\/uploads\/2024\/12\/28-cm-final-18x8.png 18w\" sizes=\"(max-width: 193px) 100vw, 193px\" \/><\/p>","protected":false},"featured_media":46994,"template":"","meta":{"_acf_changed":false,"inline_featured_image":false},"product_brand":[],"product_cat":[61,209],"product_tag":[232,218],"class_list":{"0":"post-5223","1":"product","2":"type-product","3":"status-publish","4":"has-post-thumbnail","6":"product_cat-61","7":"product_cat-prime","8":"product_tag-mattress","9":"product_tag-218","10":"pa_-252","12":"first","13":"instock","14":"shipping-taxable","15":"purchasable","16":"product-type-variable","17":"has-default-attributes"},"acf":[],"ct_brands":[],"meta_box":[],"_links":{"self":[{"href":"https:\/\/superstrom.gr\/fr\/wp-json\/wp\/v2\/product\/5223","targetHints":{"allow":["GET"]}}],"collection":[{"href":"https:\/\/superstrom.gr\/fr\/wp-json\/wp\/v2\/product"}],"about":[{"href":"https:\/\/superstrom.gr\/fr\/wp-json\/wp\/v2\/types\/product"}],"wp:featuredmedia":[{"embeddable":true,"href":"https:\/\/superstrom.gr\/fr\/wp-json\/wp\/v2\/media\/46994"}],"wp:attachment":[{"href":"https:\/\/superstrom.gr\/fr\/wp-json\/wp\/v2\/media?parent=5223"}],"wp:term":[{"taxonomy":"product_brand","embeddable":true,"href":"https:\/\/superstrom.gr\/fr\/wp-json\/wp\/v2\/product_brand?post=5223"},{"taxonomy":"product_cat","embeddable":true,"href":"https:\/\/superstrom.gr\/fr\/wp-json\/wp\/v2\/product_cat?post=5223"},{"taxonomy":"product_tag","embeddable":true,"href":"https:\/\/superstrom.gr\/fr\/wp-json\/wp\/v2\/product_tag?post=5223"}],"curies":[{"name":"wp","href":"https:\/\/api.w.org\/{rel}","templated":true}]}}