{"id":5226,"date":"2024-12-09T10:59:26","date_gmt":"2024-12-09T08:59:26","guid":{"rendered":"https:\/\/superstrom.gr\/?post_type=product&#038;p=5226"},"modified":"2026-03-24T10:50:52","modified_gmt":"2026-03-24T08:50:52","slug":"%cf%83%cf%84%cf%81%cf%8e%ce%bc%ce%b1-kristel","status":"publish","type":"product","link":"https:\/\/superstrom.gr\/fr\/produit\/%cf%83%cf%84%cf%81%cf%8e%ce%bc%ce%b1-kristel\/","title":{"rendered":"Matelas Kristel"},"content":{"rendered":"<div class=\"page\" title=\"Page 18\">\n<div class=\"layoutArea\">\n<div class=\"column\">\n<p>Le matelas Kristel de la<strong> Prime<\/strong> combine les derni\u00e8res technologies et les meilleurs mat\u00e9riaux pour offrir un excellent soutien et un grand confort.<br \/>\nIl est dot\u00e9 de \u201cressorts ensach\u00e9s\u201d ind\u00e9pendants, qui s'adaptent parfaitement \u00e0 votre corps, offrant un soutien personnalis\u00e9 et am\u00e9liorant la qualit\u00e9 de votre sommeil. La sous-couche protectrice non tiss\u00e9e assure la stabilit\u00e9 du matelas, tout en renfor\u00e7ant sa durabilit\u00e9 \u00e0 long terme, le gardant en parfait \u00e9tat pendant de nombreuses ann\u00e9es.<\/p>\n<p>Le support de lame p\u00e9riph\u00e9rique en acier offre une stabilit\u00e9 suppl\u00e9mentaire sur les bords, tandis que la mousse haute densit\u00e9 assure le soutien et le confort n\u00e9cessaires \u00e0 un sommeil anatomique. En outre, la mousse \u00e9lastique offre plus de confort et un soutien plus profond, pour un sommeil r\u00e9parateur.<\/p>\n<p>Le latex, mat\u00e9riau naturel hypoallerg\u00e9nique du 100%, am\u00e9liore l'\u00e9lasticit\u00e9 et assure une bonne ventilation du matelas, tout en contribuant \u00e0 maintenir un excellent soutien orthop\u00e9dique pour le corps. La ouate prot\u00e8ge le matelas des allerg\u00e8nes tels que la poussi\u00e8re et les acariens, pour un sommeil propre et sain.<\/p>\n<p>Le tissu ext\u00e9rieur trait\u00e9 \u00e0 l'Aloe Vera offre une fra\u00eecheur et une douceur accrues, tout en renfor\u00e7ant la sensation de propret\u00e9 et de bien-\u00eatre.<\/p>\n<p>D\u00e9couvrez le matelas qui r\u00e9unit tous les \u00e9l\u00e9ments essentiels pour un sommeil sain, rafra\u00eechissant et r\u00e9parateur !<br \/>\nIl est dot\u00e9 de poign\u00e9es pour faciliter le transport et d'\u00e9vents pour am\u00e9liorer sa durabilit\u00e9 \u00e0 long terme.<\/p>\n<p>&nbsp;<\/p>\n<\/div>\n<\/div>\n<\/div>","protected":false},"excerpt":{"rendered":"<p><strong>DURETE :\u00a0 \u00a0 \u00a0 \u00a0<\/strong><img fetchpriority=\"high\" decoding=\"async\" class=\"alignnone wp-image-46946 size-medium\" src=\"https:\/\/superstrom.gr\/wp-content\/uploads\/2024\/12\/Kristel.svg\" alt=\"\" width=\"300\" height=\"300\" \/><\/p>\n<p><img decoding=\"async\" class=\"alignnone wp-image-48229 size-full\" src=\"https:\/\/superstrom.gr\/wp-content\/uploads\/2024\/12\/10year.png\" alt=\"\" width=\"103\" height=\"100\" srcset=\"https:\/\/superstrom.gr\/wp-content\/uploads\/2024\/12\/10year.png 103w, https:\/\/superstrom.gr\/wp-content\/uploads\/2024\/12\/10year-12x12.png 12w\" sizes=\"(max-width: 103px) 100vw, 103px\" \/>\u00a0 \u00a0 \u00a0<img decoding=\"async\" class=\"alignnone wp-image-48226 size-full\" src=\"https:\/\/superstrom.gr\/wp-content\/uploads\/2024\/12\/28-cm-final.png\" alt=\"\" width=\"193\" height=\"84\" srcset=\"https:\/\/superstrom.gr\/wp-content\/uploads\/2024\/12\/28-cm-final.png 193w, https:\/\/superstrom.gr\/wp-content\/uploads\/2024\/12\/28-cm-final-18x8.png 18w\" sizes=\"(max-width: 193px) 100vw, 193px\" \/><\/p>","protected":false},"featured_media":45397,"template":"","meta":{"_acf_changed":false,"inline_featured_image":false},"product_brand":[],"product_cat":[209,61],"product_tag":[],"class_list":{"0":"post-5226","1":"product","2":"type-product","3":"status-publish","4":"has-post-thumbnail","6":"product_cat-prime","7":"product_cat-61","8":"pa_-253","10":"first","11":"instock","12":"shipping-taxable","13":"purchasable","14":"product-type-variable","15":"has-default-attributes"},"acf":[],"ct_brands":[],"meta_box":[],"_links":{"self":[{"href":"https:\/\/superstrom.gr\/fr\/wp-json\/wp\/v2\/product\/5226","targetHints":{"allow":["GET"]}}],"collection":[{"href":"https:\/\/superstrom.gr\/fr\/wp-json\/wp\/v2\/product"}],"about":[{"href":"https:\/\/superstrom.gr\/fr\/wp-json\/wp\/v2\/types\/product"}],"wp:featuredmedia":[{"embeddable":true,"href":"https:\/\/superstrom.gr\/fr\/wp-json\/wp\/v2\/media\/45397"}],"wp:attachment":[{"href":"https:\/\/superstrom.gr\/fr\/wp-json\/wp\/v2\/media?parent=5226"}],"wp:term":[{"taxonomy":"product_brand","embeddable":true,"href":"https:\/\/superstrom.gr\/fr\/wp-json\/wp\/v2\/product_brand?post=5226"},{"taxonomy":"product_cat","embeddable":true,"href":"https:\/\/superstrom.gr\/fr\/wp-json\/wp\/v2\/product_cat?post=5226"},{"taxonomy":"product_tag","embeddable":true,"href":"https:\/\/superstrom.gr\/fr\/wp-json\/wp\/v2\/product_tag?post=5226"}],"curies":[{"name":"wp","href":"https:\/\/api.w.org\/{rel}","templated":true}]}}