{"id":5230,"date":"2024-12-09T10:59:11","date_gmt":"2024-12-09T08:59:11","guid":{"rendered":"https:\/\/superstrom.gr\/?post_type=product&#038;p=5230"},"modified":"2026-03-24T11:09:45","modified_gmt":"2026-03-24T09:09:45","slug":"%cf%83%cf%84%cf%81%cf%8e%ce%bc%ce%b1-rubin","status":"publish","type":"product","link":"https:\/\/superstrom.gr\/fr\/produit\/%cf%83%cf%84%cf%81%cf%8e%ce%bc%ce%b1-rubin\/","title":{"rendered":"Couche de rubis"},"content":{"rendered":"<div class=\"page\" title=\"Page 22\">\n<div class=\"layoutArea\">\n<div class=\"column\">\n<p>D\u00e9couvrez le summum du confort et du soutien avec le matelas Rubin de <strong>De luxe<\/strong> con\u00e7ue pour offrir un soutien anatomique id\u00e9al au corps.<br \/>\nLe syst\u00e8me de ressorts \u00e0 deux couches assure un excellent soutien, tandis que la moquette cuite au four prot\u00e8ge les ressorts et augmente la dur\u00e9e de vie du matelas.<br \/>\nLa lame p\u00e9riph\u00e9rique en acier et la mousse haute densit\u00e9 assurent stabilit\u00e9 et durabilit\u00e9.<br \/>\nLe mat\u00e9riau en mousse \u00e9lastique offre une douceur et un confort accrus, tandis que la mousse \u00e0 m\u00e9moire de forme (Visco Elastic) permet au corps de rester dans une position anatomique correcte, offrant un soutien parfait de la colonne vert\u00e9brale.<br \/>\nLe rembourrage en coton \u00e9cologique 100% offre une \u00e9lasticit\u00e9 naturelle et am\u00e9liore la circulation a\u00e9robique du matelas, tandis que le mat\u00e9riau non tiss\u00e9 assure une bonne ventilation.<br \/>\nLe matelas est prot\u00e9g\u00e9 des allerg\u00e8nes courants, tels que la poussi\u00e8re et les acariens, pour un sommeil sain.<br \/>\nLe tissu extensible trait\u00e9 \u00e0 l'Aloe Vera offre une sensation de fra\u00eecheur et de confort, tandis que les poign\u00e9es d'a\u00e9ration ext\u00e9rieures assurent une excellente circulation de l'air.<\/p>\n<p>D'une \u00e9paisseur de 35 cm (+\/- 1), ce matelas allie qualit\u00e9 exceptionnelle et innovation pour un sommeil paisible et r\u00e9parateur.<\/p>\n<\/div>\n<div class=\"column\">\n<p>&nbsp;<\/p>\n<\/div>\n<\/div>\n<\/div>","protected":false},"excerpt":{"rendered":"<div class=\"column\">\n<p><strong>DURETE :\u00a0 \u00a0 \u00a0 \u00a0<\/strong><img fetchpriority=\"high\" decoding=\"async\" class=\"alignnone wp-image-46936 size-medium\" src=\"https:\/\/superstrom.gr\/wp-content\/uploads\/2024\/12\/Rubin.svg\" alt=\"\" width=\"300\" height=\"300\" \/><\/p>\n<p><img decoding=\"async\" class=\"alignnone wp-image-48229 size-full\" src=\"https:\/\/superstrom.gr\/wp-content\/uploads\/2024\/12\/10year.png\" alt=\"\" width=\"103\" height=\"100\" srcset=\"https:\/\/superstrom.gr\/wp-content\/uploads\/2024\/12\/10year.png 103w, https:\/\/superstrom.gr\/wp-content\/uploads\/2024\/12\/10year-12x12.png 12w\" sizes=\"(max-width: 103px) 100vw, 103px\" \/>\u00a0 \u00a0 \u00a0<img decoding=\"async\" class=\"alignnone wp-image-48224 size-full\" src=\"https:\/\/superstrom.gr\/wp-content\/uploads\/2024\/12\/35-cm-final.png\" alt=\"\" width=\"192\" height=\"84\" srcset=\"https:\/\/superstrom.gr\/wp-content\/uploads\/2024\/12\/35-cm-final.png 192w, https:\/\/superstrom.gr\/wp-content\/uploads\/2024\/12\/35-cm-final-18x8.png 18w\" sizes=\"(max-width: 192px) 100vw, 192px\" \/><\/p>\n<\/div>","protected":false},"featured_media":38680,"template":"","meta":{"_acf_changed":false,"inline_featured_image":false},"product_brand":[],"product_cat":[210,61],"product_tag":[],"class_list":{"0":"post-5230","1":"product","2":"type-product","3":"status-publish","4":"has-post-thumbnail","6":"product_cat-deluxe","7":"product_cat-61","8":"pa_-252","10":"first","11":"instock","12":"shipping-taxable","13":"purchasable","14":"product-type-variable","15":"has-default-attributes"},"acf":[],"ct_brands":[],"meta_box":[],"_links":{"self":[{"href":"https:\/\/superstrom.gr\/fr\/wp-json\/wp\/v2\/product\/5230","targetHints":{"allow":["GET"]}}],"collection":[{"href":"https:\/\/superstrom.gr\/fr\/wp-json\/wp\/v2\/product"}],"about":[{"href":"https:\/\/superstrom.gr\/fr\/wp-json\/wp\/v2\/types\/product"}],"wp:featuredmedia":[{"embeddable":true,"href":"https:\/\/superstrom.gr\/fr\/wp-json\/wp\/v2\/media\/38680"}],"wp:attachment":[{"href":"https:\/\/superstrom.gr\/fr\/wp-json\/wp\/v2\/media?parent=5230"}],"wp:term":[{"taxonomy":"product_brand","embeddable":true,"href":"https:\/\/superstrom.gr\/fr\/wp-json\/wp\/v2\/product_brand?post=5230"},{"taxonomy":"product_cat","embeddable":true,"href":"https:\/\/superstrom.gr\/fr\/wp-json\/wp\/v2\/product_cat?post=5230"},{"taxonomy":"product_tag","embeddable":true,"href":"https:\/\/superstrom.gr\/fr\/wp-json\/wp\/v2\/product_tag?post=5230"}],"curies":[{"name":"wp","href":"https:\/\/api.w.org\/{rel}","templated":true}]}}