{"id":5232,"date":"2024-12-09T10:59:33","date_gmt":"2024-12-09T08:59:33","guid":{"rendered":"https:\/\/superstrom.gr\/?post_type=product&#038;p=5232"},"modified":"2026-03-04T15:17:57","modified_gmt":"2026-03-04T13:17:57","slug":"%ce%b1%ce%bd%cf%8e%cf%83%cf%84%cf%81%cf%89%ce%bc%ce%b1-eri-memory","status":"publish","type":"product","link":"https:\/\/superstrom.gr\/fr\/produit\/%ce%b1%ce%bd%cf%8e%cf%83%cf%84%cf%81%cf%89%ce%bc%ce%b1-eri-memory\/","title":{"rendered":"Pont sup\u00e9rieur de la m\u00e9moire d'Eri"},"content":{"rendered":"<p>Il se compose de mousse \u00e0 m\u00e9moire de forme \u00e9lastique qui s'adapte \u00e0 la forme et \u00e0 la posture exactes du corps, offrant au dos, \u00e0 la nuque, aux \u00e9paules et aux jambes le soutien dont ils ont besoin.<\/p>\n<p>Tissu : Aloe vera \u00e9lastique matelass\u00e9 avec de l'ouate de polyester qui agit comme un filtre de ventilation sp\u00e9cial et ne laisse pas s'\u00e9chapper les peluches.<br \/>\nCaoutchoucs pour un ajustement correct.<\/p>\n<p>Epaisseur de la surface : +\/- 7cm<\/p>","protected":false},"excerpt":{"rendered":"<p>\u0391\u03c0\u03bf\u03c4\u03b5\u03bb\u03b5\u03af\u03c4\u03b1\u03b9 \u03b1\u03c0\u03cc elastic memory foam \u03c0\u03bf\u03c5 \u03c0\u03c1\u03bf\u03c3\u03b1\u03c1\u03bc\u03cc\u03b6\u03b5\u03c4\u03b1\u03b9 \u03c3\u03c4\u03bf \u03b1\u03ba\u03c1\u03b9\u03b2\u03b5\u0301\u03c2 \u03c3\u03c7\u03b7\u0301\u03bc\u03b1 \u03ba\u03b1\u03b9 \u03c4\u03b7\u03bd \u03c3\u03c4\u03b1\u0301\u03c3\u03b7 \u03c4\u03bf\u03c5 \u03c3\u03c9\u0301\u03bc\u03b1\u03c4\u03bf\u03c2, \u03c0\u03c1\u03bf\u03c3\u03c6\u03b5\u0301\u03c1\u03bf\u03bd\u03c4\u03b1\u03c2 \u03c3\u03c4\u03b7\u03bd \u03c0\u03bb\u03b1\u0301\u03c4\u03b7, \u03c4\u03bf\u03bd \u03b1\u03c5\u03c7\u03b5\u0301\u03bd\u03b1, \u03c4\u03bf\u03c5\u03c2 \u03c9\u0301\u03bc\u03bf\u03c5\u03c2 \u03ba\u03b1\u03b9 \u03c4\u03b1 \u03c0\u03bf\u0301\u03b4\u03b9\u03b1 \u03c4\u03b7 \u03c3\u03c4\u03b7\u0301\u03c1\u03b9\u03be\u03b7 \u03c0\u03bf\u03c5 \u03c7\u03c1\u03b5\u03b9\u03b1\u0301\u03b6\u03bf\u03bd\u03c4\u03b1\u03b9. \u038e\u03c6\u03b1\u03c3\u03bc\u03b1: \u0395\u03bb\u03b1\u03c3\u03c4\u03b9\u03ba\u03cc aloe vera \u03ba\u03b1\u03c0\u03b9\u03c4\u03bf\u03bd\u03ad \u03bc\u03b5 \u03c0\u03bf\u03bb\u03c5\u03b5\u03c3\u03c4\u03b5\u03c1\u03b9\u03ba\u03ae \u03b2\u03ac\u03c4\u03b1 \u03c0\u03bf\u03c5 \u03bb\u03b5\u03b9\u03c4\u03bf\u03c5\u03c1\u03b3\u03b5\u03af \u03c3\u03b1\u03bd \u03b5\u03b9\u03b4\u03b9\u03ba\u03cc \u03c6\u03af\u03bb\u03c4\u03c1\u03bf \u03b5\u03be\u03b1\u03b5\u03c1\u03b9\u03c3\u03bc\u03bf\u03cd \u03ba\u03b1\u03b9 \u03b4\u03b5\u03bd \u03b5\u03c0\u03b9\u03c4\u03c1\u03ad\u03c0\u03b5\u03b9 \u03c4\u03b7\u03bd \u03ad\u03be\u03bf\u03b4\u03bf \u03c3\u03c4\u03bf \u03c7\u03bd\u03bf\u03cd\u03b4\u03b9. \u039b\u03ac\u03c3\u03c4\u03b9\u03c7\u03b1 \u03b3\u03b9\u03b1 \u03c3\u03c9\u03c3\u03c4\u03ae \u03b5\u03c6\u03b1\u03c1\u03bc\u03bf\u03b3\u03ae. \u03a0\u03ac\u03c7\u03bf\u03c2 [&hellip;]<\/p>\n","protected":false},"featured_media":46577,"template":"","meta":{"_acf_changed":false,"inline_featured_image":false},"product_brand":[],"product_cat":[193],"product_tag":[223,229,228],"class_list":{"0":"post-5232","1":"product","2":"type-product","3":"status-publish","4":"has-post-thumbnail","6":"product_cat-193","7":"product_tag-memory-foam","8":"product_tag-topper","9":"product_tag-228","11":"first","12":"instock","13":"shipping-taxable","14":"purchasable","15":"product-type-variable","16":"has-default-attributes"},"acf":[],"ct_brands":[],"meta_box":[],"_links":{"self":[{"href":"https:\/\/superstrom.gr\/fr\/wp-json\/wp\/v2\/product\/5232","targetHints":{"allow":["GET"]}}],"collection":[{"href":"https:\/\/superstrom.gr\/fr\/wp-json\/wp\/v2\/product"}],"about":[{"href":"https:\/\/superstrom.gr\/fr\/wp-json\/wp\/v2\/types\/product"}],"wp:featuredmedia":[{"embeddable":true,"href":"https:\/\/superstrom.gr\/fr\/wp-json\/wp\/v2\/media\/46577"}],"wp:attachment":[{"href":"https:\/\/superstrom.gr\/fr\/wp-json\/wp\/v2\/media?parent=5232"}],"wp:term":[{"taxonomy":"product_brand","embeddable":true,"href":"https:\/\/superstrom.gr\/fr\/wp-json\/wp\/v2\/product_brand?post=5232"},{"taxonomy":"product_cat","embeddable":true,"href":"https:\/\/superstrom.gr\/fr\/wp-json\/wp\/v2\/product_cat?post=5232"},{"taxonomy":"product_tag","embeddable":true,"href":"https:\/\/superstrom.gr\/fr\/wp-json\/wp\/v2\/product_tag?post=5232"}],"curies":[{"name":"wp","href":"https:\/\/api.w.org\/{rel}","templated":true}]}}