{"id":5243,"date":"2024-12-09T10:59:15","date_gmt":"2024-12-09T08:59:15","guid":{"rendered":"https:\/\/superstrom.gr\/?post_type=product&#038;p=5243"},"modified":"2026-01-20T11:53:32","modified_gmt":"2026-01-20T09:53:32","slug":"%ce%ba%cf%81%ce%b5%ce%b2%ce%ac%cf%84%ce%b9-%ce%bc%ce%b5-%ce%bc%ce%b7%cf%87%ce%b1%ce%bd%ce%b9%cf%83%ce%bc%cf%8c-lapis","status":"publish","type":"product","link":"https:\/\/superstrom.gr\/fr\/produit\/%ce%ba%cf%81%ce%b5%ce%b2%ce%ac%cf%84%ce%b9-%ce%bc%ce%b5-%ce%bc%ce%b7%cf%87%ce%b1%ce%bd%ce%b9%cf%83%ce%bc%cf%8c-lapis\/","title":{"rendered":"\u039a\u03c1\u03b5\u03b2\u03ac\u03c4\u03b9 \u03bc\u03b5 \u039c\u03b7\u03c7\u03b1\u03bd\u03b9\u03c3\u03bc\u03cc Lapis"},"content":{"rendered":"<p>Lit avec m\u00e9canisme Lapis<\/p>\n<p>L'ensemble comprend un sommier avec t\u00eate de lit recouvert d'un tissu de haute qualit\u00e9 et inclut un matelas Festos au prix indiqu\u00e9.<br \/>\n\u039a\u03ac\u03b8\u03b5 \u03c3\u03c7\u03ad\u03b4\u03b9\u03bf \u03b5\u03af\u03bd\u03b1\u03b9 \u03c7\u03b5\u03b9\u03c1\u03bf\u03c0\u03bf\u03af\u03b7\u03c4\u03bf, \u03bc\u03b5 \u03ad\u03bc\u03c6\u03b1\u03c3\u03b7 \u03c3\u03c4\u03b7 \u03bb\u03b5\u03c0\u03c4\u03bf\u03bc\u03ad\u03c1\u03b5\u03b9\u03b1 \u03ba\u03b1\u03b9 \u03b4\u03b9\u03b1\u03c4\u03af\u03b8\u03b5\u03c4\u03b1\u03b9 \u03c3\u03b5 \u03bc\u03b5\u03b3\u03ac\u03bb\u03b7 \u03c0\u03bf\u03b9\u03ba\u03b9\u03bb\u03af\u03b1 \u03c5\u03c6\u03b1\u03c3\u03bc\u03ac\u03c4\u03c9\u03bd \u03ba\u03b1\u03b9 \u03c7\u03c1\u03c9\u03bc\u03ac\u03c4\u03c9\u03bd \u03ce\u03c3\u03c4\u03b5 \u03bd\u03b1 \u03c0\u03c1\u03bf\u03c3\u03b1\u03c1\u03bc\u03cc\u03b6\u03b5\u03c4\u03b1\u03b9 \u03c3\u03c4\u03bf\u03bd \u03c0\u03c1\u03bf\u03c3\u03c9\u03c0\u03b9\u03ba\u03cc \u03c3\u03b1\u03c2 \u03c7\u03ce\u03c1\u03bf \u03ba\u03b1\u03b9 \u03c3\u03c4\u03c5\u03bb.<\/p>\n<div class=\"grid grid-cols-1 mb-4 xl:grid-cols-7 xl:mb-12\">\n<p class=\"pb-3 text-xl xl:col-span-3 text-primary xl:pr-16\">\u03a3\u03c4\u03b7 Super Strom, \u03b3\u03bd\u03c9\u03c1\u03af\u03b6\u03bf\u03c5\u03bc\u03b5 \u03ba\u03b1\u03bb\u03ac \u03c4\u03b9 \u03c3\u03b7\u03bc\u03b1\u03af\u03bd\u03b5\u03b9 \u03ad\u03bd\u03b1\u03c2 \u03ba\u03b1\u03bb\u03cc\u03c2 \u03cd\u03c0\u03bd\u03bf\u03c2. \u03a4\u03b1 \u03ba\u03c1\u03b5\u03b2\u03ac\u03c4\u03b9\u03b1 \u03bc\u03b1\u03c2 \u03c3\u03c5\u03bd\u03b4\u03c5\u03ac\u03b6\u03bf\u03c5\u03bd \u03ac\u03bd\u03b5\u03c3\u03b7, \u03c0\u03bf\u03b9\u03cc\u03c4\u03b7\u03c4\u03b1 \u03b1\u03c0\u03bf\u03c4\u03b5\u03bb\u03ce\u03bd\u03c4\u03b1\u03c2 \u03bc\u03b9\u03b1 \u03b1\u03be\u03b9\u03cc\u03c0\u03b9\u03c3\u03c4\u03b7 \u03b5\u03c0\u03b9\u03bb\u03bf\u03b3\u03ae \u03b3\u03b9\u03b1 \u03ba\u03b1\u03b8\u03b7\u03bc\u03b5\u03c1\u03b9\u03bd\u03ae \u03c7\u03c1\u03ae\u03c3\u03b7.<\/p>\n<\/div>\n<p>\u0393\u03b9\u03b1 \u03c0\u03b5\u03c1\u03b9\u03c3\u03c3\u03cc\u03c4\u03b5\u03c1\u03b5\u03c2 \u03b4\u03b9\u03b1\u03c3\u03c4\u03ac\u03c3\u03b5\u03b9\u03c2 \u03ba\u03b1\u03b9 \u03c0\u03bb\u03b7\u03c1\u03bf\u03c6\u03bf\u03c1\u03af\u03b5\u03c2 \u03c0\u03b1\u03c1\u03b1\u03ba\u03b1\u03bb\u03ce \u03b5\u03c0\u03b9\u03ba\u03bf\u03b9\u03bd\u03c9\u03bd\u03ae\u03c3\u03c4\u03b5 \u03bc\u03b1\u03b6\u03af \u03bc\u03b1\u03c2.<\/p>\n<p>&nbsp;<\/p>","protected":false},"excerpt":{"rendered":"<p>\u039a\u03c1\u03b5\u03b2\u03ac\u03c4\u03b9 \u039c\u03b5 \u039c\u03b7\u03c7\u03b1\u03bd\u03b9\u03c3\u03bc\u03cc Lapis \u03a4\u03bf \u03c3\u03b5\u03c4 \u03c0\u03b5\u03c1\u03b9\u03bb\u03b1\u03bc\u03b2\u03ac\u03bd\u03b5\u03b9 \u03b2\u03ac\u03c3\u03b7 \u03ba\u03c1\u03b5\u03b2\u03b1\u03c4\u03b9\u03bf\u03cd \u03bc\u03b5 \u03ba\u03b5\u03c6\u03b1\u03bb\u03ac\u03c1\u03b9 \u03b5\u03c0\u03b5\u03bd\u03b4\u03c5\u03bc\u03ad\u03bd\u03b1 \u03bc\u03b5 \u03c5\u03c8\u03b7\u03bb\u03ae\u03c2 \u03c0\u03bf\u03b9\u03cc\u03c4\u03b7\u03c4\u03b1\u03c2 \u03cd\u03c6\u03b1\u03c3\u03bc\u03b1 \u03ba\u03b1\u03b8\u03ce\u03c2 \u03b5\u03bc\u03c0\u03b5\u03c1\u03b9\u03ad\u03c7\u03b5\u03b9 \u03ba\u03b1\u03b9 \u03c3\u03c4\u03c1\u03ce\u03bc\u03b1 Festos \u03c3\u03c4\u03b7\u03bd \u03b1\u03bd\u03b1\u03b3\u03c1\u03b1\u03c6\u03cc\u03bc\u03b5\u03bd\u03b7 \u03c4\u03b9\u03bc\u03ae. \u039a\u03ac\u03b8\u03b5 \u03c3\u03c7\u03ad\u03b4\u03b9\u03bf \u03b5\u03af\u03bd\u03b1\u03b9 \u03c7\u03b5\u03b9\u03c1\u03bf\u03c0\u03bf\u03af\u03b7\u03c4\u03bf, \u03bc\u03b5 \u03ad\u03bc\u03c6\u03b1\u03c3\u03b7 \u03c3\u03c4\u03b7 \u03bb\u03b5\u03c0\u03c4\u03bf\u03bc\u03ad\u03c1\u03b5\u03b9\u03b1 \u03ba\u03b1\u03b9 \u03b4\u03b9\u03b1\u03c4\u03af\u03b8\u03b5\u03c4\u03b1\u03b9 \u03c3\u03b5 \u03bc\u03b5\u03b3\u03ac\u03bb\u03b7 \u03c0\u03bf\u03b9\u03ba\u03b9\u03bb\u03af\u03b1 \u03c5\u03c6\u03b1\u03c3\u03bc\u03ac\u03c4\u03c9\u03bd \u03ba\u03b1\u03b9 \u03c7\u03c1\u03c9\u03bc\u03ac\u03c4\u03c9\u03bd \u03ce\u03c3\u03c4\u03b5 \u03bd\u03b1 \u03c0\u03c1\u03bf\u03c3\u03b1\u03c1\u03bc\u03cc\u03b6\u03b5\u03c4\u03b1\u03b9 \u03c3\u03c4\u03bf\u03bd \u03c0\u03c1\u03bf\u03c3\u03c9\u03c0\u03b9\u03ba\u03cc \u03c3\u03b1\u03c2 \u03c7\u03ce\u03c1\u03bf \u03ba\u03b1\u03b9 \u03c3\u03c4\u03c5\u03bb. \u03a3\u03c4\u03b7 Super Strom, \u03b3\u03bd\u03c9\u03c1\u03af\u03b6\u03bf\u03c5\u03bc\u03b5 \u03ba\u03b1\u03bb\u03ac \u03c4\u03b9 [&hellip;]<\/p>\n","protected":false},"featured_media":45398,"template":"","meta":{"_acf_changed":false,"inline_featured_image":false},"product_brand":[],"product_cat":[37],"product_tag":[328,329],"class_list":{"0":"post-5243","1":"product","2":"type-product","3":"status-publish","4":"has-post-thumbnail","6":"product_cat-37","7":"product_tag-328","8":"product_tag-329","10":"first","11":"instock","12":"shipping-taxable","13":"purchasable","14":"product-type-variable","15":"has-default-attributes"},"acf":[],"ct_brands":[],"meta_box":[],"_links":{"self":[{"href":"https:\/\/superstrom.gr\/fr\/wp-json\/wp\/v2\/product\/5243","targetHints":{"allow":["GET"]}}],"collection":[{"href":"https:\/\/superstrom.gr\/fr\/wp-json\/wp\/v2\/product"}],"about":[{"href":"https:\/\/superstrom.gr\/fr\/wp-json\/wp\/v2\/types\/product"}],"wp:featuredmedia":[{"embeddable":true,"href":"https:\/\/superstrom.gr\/fr\/wp-json\/wp\/v2\/media\/45398"}],"wp:attachment":[{"href":"https:\/\/superstrom.gr\/fr\/wp-json\/wp\/v2\/media?parent=5243"}],"wp:term":[{"taxonomy":"product_brand","embeddable":true,"href":"https:\/\/superstrom.gr\/fr\/wp-json\/wp\/v2\/product_brand?post=5243"},{"taxonomy":"product_cat","embeddable":true,"href":"https:\/\/superstrom.gr\/fr\/wp-json\/wp\/v2\/product_cat?post=5243"},{"taxonomy":"product_tag","embeddable":true,"href":"https:\/\/superstrom.gr\/fr\/wp-json\/wp\/v2\/product_tag?post=5243"}],"curies":[{"name":"wp","href":"https:\/\/api.w.org\/{rel}","templated":true}]}}